{"id":4887,"date":"2026-04-01T07:36:14","date_gmt":"2026-04-01T10:36:14","guid":{"rendered":"https:\/\/ens7-caba.infd.edu.ar\/sitio\/?page_id=4887"},"modified":"2026-04-05T20:09:52","modified_gmt":"2026-04-05T23:09:52","slug":"programas-4o-ano-2026","status":"publish","type":"page","link":"https:\/\/ens7-caba.infd.edu.ar\/sitio\/programas-4o-ano-2026\/","title":{"rendered":"Programas 4\u00ba A\u00f1o 2026"},"content":{"rendered":"\n<figure class=\"wp-block-table\"><table><tbody><tr><td><strong>4\u00ba 1\u00ba&nbsp;<\/strong><\/td><td><strong>4\u00ba 2\u00ba<\/strong><\/td><td><strong>4\u00ba 3\u00ba<\/strong><\/td><td><strong>4\u00ba 4\u00ba<\/strong><\/td><\/tr><tr><td><a href=\"https:\/\/ens7-caba.infd.edu.ar\/aula\/archivos\/repositorio\/\/5750\/5921\/2026_41424344-_MATEMATICA_ENS_7.doc_2.pdf\" target=\"_blank\" rel=\"noreferrer noopener\">Matem\u00e1tica<\/a><\/td><td><a href=\"https:\/\/ens7-caba.infd.edu.ar\/aula\/archivos\/repositorio\/\/5750\/5921\/2026_41424344-_MATEMATICA_ENS_7.doc_2.pdf\" target=\"_blank\" rel=\"noreferrer noopener\">Matem\u00e1tica<\/a><\/td><td><a href=\"https:\/\/ens7-caba.infd.edu.ar\/aula\/archivos\/repositorio\/\/5750\/5921\/2026_41424344-_MATEMATICA_ENS_7.doc_2.pdf\" target=\"_blank\" rel=\"noreferrer noopener\">Matem\u00e1tica<\/a><\/td><td><a href=\"https:\/\/ens7-caba.infd.edu.ar\/aula\/archivos\/repositorio\/\/5750\/5921\/2026_41424344-_MATEMATICA_ENS_7.doc_2.pdf\" target=\"_blank\" rel=\"noreferrer noopener\">Matem\u00e1tica<\/a><\/td><\/tr><tr><td><a href=\"https:\/\/ens7-caba.infd.edu.ar\/aula\/archivos\/repositorio\/\/5750\/5952\/Lengua_y_Literatura_4.pdf\" target=\"_blank\" rel=\"noreferrer noopener\">Lengua y Literatura<\/a><\/td><td><a href=\"https:\/\/ens7-caba.infd.edu.ar\/aula\/archivos\/repositorio\/\/5750\/5952\/Lengua_y_Literatura_4.pdf\" target=\"_blank\" rel=\"noreferrer noopener\">Lengua y Literatura<\/a><\/td><td><a href=\"https:\/\/ens7-caba.infd.edu.ar\/aula\/archivos\/repositorio\/\/5750\/5952\/Lengua_y_Literatura_4.pdf\" target=\"_blank\" rel=\"noreferrer noopener\">Lengua&nbsp;y Literatura<\/a><\/td><td><a href=\"https:\/\/ens7-caba.infd.edu.ar\/aula\/archivos\/repositorio\/\/5750\/5952\/Lengua_y_Literatura_4.pdf\" target=\"_blank\" rel=\"noreferrer noopener\">Lengua&nbsp;y Literatura<\/a><\/td><\/tr><tr><td><a href=\"https:\/\/ens7-caba.infd.edu.ar\/aula\/archivos\/repositorio\/\/5750\/5957\/FRANCES_4.pdf\" target=\"_blank\" rel=\"noreferrer noopener\">Franc\u00e9s<\/a>\/<a href=\"https:\/\/ens7-caba.infd.edu.ar\/aula\/archivos\/repositorio\/\/5750\/5959\/Ingles_4.docx.pdf\" target=\"_blank\" rel=\"noreferrer noopener\">Ingl\u00e9s<\/a><\/td><td><a href=\"https:\/\/ens7-caba.infd.edu.ar\/aula\/archivos\/repositorio\/\/5750\/5957\/FRANCES_4.pdf\" target=\"_blank\" rel=\"noreferrer noopener\">Franc\u00e9s<\/a>\/<a href=\"https:\/\/ens7-caba.infd.edu.ar\/aula\/archivos\/repositorio\/\/5750\/5959\/Ingles_4.docx.pdf\" target=\"_blank\" rel=\"noreferrer noopener\">Ingl\u00e9s<\/a><\/td><td><a href=\"https:\/\/ens7-caba.infd.edu.ar\/aula\/archivos\/repositorio\/\/5750\/5957\/FRANCES_4.pdf\" target=\"_blank\" rel=\"noreferrer noopener\">Franc\u00e9s<\/a>\/<a href=\"https:\/\/ens7-caba.infd.edu.ar\/aula\/archivos\/repositorio\/\/5750\/5959\/Ingles_4.docx.pdf\" target=\"_blank\" rel=\"noreferrer noopener\">Ingl\u00e9s<\/a><\/td><td><a href=\"https:\/\/ens7-caba.infd.edu.ar\/aula\/archivos\/repositorio\/\/5750\/5959\/Ingles_4.docx.pdf\" target=\"_blank\" rel=\"noreferrer noopener\">Ingl\u00e9s<\/a><\/td><\/tr><tr><td><a href=\"https:\/\/ens7-caba.infd.edu.ar\/aula\/archivos\/repositorio\/\/5750\/5927\/4_3-4_4_Fisica_2026.pdf\" target=\"_blank\" rel=\"noreferrer noopener\">F\u00edsica<\/a><\/td><td><a href=\"https:\/\/ens7-caba.infd.edu.ar\/aula\/archivos\/repositorio\/\/5750\/5927\/4_3-4_4_Fisica_2026.pdf\" target=\"_blank\" rel=\"noreferrer noopener\">F\u00edsica<\/a><\/td><td><a href=\"https:\/\/ens7-caba.infd.edu.ar\/aula\/archivos\/repositorio\/\/5750\/5927\/4_3-4_4_Fisica_2026.pdf\" target=\"_blank\" rel=\"noreferrer noopener\">F\u00edsica<\/a><\/td><td><a href=\"https:\/\/ens7-caba.infd.edu.ar\/aula\/archivos\/repositorio\/\/5750\/5927\/4_3-4_4_Fisica_2026.pdf\" target=\"_blank\" rel=\"noreferrer noopener\">F\u00edsica<\/a><\/td><\/tr><tr><td><a href=\"https:\/\/ens7-caba.infd.edu.ar\/aula\/archivos\/repositorio\/\/5750\/5931\/Programa_4_Historia_2026_41_y_43.pdf\" target=\"_blank\" rel=\"noreferrer noopener\">Historia<\/a><\/td><td>Historia<\/td><td><a href=\"https:\/\/ens7-caba.infd.edu.ar\/aula\/archivos\/repositorio\/\/5750\/5931\/Programa_4_Historia_2026_41_y_43.pdf\" target=\"_blank\" rel=\"noreferrer noopener\">Historia<\/a><\/td><td>Historia<\/td><\/tr><tr><td><a href=\"https:\/\/ens7-caba.infd.edu.ar\/aula\/archivos\/repositorio\/\/5750\/5954\/GEOGRAFIA_4.pdf\" target=\"_blank\" rel=\"noreferrer noopener\">Geograf\u00eda<\/a><\/td><td><a href=\"https:\/\/ens7-caba.infd.edu.ar\/aula\/archivos\/repositorio\/\/5750\/5954\/GEOGRAFIA_4.pdf\" target=\"_blank\" rel=\"noreferrer noopener\">Geograf\u00eda<\/a><\/td><td><a href=\"https:\/\/ens7-caba.infd.edu.ar\/aula\/archivos\/repositorio\/\/5750\/5954\/GEOGRAFIA_4.pdf\" target=\"_blank\" rel=\"noreferrer noopener\">Geograf\u00eda<\/a><\/td><td><a href=\"https:\/\/ens7-caba.infd.edu.ar\/aula\/archivos\/repositorio\/\/5750\/5954\/GEOGRAFIA_4.pdf\" target=\"_blank\" rel=\"noreferrer noopener\">Geograf\u00eda<\/a><\/td><\/tr><tr><td><a href=\"https:\/\/ens7-caba.infd.edu.ar\/aula\/archivos\/repositorio\/\/5750\/5958\/Formacion_Etica_Ciudadana_.pdf\" target=\"_blank\" rel=\"noreferrer noopener\">Formaci\u00f3n \u00c9tica y Ciudadana<\/a><\/td><td><a href=\"https:\/\/ens7-caba.infd.edu.ar\/aula\/archivos\/repositorio\/\/5750\/5958\/Formacion_Etica_Ciudadana_.pdf\" target=\"_blank\" rel=\"noreferrer noopener\">Formaci\u00f3n \u00c9tica y Ciudadana<\/a><\/td><td><a href=\"https:\/\/ens7-caba.infd.edu.ar\/aula\/archivos\/repositorio\/\/5750\/5958\/Formacion_Etica_Ciudadana_.pdf\" target=\"_blank\" rel=\"noreferrer noopener\">Formaci\u00f3n \u00c9tica y Ciudadana<\/a><\/td><td><a href=\"https:\/\/ens7-caba.infd.edu.ar\/aula\/archivos\/repositorio\/\/5750\/5958\/Formacion_Etica_Ciudadana_.pdf\" target=\"_blank\" rel=\"noreferrer noopener\">Formaci\u00f3n \u00c9tica y Ciudadana<\/a><\/td><\/tr><tr><td><a href=\"https:\/\/ens7-caba.infd.edu.ar\/aula\/archivos\/repositorio\/\/5750\/5920\/43_44_tec_de_la_informacion_2026.pdf\" target=\"_blank\" rel=\"noreferrer noopener\">Tecnolog\u00edas de la Informaci\u00f3n<\/a><\/td><td><a href=\"https:\/\/ens7-caba.infd.edu.ar\/aula\/archivos\/repositorio\/\/5750\/5920\/43_44_tec_de_la_informacion_2026.pdf\" target=\"_blank\" rel=\"noreferrer noopener\">Tecnolog\u00edas de la Informaci\u00f3n<\/a><\/td><td><a href=\"https:\/\/ens7-caba.infd.edu.ar\/aula\/archivos\/repositorio\/\/5750\/5920\/43_44_tec_de_la_informacion_2026.pdf\" target=\"_blank\" rel=\"noreferrer noopener\">Tecnolog\u00edas de la informaci\u00f3n<\/a><\/td><td><a href=\"https:\/\/ens7-caba.infd.edu.ar\/aula\/archivos\/repositorio\/\/5750\/5920\/43_44_tec_de_la_informacion_2026.pdf\" target=\"_blank\" rel=\"noreferrer noopener\">Tecnolog\u00edas de la Informaci\u00f3n<\/a><\/td><\/tr><tr><td><a href=\"https:\/\/ens7-caba.infd.edu.ar\/aula\/archivos\/repositorio\/\/5750\/5932\/Musica_4_an_o.pdf\" target=\"_blank\" rel=\"noreferrer noopener\">Artes M\u00fasica<\/a><\/td><td><a href=\"https:\/\/ens7-caba.infd.edu.ar\/aula\/archivos\/repositorio\/\/5750\/5932\/Musica_4_an_o.pdf\" target=\"_blank\" rel=\"noreferrer noopener\">Artes M\u00fasica<\/a><\/td><td><a href=\"https:\/\/ens7-caba.infd.edu.ar\/aula\/archivos\/repositorio\/\/5750\/5932\/Musica_4_an_o.pdf\" target=\"_blank\" rel=\"noreferrer noopener\">Artes M\u00fasica<\/a><\/td><td><a href=\"https:\/\/ens7-caba.infd.edu.ar\/aula\/archivos\/repositorio\/\/5750\/5932\/Musica_4_an_o.pdf\" target=\"_blank\" rel=\"noreferrer noopener\">Artes M\u00fasica<\/a><\/td><\/tr><tr><td>Artes Visuales<\/td><td>Artes Visuales<\/td><td>Artes Visuales<\/td><td>Artes Visuales<\/td><\/tr><tr><td>EDI<\/td><td>EDI<\/td><td>EDI<\/td><td>EDI<\/td><\/tr><tr><td><a href=\"https:\/\/ens7-caba.infd.edu.ar\/aula\/archivos\/repositorio\/\/5750\/5968\/4tos_Ed._Fisica.pdf\" target=\"_blank\" rel=\"noreferrer noopener\">Ed. F\u00edsica<\/a><\/td><td><a href=\"https:\/\/ens7-caba.infd.edu.ar\/aula\/archivos\/repositorio\/\/5750\/5968\/4tos_Ed._Fisica.pdf\" target=\"_blank\" rel=\"noreferrer noopener\">Ed. F\u00edsica<\/a><\/td><td><a href=\"https:\/\/ens7-caba.infd.edu.ar\/aula\/archivos\/repositorio\/\/5750\/5968\/4tos_Ed._Fisica.pdf\" target=\"_blank\" rel=\"noreferrer noopener\">Ed. F\u00edsica<\/a><\/td><td><a href=\"https:\/\/ens7-caba.infd.edu.ar\/aula\/archivos\/repositorio\/\/5750\/5968\/4tos_Ed._Fisica.pdf\" target=\"_blank\" rel=\"noreferrer noopener\">Ed. F\u00edsica<\/a><\/td><\/tr><tr><td><a href=\"https:\/\/ens7-caba.infd.edu.ar\/aula\/archivos\/repositorio\/\/5750\/5893\/Psicologia_4_1_ENS_7_An_o_2026.pdf\" target=\"_blank\" rel=\"noreferrer noopener\">Psicolog\u00eda<\/a><\/td><td><a href=\"https:\/\/ens7-caba.infd.edu.ar\/aula\/archivos\/repositorio\/\/5750\/5925\/42_51_53_GUTIERREZ_QUIMICA_1.pdf\" target=\"_blank\" rel=\"noreferrer noopener\">Qu\u00edmica<\/a><\/td><td><a href=\"https:\/\/ens7-caba.infd.edu.ar\/aula\/archivos\/repositorio\/\/5750\/5955\/Educacion_y_Estado.pdf\" target=\"_blank\" rel=\"noreferrer noopener\">Educaci\u00f3n y Estado<\/a><\/td><td><a href=\"https:\/\/ens7-caba.infd.edu.ar\/aula\/archivos\/repositorio\/\/5750\/5955\/Educacion_y_Estado.pdf\" target=\"_blank\" rel=\"noreferrer noopener\">Educaci\u00f3n y Estado<\/a><\/td><\/tr><tr><td><a href=\"https:\/\/ens7-caba.infd.edu.ar\/aula\/archivos\/repositorio\/\/5750\/5891\/4_1_Antropologia_cultural.pdf\" target=\"_blank\" rel=\"noreferrer noopener\">Antropolog\u00eda Cultural<\/a><\/td><td><a href=\"https:\/\/ens7-caba.infd.edu.ar\/aula\/archivos\/repositorio\/\/5750\/5928\/42-cen_al-Estructura_del_Universo_2026.pdf\" target=\"_blank\" rel=\"noreferrer noopener\">Estructura del Universo<\/a><\/td><td><a href=\"https:\/\/ens7-caba.infd.edu.ar\/aula\/archivos\/repositorio\/\/5750\/5953\/Sujetos_de_la_Educacion.pdf\" target=\"_blank\" rel=\"noreferrer noopener\">Sujetos de la Educaci\u00f3n<\/a><\/td><td><a href=\"https:\/\/ens7-caba.infd.edu.ar\/aula\/archivos\/repositorio\/\/5750\/5953\/Sujetos_de_la_Educacion.pdf\" target=\"_blank\" rel=\"noreferrer noopener\">Sujetos de la Educaci\u00f3n<\/a><\/td><\/tr><tr><td><a href=\"https:\/\/ens7-caba.infd.edu.ar\/aula\/archivos\/repositorio\/\/5750\/5884\/4_1_Sociologia_2026.pdf\" target=\"_blank\" rel=\"noreferrer noopener\">Sociolog\u00eda<\/a><\/td><td><a href=\"https:\/\/ens7-caba.infd.edu.ar\/aula\/archivos\/repositorio\/\/5750\/5923\/42-Alcalde-_FILOSOFIA_DE_LA_CIENCIA_Y_LA_TECNOLOGIA_1.pdf\" target=\"_blank\" rel=\"noreferrer noopener\">Filosof\u00eda de la Ciencia y&nbsp;la Tecnolog\u00eda<\/a><\/td><td><a href=\"https:\/\/ens7-caba.infd.edu.ar\/aula\/archivos\/repositorio\/\/5750\/5956\/PESPECTIVAS_PEDAGOGICAS.pdf\" target=\"_blank\" rel=\"noreferrer noopener\">Perspectivas Pedag\u00f3gicas<\/a><\/td><td><a href=\"https:\/\/ens7-caba.infd.edu.ar\/aula\/archivos\/repositorio\/\/5750\/5956\/PESPECTIVAS_PEDAGOGICAS.pdf\" target=\"_blank\" rel=\"noreferrer noopener\">Perspectivas Pedag\u00f3gicas<\/a><\/td><\/tr><\/tbody><\/table><\/figure>\n","protected":false},"excerpt":{"rendered":"<p>4\u00ba 1\u00ba&nbsp; 4\u00ba 2\u00ba 4\u00ba 3\u00ba 4\u00ba 4\u00ba Matem\u00e1tica Matem\u00e1tica Matem\u00e1tica Matem\u00e1tica Lengua y Literatura Lengua y Literatura Lengua&nbsp;y Literatura Lengua&nbsp;y Literatura Franc\u00e9s\/Ingl\u00e9s Franc\u00e9s\/Ingl\u00e9s Franc\u00e9s\/Ingl\u00e9s Ingl\u00e9s F\u00edsica F\u00edsica F\u00edsica F\u00edsica Historia Historia Historia Historia Geograf\u00eda Geograf\u00eda Geograf\u00eda Geograf\u00eda Formaci\u00f3n \u00c9tica y Ciudadana Formaci\u00f3n \u00c9tica y Ciudadana Formaci\u00f3n \u00c9tica y Ciudadana Formaci\u00f3n \u00c9tica y Ciudadana Tecnolog\u00edas &#8230; <a title=\"Programas 4\u00ba A\u00f1o 2026\" class=\"read-more\" href=\"https:\/\/ens7-caba.infd.edu.ar\/sitio\/programas-4o-ano-2026\/\" aria-label=\"More on Programas 4\u00ba A\u00f1o 2026\">[+]<\/a><\/p>\n","protected":false},"author":2274,"featured_media":0,"parent":0,"menu_order":0,"comment_status":"closed","ping_status":"closed","template":"","meta":[],"acf":[],"_links":{"self":[{"href":"https:\/\/ens7-caba.infd.edu.ar\/sitio\/wp-json\/wp\/v2\/pages\/4887"}],"collection":[{"href":"https:\/\/ens7-caba.infd.edu.ar\/sitio\/wp-json\/wp\/v2\/pages"}],"about":[{"href":"https:\/\/ens7-caba.infd.edu.ar\/sitio\/wp-json\/wp\/v2\/types\/page"}],"author":[{"embeddable":true,"href":"https:\/\/ens7-caba.infd.edu.ar\/sitio\/wp-json\/wp\/v2\/users\/2274"}],"replies":[{"embeddable":true,"href":"https:\/\/ens7-caba.infd.edu.ar\/sitio\/wp-json\/wp\/v2\/comments?post=4887"}],"version-history":[{"count":9,"href":"https:\/\/ens7-caba.infd.edu.ar\/sitio\/wp-json\/wp\/v2\/pages\/4887\/revisions"}],"predecessor-version":[{"id":4965,"href":"https:\/\/ens7-caba.infd.edu.ar\/sitio\/wp-json\/wp\/v2\/pages\/4887\/revisions\/4965"}],"wp:attachment":[{"href":"https:\/\/ens7-caba.infd.edu.ar\/sitio\/wp-json\/wp\/v2\/media?parent=4887"}],"curies":[{"name":"wp","href":"https:\/\/api.w.org\/{rel}","templated":true}]}}