{"id":4890,"date":"2026-04-01T07:37:38","date_gmt":"2026-04-01T10:37:38","guid":{"rendered":"https:\/\/ens7-caba.infd.edu.ar\/sitio\/?page_id=4890"},"modified":"2026-04-05T20:13:49","modified_gmt":"2026-04-05T23:13:49","slug":"programas-5o-ano-2026","status":"publish","type":"page","link":"https:\/\/ens7-caba.infd.edu.ar\/sitio\/programas-5o-ano-2026\/","title":{"rendered":"Programas 5\u00ba A\u00f1o 2026"},"content":{"rendered":"\n<figure class=\"wp-block-table\"><table><tbody><tr><td><strong>5\u00ba 1\u00ba&nbsp;<\/strong><\/td><td><strong>5\u00ba 2\u00ba<\/strong><\/td><td><strong>5\u00ba 3\u00ba<\/strong><\/td><td><strong>5\u00ba 4\u00ba<\/strong><\/td><\/tr><tr><td><a href=\"https:\/\/ens7-caba.infd.edu.ar\/aula\/archivos\/repositorio\/\/5750\/5941\/5_3-5_4_Matematicas.pdf\" target=\"_blank\" rel=\"noreferrer noopener\">Matem\u00e1tica<\/a><\/td><td><a href=\"https:\/\/ens7-caba.infd.edu.ar\/aula\/archivos\/repositorio\/\/5750\/5941\/5_3-5_4_Matematicas.pdf\" target=\"_blank\" rel=\"noreferrer noopener\">Matem\u00e1tica<\/a><\/td><td><a href=\"https:\/\/ens7-caba.infd.edu.ar\/aula\/archivos\/repositorio\/\/5750\/5941\/5_3-5_4_Matematicas.pdf\" target=\"_blank\" rel=\"noreferrer noopener\">Matem\u00e1tica<\/a><\/td><td><a href=\"https:\/\/ens7-caba.infd.edu.ar\/aula\/archivos\/repositorio\/\/5750\/5941\/5_3-5_4_Matematicas.pdf\" target=\"_blank\" rel=\"noreferrer noopener\">Matem\u00e1tica<\/a><\/td><\/tr><tr><td><a href=\"https:\/\/ens7-caba.infd.edu.ar\/aula\/archivos\/repositorio\/\/5750\/5965\/Lengua_y_Literatura_5.pdf\" target=\"_blank\" rel=\"noreferrer noopener\">Lengua y Literatura<\/a><\/td><td><a href=\"https:\/\/ens7-caba.infd.edu.ar\/aula\/archivos\/repositorio\/\/5750\/5965\/Lengua_y_Literatura_5.pdf\" target=\"_blank\" rel=\"noreferrer noopener\">Lengua y Literatura<\/a><\/td><td><a href=\"https:\/\/ens7-caba.infd.edu.ar\/aula\/archivos\/repositorio\/\/5750\/5965\/Lengua_y_Literatura_5.pdf\" target=\"_blank\" rel=\"noreferrer noopener\">Lengua\u00a0y Literatura<\/a><\/td><td><a href=\"https:\/\/ens7-caba.infd.edu.ar\/aula\/archivos\/repositorio\/\/5750\/5965\/Lengua_y_Literatura_5.pdf\" target=\"_blank\" rel=\"noreferrer noopener\">Lengua\u00a0y Literatura<\/a><\/td><\/tr><tr><td><a href=\"https:\/\/ens7-caba.infd.edu.ar\/aula\/archivos\/repositorio\/\/5750\/5964\/FRANCES_5.pdf\" target=\"_blank\" rel=\"noreferrer noopener\">Franc\u00e9s<\/a>\/<a href=\"https:\/\/ens7-caba.infd.edu.ar\/aula\/archivos\/repositorio\/\/5750\/5962\/Ingles_5.pdf\" target=\"_blank\" rel=\"noreferrer noopener\">Ingl\u00e9s<\/a><\/td><td><a href=\"https:\/\/ens7-caba.infd.edu.ar\/aula\/archivos\/repositorio\/\/5750\/5964\/FRANCES_5.pdf\" target=\"_blank\" rel=\"noreferrer noopener\">Franc\u00e9s<\/a>\/<a href=\"https:\/\/ens7-caba.infd.edu.ar\/aula\/archivos\/repositorio\/\/5750\/5962\/Ingles_5.pdf\" target=\"_blank\" rel=\"noreferrer noopener\">Ingl\u00e9s<\/a><\/td><td><a href=\"https:\/\/ens7-caba.infd.edu.ar\/aula\/archivos\/repositorio\/\/5750\/5964\/FRANCES_5.pdf\" target=\"_blank\" rel=\"noreferrer noopener\">Franc\u00e9s<\/a>\/<a rel=\"noreferrer noopener\" href=\"https:\/\/ens7-caba.infd.edu.ar\/aula\/archivos\/repositorio\/\/5750\/5962\/Ingles_5.pdf\" target=\"_blank\">Ingl\u00e9s<\/a><\/td><td><a rel=\"noreferrer noopener\" href=\"https:\/\/ens7-caba.infd.edu.ar\/aula\/archivos\/repositorio\/\/5750\/5962\/Ingles_5.pdf\" target=\"_blank\">Ingl\u00e9s<\/a><\/td><\/tr><tr><td><a href=\"https:\/\/ens7-caba.infd.edu.ar\/aula\/archivos\/repositorio\/\/5750\/5904\/5to_1ra_Ambiente_y_politica.pdf\" target=\"_blank\" rel=\"noreferrer noopener\">Geograf\u00eda ambiental y pol\u00edtica<\/a><\/td><td><a href=\"https:\/\/ens7-caba.infd.edu.ar\/aula\/archivos\/repositorio\/\/5750\/5935\/52-SANTILLAN-ECOLOGIA.pdf\" target=\"_blank\" rel=\"noreferrer noopener\">Ecolog\u00eda<\/a><\/td><td>\u00a0<a href=\"https:\/\/ens7-caba.infd.edu.ar\/aula\/archivos\/repositorio\/\/5750\/5967\/EDUCACION_Y_GLOBALIZACION_2026_.docx.pdf\" target=\"_blank\" rel=\"noreferrer noopener\">Educaci\u00f3n y Globalizaci\u00f3n<\/a><\/td><td><a href=\"https:\/\/ens7-caba.infd.edu.ar\/aula\/archivos\/repositorio\/\/5750\/5967\/EDUCACION_Y_GLOBALIZACION_2026_.docx.pdf\" target=\"_blank\" rel=\"noreferrer noopener\">\u00a0Educaci\u00f3n y Globalizaci\u00f3n<\/a><\/td><\/tr><tr><td><a href=\"https:\/\/ens7-caba.infd.edu.ar\/aula\/archivos\/repositorio\/\/5750\/5900\/5to_1ra__Proyecto_Juarez.pdf\" target=\"_blank\" rel=\"noreferrer noopener\">Proyecto de Investigaci\u00f3n en Cs. Sociales<\/a><\/td><td><a href=\"https:\/\/ens7-caba.infd.edu.ar\/aula\/archivos\/repositorio\/\/5750\/5942\/52-Alcalde-_ENERGIA_RADIACION_Y_VIDA_1.pdf\" target=\"_blank\" rel=\"noreferrer noopener\">Energ\u00eda, radiaci\u00f3n y Vida<\/a><\/td><td><a href=\"https:\/\/ens7-caba.infd.edu.ar\/aula\/archivos\/repositorio\/\/5750\/5960\/EDUCACION_Y_CULTURA_2026.docx.pdf\" target=\"_blank\" rel=\"noreferrer noopener\">Educaci\u00f3n y cultura<\/a><\/td><td><a href=\"https:\/\/ens7-caba.infd.edu.ar\/aula\/archivos\/repositorio\/\/5750\/5960\/EDUCACION_Y_CULTURA_2026.docx.pdf\" target=\"_blank\" rel=\"noreferrer noopener\">Educaci\u00f3n y cultura<\/a><\/td><\/tr><tr><td><a href=\"https:\/\/ens7-caba.infd.edu.ar\/aula\/archivos\/repositorio\/\/5750\/5896\/51_SOCIEDADyESTADO.pdf\" target=\"_blank\" rel=\"noreferrer noopener\">Sociedad y Estado<\/a><\/td><td><a href=\"https:\/\/ens7-caba.infd.edu.ar\/aula\/archivos\/repositorio\/\/5750\/5938\/52-SANTILLAN-PROBLEMATICAS_CIENTIFICAS_DE_IMPACTO_SOCIAL.pdf\" target=\"_blank\" rel=\"noreferrer noopener\">Problem\u00e1ticas Cient\u00edficas con Impacto Social<\/a><\/td><td><a href=\"https:\/\/ens7-caba.infd.edu.ar\/aula\/archivos\/repositorio\/\/5750\/5966\/Proyecto_5_BOE.pdf\" target=\"_blank\" rel=\"noreferrer noopener\">Proyecto final de inv. inicial e intervenci\u00f3n educativa<\/a><\/td><td><a href=\"https:\/\/ens7-caba.infd.edu.ar\/aula\/archivos\/repositorio\/\/5750\/5966\/Proyecto_5_BOE.pdf\" target=\"_blank\" rel=\"noreferrer noopener\">Proyecto\u00a0final de inv. inicial e intervenci\u00f3n educativa<\/a><\/td><\/tr><tr><td><a href=\"https:\/\/ens7-caba.infd.edu.ar\/aula\/archivos\/repositorio\/\/5750\/5939\/51_52_53_54_Aguayo_Trillo-Tec_de_la_informacion.docx.pdf\" target=\"_blank\" rel=\"noreferrer noopener\">Tecnolog\u00edas de la Informaci\u00f3n<\/a><\/td><td><a href=\"https:\/\/ens7-caba.infd.edu.ar\/aula\/archivos\/repositorio\/\/5750\/5939\/51_52_53_54_Aguayo_Trillo-Tec_de_la_informacion.docx.pdf\" target=\"_blank\" rel=\"noreferrer noopener\">Tecnolog\u00edas de la Informaci\u00f3n<\/a><\/td><td><a href=\"https:\/\/ens7-caba.infd.edu.ar\/aula\/archivos\/repositorio\/\/5750\/5939\/51_52_53_54_Aguayo_Trillo-Tec_de_la_informacion.docx.pdf\" target=\"_blank\" rel=\"noreferrer noopener\">Tecnolog\u00edas de la Informaci\u00f3n<\/a><\/td><td><a href=\"https:\/\/ens7-caba.infd.edu.ar\/aula\/archivos\/repositorio\/\/5750\/5939\/51_52_53_54_Aguayo_Trillo-Tec_de_la_informacion.docx.pdf\" target=\"_blank\" rel=\"noreferrer noopener\">Tecnolog\u00edas de la Informaci\u00f3n<\/a><\/td><\/tr><tr><td><a href=\"https:\/\/ens7-caba.infd.edu.ar\/aula\/archivos\/repositorio\/\/5750\/5961\/Historia_Orientada_5.pdf\" target=\"_blank\" rel=\"noreferrer noopener\">Historia<\/a><\/td><td><a href=\"https:\/\/ens7-caba.infd.edu.ar\/aula\/archivos\/repositorio\/\/5750\/5961\/Historia_Orientada_5.pdf\" target=\"_blank\" rel=\"noreferrer noopener\">Historia<\/a><\/td><td>\u00a0<a href=\"https:\/\/ens7-caba.infd.edu.ar\/aula\/archivos\/repositorio\/\/5750\/5961\/Historia_Orientada_5.pdf\" target=\"_blank\" rel=\"noreferrer noopener\">Historia<\/a><\/td><td><a href=\"https:\/\/ens7-caba.infd.edu.ar\/aula\/archivos\/repositorio\/\/5750\/5961\/Historia_Orientada_5.pdf\" target=\"_blank\" rel=\"noreferrer noopener\">Historia<\/a><\/td><\/tr><tr><td>EDI<\/td><td>EDI<\/td><td>EDI<\/td><td>EDI<\/td><\/tr><tr><td>Filosof\u00eda<\/td><td>Filosof\u00eda<\/td><td>Filosof\u00eda<\/td><td>Filosof\u00eda<\/td><\/tr><tr><td><a href=\"https:\/\/ens7-caba.infd.edu.ar\/aula\/archivos\/repositorio\/\/5750\/5925\/42_51_53_GUTIERREZ_QUIMICA_1.pdf\" target=\"_blank\" rel=\"noreferrer noopener\">Qu\u00edmica<\/a><\/td><td><a href=\"https:\/\/ens7-caba.infd.edu.ar\/aula\/archivos\/repositorio\/\/5750\/5937\/52-Alcalde-_QUIMICA_ALIM._Y_SALUD_1.pdf\" target=\"_blank\" rel=\"noreferrer noopener\">Qu\u00edmica, Alimentaci\u00f3n\u00a0 y salud<\/a><\/td><td><a href=\"https:\/\/ens7-caba.infd.edu.ar\/aula\/archivos\/repositorio\/\/5750\/5925\/42_51_53_GUTIERREZ_QUIMICA_1.pdf\" target=\"_blank\" rel=\"noreferrer noopener\">Qu\u00edmica<\/a><\/td><td><a href=\"https:\/\/ens7-caba.infd.edu.ar\/aula\/archivos\/repositorio\/\/5750\/5925\/42_51_53_GUTIERREZ_QUIMICA_1.pdf\" target=\"_blank\" rel=\"noreferrer noopener\">Qu\u00edmica<\/a><\/td><\/tr><tr><td><a href=\"https:\/\/ens7-caba.infd.edu.ar\/aula\/archivos\/repositorio\/\/5750\/5903\/5to_1ra_Hist_cult_latinoamericana.pdf\" target=\"_blank\" rel=\"noreferrer noopener\">Historia Cultural Latinoamericana<\/a><\/td><td><a href=\"https:\/\/ens7-caba.infd.edu.ar\/aula\/archivos\/repositorio\/\/5750\/5940\/5to_Arte_y_Ciencia_5to.pdf\" target=\"_blank\" rel=\"noreferrer noopener\">Arte y Ciencia<\/a><\/td><td><a href=\"https:\/\/ens7-caba.infd.edu.ar\/aula\/archivos\/repositorio\/\/5750\/5963\/Educacion_y_Psicologia_5.pdf\" target=\"_blank\" rel=\"noreferrer noopener\">Educaci\u00f3n y Psicolog\u00eda<\/a><\/td><td><a href=\"https:\/\/ens7-caba.infd.edu.ar\/aula\/archivos\/repositorio\/\/5750\/5963\/Educacion_y_Psicologia_5.pdf\" target=\"_blank\" rel=\"noreferrer noopener\">Educaci\u00f3n y Psicolog\u00eda<\/a><\/td><\/tr><tr><td><a href=\"https:\/\/ens7-caba.infd.edu.ar\/aula\/archivos\/repositorio\/\/5750\/5969\/5tos_Ed._Fisica.pdf\" target=\"_blank\" rel=\"noreferrer noopener\">Ed. F\u00edsica<\/a><\/td><td><a href=\"https:\/\/ens7-caba.infd.edu.ar\/aula\/archivos\/repositorio\/\/5750\/5969\/5tos_Ed._Fisica.pdf\" target=\"_blank\" rel=\"noreferrer noopener\">Ed. F\u00edsica<\/a><\/td><td><a href=\"https:\/\/ens7-caba.infd.edu.ar\/aula\/archivos\/repositorio\/\/5750\/5969\/5tos_Ed._Fisica.pdf\" target=\"_blank\" rel=\"noreferrer noopener\">Ed. F\u00edsica<\/a><\/td><td><a href=\"https:\/\/ens7-caba.infd.edu.ar\/aula\/archivos\/repositorio\/\/5750\/5969\/5tos_Ed._Fisica.pdf\" target=\"_blank\" rel=\"noreferrer noopener\">Ed. F\u00edsica<\/a><\/td><\/tr><\/tbody><\/table><\/figure>\n","protected":false},"excerpt":{"rendered":"<p>5\u00ba 1\u00ba&nbsp; 5\u00ba 2\u00ba 5\u00ba 3\u00ba 5\u00ba 4\u00ba Matem\u00e1tica Matem\u00e1tica Matem\u00e1tica Matem\u00e1tica Lengua y Literatura Lengua y Literatura Lengua\u00a0y Literatura Lengua\u00a0y Literatura Franc\u00e9s\/Ingl\u00e9s Franc\u00e9s\/Ingl\u00e9s Franc\u00e9s\/Ingl\u00e9s Ingl\u00e9s Geograf\u00eda ambiental y pol\u00edtica Ecolog\u00eda \u00a0Educaci\u00f3n y Globalizaci\u00f3n \u00a0Educaci\u00f3n y Globalizaci\u00f3n Proyecto de Investigaci\u00f3n en Cs. Sociales Energ\u00eda, radiaci\u00f3n y Vida Educaci\u00f3n y cultura Educaci\u00f3n y cultura Sociedad y &#8230; <a title=\"Programas 5\u00ba A\u00f1o 2026\" class=\"read-more\" href=\"https:\/\/ens7-caba.infd.edu.ar\/sitio\/programas-5o-ano-2026\/\" aria-label=\"More on Programas 5\u00ba A\u00f1o 2026\">[+]<\/a><\/p>\n","protected":false},"author":2274,"featured_media":0,"parent":0,"menu_order":0,"comment_status":"closed","ping_status":"closed","template":"","meta":[],"acf":[],"_links":{"self":[{"href":"https:\/\/ens7-caba.infd.edu.ar\/sitio\/wp-json\/wp\/v2\/pages\/4890"}],"collection":[{"href":"https:\/\/ens7-caba.infd.edu.ar\/sitio\/wp-json\/wp\/v2\/pages"}],"about":[{"href":"https:\/\/ens7-caba.infd.edu.ar\/sitio\/wp-json\/wp\/v2\/types\/page"}],"author":[{"embeddable":true,"href":"https:\/\/ens7-caba.infd.edu.ar\/sitio\/wp-json\/wp\/v2\/users\/2274"}],"replies":[{"embeddable":true,"href":"https:\/\/ens7-caba.infd.edu.ar\/sitio\/wp-json\/wp\/v2\/comments?post=4890"}],"version-history":[{"count":6,"href":"https:\/\/ens7-caba.infd.edu.ar\/sitio\/wp-json\/wp\/v2\/pages\/4890\/revisions"}],"predecessor-version":[{"id":4966,"href":"https:\/\/ens7-caba.infd.edu.ar\/sitio\/wp-json\/wp\/v2\/pages\/4890\/revisions\/4966"}],"wp:attachment":[{"href":"https:\/\/ens7-caba.infd.edu.ar\/sitio\/wp-json\/wp\/v2\/media?parent=4890"}],"curies":[{"name":"wp","href":"https:\/\/api.w.org\/{rel}","templated":true}]}}