{"id":850,"date":"2018-06-29T12:55:39","date_gmt":"2018-06-29T15:55:39","guid":{"rendered":"https:\/\/ens7-caba.infd.edu.ar\/sitio\/?page_id=850"},"modified":"2026-03-05T22:04:45","modified_gmt":"2026-03-06T01:04:45","slug":"calendario-academico","status":"publish","type":"page","link":"https:\/\/ens7-caba.infd.edu.ar\/sitio\/calendario-academico\/","title":{"rendered":"Calendario Acad\u00e9mico"},"content":{"rendered":"<div class=\"wp-block-image\">\n<figure class=\"aligncenter size-full is-resized\"><a href=\"https:\/\/ens7-caba.infd.edu.ar\/sitio\/horario-2\/\"><img decoding=\"async\" loading=\"lazy\" src=\"https:\/\/ens7-caba.infd.edu.ar\/sitio\/wp-content\/uploads\/2024\/02\/boton-horario.png\" alt=\"\" class=\"wp-image-3974\" width=\"132\" height=\"54\"\/><\/a><\/figure><\/div>\n\n\n<h2 class=\"wp-block-heading has-text-align-center\">2026<\/h2>\n\n\n<figure class=\"wp-block-table\">\n<table>\n<tbody>\n<tr>\n<td><strong>Del 22\/12\/25 al 06\/02\/2026<\/strong><\/td>\n<td>Establecimiento Cerrado por Vacaciones.<\/td>\n<\/tr>\n<tr>\n<td>23 al 27\/02\/26<\/td>\n<td>Habr\u00e1 un \u00fanico llamado y deber\u00e1n anotarse por el SIU guaran\u00ed.<\/td>\n<\/tr>\n<tr>\n<td>&nbsp;<\/td>\n<td>\n<p dir=\"ltr\"><span style=\"color: #ff0000;\"><b>La inscripci\u00f3n previa a las mesas de examen estar\u00e1 abierta&nbsp;desde el martes 10\/02\/26 hasta el viernes 13\/02\/2026.&nbsp;<\/b><\/span><\/p>\n<p dir=\"ltr\">No se aceptan inscripciones ni modificaciones fuera de la fecha de inscripci\u00f3n.<\/p>\n<p dir=\"ltr\">Tengan en cuenta que si un estudiante se anota a la mesa y no&nbsp; se presenta pierde el llamado.&nbsp;&nbsp;<\/p>\n<p dir=\"ltr\">El&nbsp;d\u00eda del examen&nbsp;deben&nbsp;presentarse&nbsp;a las&nbsp;8 hs. turno ma\u00f1ana&nbsp;y&nbsp;18: 30 hs Turno vespertino, con libreta y\/o DNI.<\/p>\n<h4 dir=\"ltr\" style=\"text-align: center;\"><a href=\"https:\/\/ens7-caba.infd.edu.ar\/sitio\/mesas-de-examenterciario\/\"><strong>MESAS DE EXAMEN<\/strong><\/a><\/h4>\n<\/td>\n<\/tr>\n<\/tbody>\n<\/table>\n<\/figure>","protected":false},"excerpt":{"rendered":"<p>2026 Del 22\/12\/25 al 06\/02\/2026 Establecimiento Cerrado por Vacaciones. 23 al 27\/02\/26 Habr\u00e1 un \u00fanico llamado y deber\u00e1n anotarse por el SIU guaran\u00ed. &nbsp; La inscripci\u00f3n previa a las mesas de examen estar\u00e1 abierta&nbsp;desde el martes 10\/02\/26 hasta el viernes 13\/02\/2026.&nbsp; No se aceptan inscripciones ni modificaciones fuera de la fecha de inscripci\u00f3n. Tengan en &#8230; <a title=\"Calendario Acad\u00e9mico\" class=\"read-more\" href=\"https:\/\/ens7-caba.infd.edu.ar\/sitio\/calendario-academico\/\" aria-label=\"More on Calendario Acad\u00e9mico\">[+]<\/a><\/p>\n","protected":false},"author":2274,"featured_media":0,"parent":0,"menu_order":0,"comment_status":"closed","ping_status":"closed","template":"","meta":[],"acf":[],"_links":{"self":[{"href":"https:\/\/ens7-caba.infd.edu.ar\/sitio\/wp-json\/wp\/v2\/pages\/850"}],"collection":[{"href":"https:\/\/ens7-caba.infd.edu.ar\/sitio\/wp-json\/wp\/v2\/pages"}],"about":[{"href":"https:\/\/ens7-caba.infd.edu.ar\/sitio\/wp-json\/wp\/v2\/types\/page"}],"author":[{"embeddable":true,"href":"https:\/\/ens7-caba.infd.edu.ar\/sitio\/wp-json\/wp\/v2\/users\/2274"}],"replies":[{"embeddable":true,"href":"https:\/\/ens7-caba.infd.edu.ar\/sitio\/wp-json\/wp\/v2\/comments?post=850"}],"version-history":[{"count":44,"href":"https:\/\/ens7-caba.infd.edu.ar\/sitio\/wp-json\/wp\/v2\/pages\/850\/revisions"}],"predecessor-version":[{"id":4855,"href":"https:\/\/ens7-caba.infd.edu.ar\/sitio\/wp-json\/wp\/v2\/pages\/850\/revisions\/4855"}],"wp:attachment":[{"href":"https:\/\/ens7-caba.infd.edu.ar\/sitio\/wp-json\/wp\/v2\/media?parent=850"}],"curies":[{"name":"wp","href":"https:\/\/api.w.org\/{rel}","templated":true}]}}