{"id":852,"date":"2018-06-28T16:31:44","date_gmt":"2018-06-28T19:31:44","guid":{"rendered":"https:\/\/ens7-caba.infd.edu.ar\/sitio\/bedelia\/"},"modified":"2024-08-21T22:11:01","modified_gmt":"2024-08-22T01:11:01","slug":"bedelia","status":"publish","type":"page","link":"https:\/\/ens7-caba.infd.edu.ar\/sitio\/bedelia\/","title":{"rendered":"Bedel\u00eda"},"content":{"rendered":"<p>Es la unidad de apoyo administrativo a las actividades de formaci\u00f3n, responsable del relevamiento y circulaci\u00f3n de la informaci\u00f3n relativa a estudiantes y docentes. Es el centro de orientaci\u00f3n para la gesti\u00f3n de cualquier tr\u00e1mite, inquietud y\/o consulta de los estudiantes del Nivel.<\/p>\n<table style=\"width: 451px; height: 275px; margin-right: auto; margin-left: auto;\" border=\"0\">\n<tbody>\n<tr style=\"background-color: #6c6994; color: white;\" align=\"center\" valign=\"middle\">\n<td style=\"text-align: center;\" colspan=\"2\"><strong>Turno Ma\u00f1ana<\/strong><strong>\u00a0 <\/strong><\/td>\n<td style=\"text-align: center;\"><span style=\"font-size: 12pt;\"><strong>Turno Vespertino<\/strong><\/span><\/td>\n<\/tr>\n<tr style=\"background-color: #ccccda; text-align: center;\">\n<td style=\"text-align: center;\" colspan=\"2\">De 8:00 a 12:00<\/td>\n<td style=\"text-align: center;\">De 18:30 a 22:00<\/td>\n<\/tr>\n<tr align=\"center\" valign=\"middle\">\n<td style=\"text-align: center;\" colspan=\"2\"><span style=\"font-size: 12pt;\">Patricia Rodr\u00edguez<\/span><\/td>\n<td style=\"text-align: center;\">An\u00edbal Groppa<\/td>\n<\/tr>\n<tr align=\"center\" valign=\"middle\">\n<td style=\"text-align: center;\" colspan=\"2\"><span style=\"font-size: medium;\">Luciana D\u00edaz Sassi<\/span><\/td>\n<td style=\"text-align: center;\">Cristian Ca\u00f1ete<\/td>\n<\/tr>\n<tr align=\"center\" valign=\"middle\">\n<td style=\"text-align: center;\" colspan=\"2\">Juan Facundo Orieta<\/td>\n<td style=\"text-align: center;\">Patricia Rodr\u00edguez\u00a0\u00a0<\/td>\n<\/tr>\n<tr align=\"center\" valign=\"middle\">\n<td style=\"text-align: center; background-color: #6c6994; color: white;\" colspan=\"3\"><span style=\"font-size: 12pt;\"><strong>Ayudantes inform\u00e1ticas<\/strong><\/span><\/td>\n<\/tr>\n<tr align=\"center\" valign=\"middle\">\n<td style=\"text-align: center;\" colspan=\"3\">Gabriela Defelippe<\/td>\n<\/tr>\n<tr align=\"center\" valign=\"middle\">\n<td style=\"text-align: center;\" colspan=\"3\"><span style=\"font-size: 12pt;\">Karina Trillo<\/span><\/td>\n<\/tr>\n<tr style=\"background-color: #6c6994; color: white;\" align=\"center\" valign=\"middle\">\n<td colspan=\"3\"><strong>Gesti\u00f3n de la Informaci\u00f3n <\/strong><\/td>\n<\/tr>\n<tr>\n<td style=\"text-align: center;\" colspan=\"3\">Karina Trillo<\/td>\n<\/tr>\n<\/tbody>\n<\/table>\n<p style=\"text-align: center;\"><strong>Mail: <em>ens7_bedelia@bue.edu.ar<\/em><\/strong><\/p>\n\n\n<p><\/p>\n","protected":false},"excerpt":{"rendered":"<p>Es la unidad de apoyo administrativo a las actividades de formaci\u00f3n, responsable del relevamiento y circulaci\u00f3n de la informaci\u00f3n relativa a estudiantes y docentes. Es el centro de orientaci\u00f3n para la gesti\u00f3n de cualquier tr\u00e1mite, inquietud y\/o consulta de los estudiantes del Nivel. Turno Ma\u00f1ana\u00a0 Turno Vespertino De 8:00 a 12:00 De 18:30 a 22:00 &#8230; <a title=\"Bedel\u00eda\" class=\"read-more\" href=\"https:\/\/ens7-caba.infd.edu.ar\/sitio\/bedelia\/\" aria-label=\"More on Bedel\u00eda\">[+]<\/a><\/p>\n","protected":false},"author":2274,"featured_media":0,"parent":0,"menu_order":0,"comment_status":"closed","ping_status":"closed","template":"","meta":[],"acf":[],"_links":{"self":[{"href":"https:\/\/ens7-caba.infd.edu.ar\/sitio\/wp-json\/wp\/v2\/pages\/852"}],"collection":[{"href":"https:\/\/ens7-caba.infd.edu.ar\/sitio\/wp-json\/wp\/v2\/pages"}],"about":[{"href":"https:\/\/ens7-caba.infd.edu.ar\/sitio\/wp-json\/wp\/v2\/types\/page"}],"author":[{"embeddable":true,"href":"https:\/\/ens7-caba.infd.edu.ar\/sitio\/wp-json\/wp\/v2\/users\/2274"}],"replies":[{"embeddable":true,"href":"https:\/\/ens7-caba.infd.edu.ar\/sitio\/wp-json\/wp\/v2\/comments?post=852"}],"version-history":[{"count":15,"href":"https:\/\/ens7-caba.infd.edu.ar\/sitio\/wp-json\/wp\/v2\/pages\/852\/revisions"}],"predecessor-version":[{"id":4360,"href":"https:\/\/ens7-caba.infd.edu.ar\/sitio\/wp-json\/wp\/v2\/pages\/852\/revisions\/4360"}],"wp:attachment":[{"href":"https:\/\/ens7-caba.infd.edu.ar\/sitio\/wp-json\/wp\/v2\/media?parent=852"}],"curies":[{"name":"wp","href":"https:\/\/api.w.org\/{rel}","templated":true}]}}