{"id":854,"date":"2018-07-05T12:35:44","date_gmt":"2018-07-05T15:35:44","guid":{"rendered":"https:\/\/ens7-caba.infd.edu.ar\/sitio\/?page_id=854"},"modified":"2026-03-11T08:22:16","modified_gmt":"2026-03-11T11:22:16","slug":"horario-2","status":"publish","type":"page","link":"https:\/\/ens7-caba.infd.edu.ar\/sitio\/horario-2\/","title":{"rendered":"Horario"},"content":{"rendered":"<p style=\"text-align: center;\"><a class=\"LinkModi\" title=\"https:\/\/ens7-caba.infd.edu.ar\/aula\/archivos\/repositorio\/\/500\/714\/HORARIOS%20PEP%201C-2013.pdf\" href=\"https:\/\/ens7-caba.infd.edu.ar\/aula\/archivos\/repositorio\/\/500\/714\/HORARIOS%20PEP%201C-2013.pdf\" target=\"_NEW\" rel=\"noopener\"><img decoding=\"async\" loading=\"lazy\" style=\"vertical-align: middle;\" src=\"https:\/\/ens7-caba.infd.edu.ar\/aula\/archivos\/repositorio\/500\/698\/download.gif\" alt=\"\" width=\"32\" height=\"32\" border=\"0\"><\/a><span style=\"font-family: 'comic sans ms', sans-serif; font-size: 12pt;\">Descargate de aqu\u00ed los horarios del primer cuatrimestre 2026<\/span><\/p>\n<p style=\"text-align: center;\"><\/p>\n\n\n<p class=\"has-text-align-center\"><a href=\"https:\/\/ens7-caba.infd.edu.ar\/aula\/archivos\/repositorio\/\/5750\/5848\/PEP_HORARIOS_REGULARES_1er__cuatrimestre_2026.docx.pdf\" target=\"_blank\" rel=\"noreferrer noopener\">Horario Profesorado de Educaci\u00f3n Primaria<\/a><\/p>\n\n\n\n<p class=\"has-text-align-center\">   <a href=\"https:\/\/ens7-caba.infd.edu.ar\/aula\/archivos\/repositorio\/\/5750\/5849\/PEI_HORARIOS_Regulares_1_cuatrimestre_2026.docx.pdf\" target=\"_blank\" rel=\"noreferrer noopener\">  Horario Profesorado de Educaci\u00f3n Inicial<\/a><\/p>\n\n\n<p><\/p>\n<div dir=\"ltr\">\n<div dir=\"ltr\" style=\"text-align: center;\"><\/div>\n<\/div>\n<p style=\"text-align: center;\"><strong>Grilla de distribuci\u00f3n de aulas<\/strong><\/p>\n<table border=\"0\">\n<tbody>\n<tr>\n<td>\n<p style=\"text-align: center;\"><span style=\"font-family: comic sans ms,sans-serif; color: #800000; font-size: 10pt;\" data-mce-mark=\"1\"><strong>&nbsp;&nbsp;&nbsp;&nbsp; <\/strong><\/span><\/p>\n<\/td>\n<td>\n<p style=\"text-align: center;\"><span style=\"font-family: comic sans ms,sans-serif; color: #800000; font-size: 10pt;\" data-mce-mark=\"1\"><strong><span style=\"text-decoration: underline;\" data-mce-mark=\"1\">HORARIOS TM<\/span><\/strong><\/span><\/p>\n<p><span style=\"font-family: comic sans ms,sans-serif; color: #800000; font-size: 10pt;\" data-mce-mark=\"1\">&nbsp;<\/span><\/p>\n<p><span style=\"font-family: comic sans ms,sans-serif; color: #800000; font-size: 10pt;\" data-mce-mark=\"1\">1\u00b0&nbsp;&nbsp;&nbsp;&nbsp;&nbsp;&nbsp;&nbsp; 07:45 a 08:25<\/span><\/p>\n<p><span style=\"font-family: comic sans ms,sans-serif; color: #800000; font-size: 10pt;\" data-mce-mark=\"1\">2\u00b0&nbsp;&nbsp;&nbsp;&nbsp;&nbsp;&nbsp;&nbsp; 08:25 a 09:05<\/span><\/p>\n<p><span style=\"font-family: comic sans ms,sans-serif; color: #800000; font-size: 10pt;\" data-mce-mark=\"1\">3\u00b0&nbsp;&nbsp;&nbsp;&nbsp;&nbsp;&nbsp;&nbsp; 09:05 a 09:45<\/span><\/p>\n<p><span style=\"font-family: comic sans ms,sans-serif; color: #800000; font-size: 10pt;\" data-mce-mark=\"1\">Recreo<\/span><\/p>\n<p><span style=\"font-family: comic sans ms,sans-serif; color: #800000; font-size: 10pt;\" data-mce-mark=\"1\">4\u00b0&nbsp;&nbsp;&nbsp;&nbsp;&nbsp;&nbsp;&nbsp; 10:00 a 10:40<\/span><\/p>\n<p><span style=\"font-family: comic sans ms,sans-serif; color: #800000; font-size: 10pt;\" data-mce-mark=\"1\">5\u00b0&nbsp;&nbsp;&nbsp;&nbsp;&nbsp;&nbsp;&nbsp; 10:40 a 11:20<\/span><\/p>\n<p><span style=\"font-family: comic sans ms,sans-serif; color: #800000; font-size: 10pt;\" data-mce-mark=\"1\">6\u00b0&nbsp;&nbsp;&nbsp;&nbsp;&nbsp;&nbsp;&nbsp; 11:20 a 12:00<\/span><\/p><\/td>\n<td><span style=\"color: #800000; font-family: comic sans ms,sans-serif; font-size: 10pt;\" data-mce-mark=\"1\"><strong>&nbsp;&nbsp;&nbsp;&nbsp;&nbsp;&nbsp;&nbsp;&nbsp;&nbsp;&nbsp;&nbsp; <\/strong><\/span><\/td>\n<td><span style=\"color: #800000; font-family: comic sans ms,sans-serif; font-size: 10pt;\" data-mce-mark=\"1\"><strong>&nbsp;&nbsp;&nbsp;&nbsp;&nbsp;&nbsp;&nbsp;&nbsp;&nbsp;&nbsp;&nbsp;&nbsp;&nbsp;&nbsp;&nbsp; <\/strong><\/span><\/td>\n<td>\n<p style=\"text-align: center;\"><span style=\"color: #800000; font-family: comic sans ms,sans-serif; font-size: 10pt;\" data-mce-mark=\"1\"><strong><span style=\"text-decoration: underline;\" data-mce-mark=\"1\">HORARIOS TV<\/span><\/strong><\/span><\/p>\n<p><span style=\"color: #800000; font-family: comic sans ms,sans-serif; font-size: 10pt;\" data-mce-mark=\"1\">&nbsp;<\/span><\/p>\n<p><span style=\"color: #800000; font-family: comic sans ms,sans-serif; font-size: 10pt;\" data-mce-mark=\"1\">1\u00b0&nbsp;&nbsp;&nbsp;&nbsp;&nbsp;&nbsp;&nbsp; 18:20 a 18:55<\/span><\/p>\n<p><span style=\"color: #800000; font-family: comic sans ms,sans-serif; font-size: 10pt;\" data-mce-mark=\"1\">2\u00b0&nbsp;&nbsp;&nbsp;&nbsp;&nbsp;&nbsp;&nbsp; 18:55 a 19:30<\/span><\/p>\n<p><span style=\"color: #800000; font-family: comic sans ms,sans-serif; font-size: 10pt;\" data-mce-mark=\"1\">3\u00b0&nbsp;&nbsp;&nbsp;&nbsp;&nbsp;&nbsp;&nbsp; 19:30 a 20:05<\/span><\/p>\n<p><span style=\"color: #800000; font-family: comic sans ms,sans-serif; font-size: 10pt;\" data-mce-mark=\"1\">Recreo<\/span><\/p>\n<p><span style=\"color: #800000; font-family: comic sans ms,sans-serif; font-size: 10pt;\" data-mce-mark=\"1\">4\u00b0&nbsp;&nbsp;&nbsp;&nbsp;&nbsp;&nbsp;&nbsp; 20:20 a 20:55<\/span><\/p>\n<p><span style=\"color: #800000; font-family: comic sans ms,sans-serif; font-size: 10pt;\" data-mce-mark=\"1\">5\u00b0&nbsp;&nbsp;&nbsp;&nbsp;&nbsp;&nbsp;&nbsp; 20:55 a 21:30<\/span><\/p>\n<p><span style=\"color: #800000; font-family: comic sans ms,sans-serif; font-size: 10pt;\" data-mce-mark=\"1\">6\u00b0&nbsp;&nbsp;&nbsp;&nbsp;&nbsp;&nbsp;&nbsp; 21:30 a 22:05<\/span><\/p><\/td>\n<\/tr>\n<\/tbody>\n<\/table>","protected":false},"excerpt":{"rendered":"<p>Descargate de aqu\u00ed los horarios del primer cuatrimestre 2026 Horario Profesorado de Educaci\u00f3n Primaria Horario Profesorado de Educaci\u00f3n Inicial Grilla de distribuci\u00f3n de aulas &nbsp;&nbsp;&nbsp;&nbsp; HORARIOS TM &nbsp; 1\u00b0&nbsp;&nbsp;&nbsp;&nbsp;&nbsp;&nbsp;&nbsp; 07:45 a 08:25 2\u00b0&nbsp;&nbsp;&nbsp;&nbsp;&nbsp;&nbsp;&nbsp; 08:25 a 09:05 3\u00b0&nbsp;&nbsp;&nbsp;&nbsp;&nbsp;&nbsp;&nbsp; 09:05 a 09:45 Recreo 4\u00b0&nbsp;&nbsp;&nbsp;&nbsp;&nbsp;&nbsp;&nbsp; 10:00 a 10:40 5\u00b0&nbsp;&nbsp;&nbsp;&nbsp;&nbsp;&nbsp;&nbsp; 10:40 a 11:20 6\u00b0&nbsp;&nbsp;&nbsp;&nbsp;&nbsp;&nbsp;&nbsp; 11:20 a 12:00 &nbsp;&nbsp;&nbsp;&nbsp;&nbsp;&nbsp;&nbsp;&nbsp;&nbsp;&nbsp;&nbsp; &nbsp;&nbsp;&nbsp;&nbsp;&nbsp;&nbsp;&nbsp;&nbsp;&nbsp;&nbsp;&nbsp;&nbsp;&nbsp;&nbsp;&nbsp; &#8230; <a title=\"Horario\" class=\"read-more\" href=\"https:\/\/ens7-caba.infd.edu.ar\/sitio\/horario-2\/\" aria-label=\"More on Horario\">[+]<\/a><\/p>\n","protected":false},"author":2274,"featured_media":0,"parent":0,"menu_order":0,"comment_status":"closed","ping_status":"closed","template":"","meta":[],"acf":[],"_links":{"self":[{"href":"https:\/\/ens7-caba.infd.edu.ar\/sitio\/wp-json\/wp\/v2\/pages\/854"}],"collection":[{"href":"https:\/\/ens7-caba.infd.edu.ar\/sitio\/wp-json\/wp\/v2\/pages"}],"about":[{"href":"https:\/\/ens7-caba.infd.edu.ar\/sitio\/wp-json\/wp\/v2\/types\/page"}],"author":[{"embeddable":true,"href":"https:\/\/ens7-caba.infd.edu.ar\/sitio\/wp-json\/wp\/v2\/users\/2274"}],"replies":[{"embeddable":true,"href":"https:\/\/ens7-caba.infd.edu.ar\/sitio\/wp-json\/wp\/v2\/comments?post=854"}],"version-history":[{"count":45,"href":"https:\/\/ens7-caba.infd.edu.ar\/sitio\/wp-json\/wp\/v2\/pages\/854\/revisions"}],"predecessor-version":[{"id":4861,"href":"https:\/\/ens7-caba.infd.edu.ar\/sitio\/wp-json\/wp\/v2\/pages\/854\/revisions\/4861"}],"wp:attachment":[{"href":"https:\/\/ens7-caba.infd.edu.ar\/sitio\/wp-json\/wp\/v2\/media?parent=854"}],"curies":[{"name":"wp","href":"https:\/\/api.w.org\/{rel}","templated":true}]}}