{"id":859,"date":"2018-06-28T16:31:48","date_gmt":"2018-06-28T19:31:48","guid":{"rendered":"https:\/\/ens7-caba.infd.edu.ar\/sitio\/profesorado-de-educacion-primaria\/"},"modified":"2025-05-08T09:10:08","modified_gmt":"2025-05-08T12:10:08","slug":"profesorado-de-educacion-primaria","status":"publish","type":"page","link":"https:\/\/ens7-caba.infd.edu.ar\/sitio\/profesorado-de-educacion-primaria\/","title":{"rendered":"Profesorado de Educaci\u00f3n Primaria"},"content":{"rendered":"\n<div class=\"wp-block-group is-content-justification-center is-nowrap is-layout-flex wp-container-1\">\n<figure class=\"wp-block-image size-full is-resized\"><a href=\"https:\/\/ens7-caba.infd.edu.ar\/sitio\/calendario-academico\/\" target=\"_blank\" rel=\"noreferrer noopener\"><img decoding=\"async\" loading=\"lazy\" src=\"https:\/\/ens7-caba.infd.edu.ar\/sitio\/wp-content\/uploads\/2024\/02\/boton-calendario-1.png\" alt=\"\" class=\"wp-image-3973\" width=\"275\" height=\"52\"\/><\/a><\/figure>\n\n\n\n<figure class=\"wp-block-image size-full is-resized\"><a href=\"https:\/\/ens7-caba.infd.edu.ar\/sitio\/horario-2\/\" target=\"_blank\" rel=\"noreferrer noopener\"><img decoding=\"async\" loading=\"lazy\" src=\"https:\/\/ens7-caba.infd.edu.ar\/sitio\/wp-content\/uploads\/2024\/02\/boton-horario.png\" alt=\"\" class=\"wp-image-3974\" width=\"127\" height=\"52\"\/><\/a><\/figure>\n\n\n\n<figure class=\"wp-block-image size-full is-resized\"><a href=\"https:\/\/ens7-caba.infd.edu.ar\/sitio\/mesas-de-examenterciario\/\" target=\"_blank\" rel=\"noreferrer noopener\"><img decoding=\"async\" loading=\"lazy\" src=\"https:\/\/ens7-caba.infd.edu.ar\/sitio\/wp-content\/uploads\/2024\/02\/boton-examen.png\" alt=\"\" class=\"wp-image-3975\" width=\"233\" height=\"52\"\/><\/a><\/figure>\n<\/div>\n\n\n\n<hr style=\"background-color: gray;\nopacity: 25%;\n  height: 0.5px;\n  margin-left: 0%;\n  width: 100%;\">\n\n\n\n<p>El Profesorado de Educaci\u00f3n Primaria forma docentes para desempe\u00f1arse en el Nivel Primario.<\/p>\n\n\n\n<p>Es una carrera de&nbsp;<strong>4 a\u00f1os<\/strong>&nbsp;de duraci\u00f3n y su formaci\u00f3n incluye:<\/p>\n\n\n\n<ul>\n<li>el conocimiento del sistema educativo, la escuela, la ense\u00f1anza y el trabajo docente en el contexto hist\u00f3rico y social actual. Algunas de estas unidades curriculares son: Pedagog\u00eda, Did\u00e1ctica, Filosof\u00eda y Educaci\u00f3n, Instituciones Educativas, Tecnolog\u00edas de la Comunicaci\u00f3n y la Informaci\u00f3n en la Educaci\u00f3n Primaria, entre otras.<\/li>\n\n\n\n<li>el conocimiento de las caracter\u00edsticas y necesidades de las y los alumnos del Nivel Primario. Algunas de estas unidades curriculares son: Problem\u00e1ticas de la Educaci\u00f3n Primaria, Sujetos de la Educaci\u00f3n Primaria, entre otras.<\/li>\n\n\n\n<li>el conocimiento de las \u00e1reas que se ense\u00f1an en el Nivel Primario (Matem\u00e1tica, Lengua y Literatura, Ciencias Sociales, Ciencias Naturales, entre otras) y de los enfoques y estrategias de ense\u00f1anza para cada una.<\/li>\n\n\n\n<li>espacios de pr\u00e1ctica profesional para conocer las instituciones educativas, observar y aprender de docentes experimentados y, progresivamente, planificar, llevar a cabo y evaluar propuestas de ense\u00f1anza en las escuelas. El \u00faltimo tramo de la formaci\u00f3n en la pr\u00e1ctica profesional es la Residencia Pedag\u00f3gica, que implica un per\u00edodo de dictado de clases en el Nivel Primario.<\/li>\n<\/ul>\n\n\n\n<p>Titulaci\u00f3n ofrecida: Profesorado de Educaci\u00f3n Primaria<\/p>\n\n\n\n<p><br>Incumbencia del t\u00edtulo: Nivel Primario<\/p>\n\n\n\n<p><br>A\u00f1os de duraci\u00f3n: 4 a\u00f1os<\/p>\n\n\n\n<p><br>Carga horaria total (horas reloj): 2.600<\/p>\n\n\n\n<p><br>Cantidad de unidades curriculares: 44<\/p>\n\n\n\n<p><span style=\"color: #000000; font-family: tahoma, arial, helvetica, sans-serif; font-size: 12pt;\"><strong>ORIENTACI\u00d3N DEFINIDA INSTITUCIONALMENTE<\/strong><\/span><\/p>\n\n\n\n<p><span style=\"color: #000000; font-family: tahoma, arial, helvetica, sans-serif; font-size: 12pt;\">Profesor\/a de Educaci\u00f3n Primaria con orientaci\u00f3n en Educaci\u00f3n permanente de J\u00f3venes y Adultos<\/span><\/p>\n\n\n\n<hr style=\"background-color: gray;\nopacity: 25%;\n  height: 0.5px;\n  margin-left: 0%;\n  width: 50%;\">\n\n\n\n<p><span style=\"color: #0000ff;\"><a style=\"color: #0000ff;\" href=\"https:\/\/ens7-caba.infd.edu.ar\/aula\/archivos\/repositorio\/\/3000\/3113\/Res_ssgecp_532_15anexo_PEP.pdf\"><span style=\"font-family: tahoma, arial, helvetica, sans-serif; font-size: 12pt;\"><strong>Plan de estudio<\/strong><\/span><\/a><\/span><\/p>\n\n\n\n<p><strong><a href=\"https:\/\/view.genially.com\/62e87b656bfa2e0013580f6c\/guide-plan-de-estudios-pep\" target=\"_blank\" rel=\"noreferrer noopener\">Correlatividades<\/a><\/strong><\/p>\n\n\n\n<p><span style=\"color: #000000; font-family: tahoma, arial, helvetica, sans-serif; font-size: 12pt;\"><strong>Espacios de Definici\u00f3n Institucional (EDI)<\/strong><\/span><\/p>\n\n\n\n<p><span style=\"color: #800000; font-family: tahoma, arial, helvetica, sans-serif; font-size: 12pt;\"><strong><span style=\"color: #000000;\">Proyecto del Normal 7: <em>Pr\u00e1cticas docentes: Diversidad de contextos y de destinatarias\/os en Nivel Inicial y Nivel Primario<\/em><\/span><\/strong><\/span><\/p>\n\n\n<figure class=\"wp-block-table\">\n<table style=\"color: black;\">\n<tbody style=\"color: black;\">\n<tr style=\"background-color: rgba(45, 42, 103,70%); color: white;\">\n<td style=\"border: 1px black solid; border-right: 1px solid white;\">Campo<\/td>\n<td style=\"border: 1px black solid; border-right: 1px solid white;\">Espacios<\/td>\n<td style=\"border: 1px black solid; border-right: 1px solid white;\">Horas c\u00e1tedra presenciales semanales<\/td>\n<td style=\"border: 1px black solid; border-right: 1px solid white;\">Horas c\u00e1tedra presenciales cuatrimestrales<\/td>\n<td style=\"border: 1px black solid; border-right: 1px solid white;\">Trabajo aut\u00f3nomo estud\/cuatrim.<\/td>\n<td style=\"border: 1px black solid;\">Trabajo de campo<\/td>\n<\/tr>\n<tr>\n<td>&nbsp;<\/td>\n<td><span style=\"color: #000000;\">Taller de escritura acad\u00e9mica<\/span><\/td>\n<td><span style=\"color: #000000;\">3 hs<\/span><\/td>\n<td><span style=\"color: #000000;\">48 hs<\/span><\/td>\n<td>&nbsp;<\/td>\n<td>&nbsp;<\/td>\n<\/tr>\n<tr>\n<td><span style=\"color: #000000;\">CFE<\/span><\/td>\n<td><span style=\"color: #000000;\">Dise\u00f1o y evaluaci\u00f3n de proyectos culturales<\/span><\/td>\n<td><span style=\"color: #000000;\">3 hs<\/span><\/td>\n<td><span style=\"color: #000000;\">48 hs<\/span><\/td>\n<td><span style=\"color: #000000;\">8 hs \u2013 Incluye articulaci\u00f3n con Taller de Escritura y Edici\u00f3n<\/span><\/td>\n<td>&nbsp;<\/td>\n<\/tr>\n<tr>\n<td>&nbsp;<\/td>\n<td><span style=\"color: #000000;\">Educaci\u00f3n de J\u00f3venes y Adultos<\/span><\/td>\n<td><span style=\"color: #000000;\">6 hs<\/span><\/td>\n<td><span style=\"color: #000000;\">96 hs<\/span><\/td>\n<td>&nbsp;<\/td>\n<td>&nbsp;<\/td>\n<\/tr>\n<tr style=\"background-color: rgba(87, 85, 133,30%);\">\n<td colspan=\"3\"><span style=\"color: #000000;\">Total de hs CFE<\/span><\/td>\n<td colspan=\"3\"><span style=\"color: #000000;\">200<\/span><\/td>\n<\/tr>\n<tr>\n<td rowspan=\"3\"><span style=\"color: #000000;\">CFPP<\/span><\/td>\n<td><span style=\"color: #000000;\">Taller de Juegoteca<\/span><\/td>\n<td><span style=\"color: #000000;\">3 hs<\/span><\/td>\n<td><span style=\"color: #000000;\">48 hs<\/span><\/td>\n<td>&nbsp;<\/td>\n<td>&nbsp;<\/td>\n<\/tr>\n<tr>\n<td><span style=\"color: #000000;\">Taller de Dise\u00f1o y evaluaci\u00f3n de proyectos culturales<\/span><\/td>\n<td><span style=\"color: #000000;\">3+3 hs<\/span><\/td>\n<td><span style=\"color: #000000;\">96 hs<\/span><\/td>\n<td>&nbsp;<\/td>\n<td>&nbsp;<\/td>\n<\/tr>\n<tr>\n<td><span style=\"color: #000000;\">Taller de Educaci\u00f3n de J\u00f3venes y Adultos<\/span><\/td>\n<td><span style=\"color: #000000;\">3 hs<\/span><\/td>\n<td><span style=\"color: #000000;\">48 hs<\/span><\/td>\n<td><span style=\"color: #000000;\">8 hs<\/span><\/td>\n<td>&nbsp;<\/td>\n<\/tr>\n<tr style=\"background-color: rgba(87, 85, 133,30%);\">\n<td colspan=\"3\"><span style=\"color: #000000;\">Total de horas CFPP<\/span><\/td>\n<td colspan=\"3\"><span style=\"color: #000000;\">200<\/span><\/td>\n<\/tr>\n<tr style=\"background-color: rgba(87, 85, 133,30%);\">\n<td colspan=\"3\"><span style=\"color: #000000;\">Total de horas EDI<\/span><\/td>\n<td colspan=\"3\"><span style=\"color: #000000;\">400<\/span><\/td>\n<\/tr>\n<\/tbody>\n<\/table>\n<\/figure>\n\n\n<p><span style=\"font-family: tahoma, arial, helvetica, sans-serif; font-size: 12pt;\"><a title=\"https:\/\/ens7-caba.infd.edu.ar\/aula\/archivos\/repositorio\/\/3000\/3111\/Res_ssgecp_532_15_PEP.pdf\" href=\"https:\/\/ens7-caba.infd.edu.ar\/aula\/archivos\/repositorio\/\/3000\/3111\/Res_ssgecp_532_15_PEP.pdf\" target=\"_NEW\" rel=\"noopener\">Resoluci\u00f3n 532-A\u00f1o 2015<\/a><\/span><\/p>\n\n\n\n<p><span style=\"color: #800000; font-family: helvetica;\"><span style=\"color: #000000; font-family: tahoma, arial, helvetica, sans-serif; font-size: 12pt;\"><a title=\"https:\/\/ens7-caba.infd.edu.ar\/aula\/archivos\/repositorio\/\/3000\/3113\/Res_ssgecp_532_15anexo_PEP.pdf\" href=\"https:\/\/ens7-caba.infd.edu.ar\/aula\/archivos\/repositorio\/\/3000\/3113\/Res_ssgecp_532_15anexo_PEP.pdf\" target=\"_NEW\" rel=\"noopener\">Anexo Resoluci\u00f3n 532-A\u00f1o 2015<\/a><\/span><\/span><\/p>\n\n\n\n<p><span style=\"font-family: tahoma,arial,helvetica,sans-serif; font-size: 12pt;\"><a title=\"https:\/\/ens7-caba.infd.edu.ar\/aula\/archivos\/repositorio\/\/2750\/2768\/Resol-2016-257-SSPELINED_ANEXO_correlatividades_PEP.pdf\" href=\"https:\/\/ens7-caba.infd.edu.ar\/aula\/archivos\/repositorio\/\/2750\/2768\/Resol-2016-257-SSPELINED_ANEXO_correlatividades_PEP.pdf\" target=\"_NEW\" rel=\"noopener\">Correlatividades<\/a><\/span><\/p>\n\n\n\n<p><span style=\"font-family: tahoma,arial,helvetica,sans-serif; font-size: 12pt;\"><a title=\"https:\/\/ens7-caba.infd.edu.ar\/aula\/archivos\/repositorio\/\/2750\/2765\/Resol-2016-257-SSPELINED_correlatividades_PEP.pdf\" href=\"https:\/\/ens7-caba.infd.edu.ar\/aula\/archivos\/repositorio\/\/2750\/2765\/Resol-2016-257-SSPELINED_correlatividades_PEP.pdf\" target=\"_NEW\" rel=\"noopener\">Disposici\u00f3n correlatividades<\/a><\/span><\/p>\n","protected":false},"excerpt":{"rendered":"<p>El Profesorado de Educaci\u00f3n Primaria forma docentes para desempe\u00f1arse en el Nivel Primario. Es una carrera de&nbsp;4 a\u00f1os&nbsp;de duraci\u00f3n y su formaci\u00f3n incluye: Titulaci\u00f3n ofrecida: Profesorado de Educaci\u00f3n Primaria Incumbencia del t\u00edtulo: Nivel Primario A\u00f1os de duraci\u00f3n: 4 a\u00f1os Carga horaria total (horas reloj): 2.600 Cantidad de unidades curriculares: 44 ORIENTACI\u00d3N DEFINIDA INSTITUCIONALMENTE Profesor\/a de &#8230; <a title=\"Profesorado de Educaci\u00f3n Primaria\" class=\"read-more\" href=\"https:\/\/ens7-caba.infd.edu.ar\/sitio\/profesorado-de-educacion-primaria\/\" aria-label=\"More on Profesorado de Educaci\u00f3n Primaria\">[+]<\/a><\/p>\n","protected":false},"author":2274,"featured_media":0,"parent":0,"menu_order":0,"comment_status":"closed","ping_status":"closed","template":"","meta":[],"acf":[],"_links":{"self":[{"href":"https:\/\/ens7-caba.infd.edu.ar\/sitio\/wp-json\/wp\/v2\/pages\/859"}],"collection":[{"href":"https:\/\/ens7-caba.infd.edu.ar\/sitio\/wp-json\/wp\/v2\/pages"}],"about":[{"href":"https:\/\/ens7-caba.infd.edu.ar\/sitio\/wp-json\/wp\/v2\/types\/page"}],"author":[{"embeddable":true,"href":"https:\/\/ens7-caba.infd.edu.ar\/sitio\/wp-json\/wp\/v2\/users\/2274"}],"replies":[{"embeddable":true,"href":"https:\/\/ens7-caba.infd.edu.ar\/sitio\/wp-json\/wp\/v2\/comments?post=859"}],"version-history":[{"count":28,"href":"https:\/\/ens7-caba.infd.edu.ar\/sitio\/wp-json\/wp\/v2\/pages\/859\/revisions"}],"predecessor-version":[{"id":4637,"href":"https:\/\/ens7-caba.infd.edu.ar\/sitio\/wp-json\/wp\/v2\/pages\/859\/revisions\/4637"}],"wp:attachment":[{"href":"https:\/\/ens7-caba.infd.edu.ar\/sitio\/wp-json\/wp\/v2\/media?parent=859"}],"curies":[{"name":"wp","href":"https:\/\/api.w.org\/{rel}","templated":true}]}}