{"id":868,"date":"2018-06-28T16:31:52","date_gmt":"2018-06-28T19:31:52","guid":{"rendered":"https:\/\/ens7-caba.infd.edu.ar\/sitio\/tutoras\/"},"modified":"2025-04-14T10:17:21","modified_gmt":"2025-04-14T13:17:21","slug":"tutoras","status":"publish","type":"page","link":"https:\/\/ens7-caba.infd.edu.ar\/sitio\/tutoras\/","title":{"rendered":"Tutoras"},"content":{"rendered":"<p style=\"text-align: center;\"><span data-mce-mark=\"1\">Es un espacio de apoyo, orientaci\u00f3n y acompa\u00f1amiento articulando la resoluci\u00f3n de problem\u00e1ticas derivadas de las distintas necesidades de los procesos de formaci\u00f3n de los estudiantes.<\/span><\/p>\n<table style=\"height: 70px;\" width=\"789\">\n<tbody>\n<tr>\n<td style=\"text-align: center; background-color: #ccccda;\" colspan=\"2\"><span data-mce-mark=\"1\">Tutoras<\/span><\/td>\n<\/tr>\n<tr>\n<td style=\"text-align: center;\">Julieta Jacubowicz<\/td>\n<td style=\"text-align: center;\">Cecilia Travnik<\/td>\n<\/tr>\n<\/tbody>\n<\/table>\n<p style=\"text-align: center;\">Mail de tutor\u00edas: <strong>tutoriaterciario.normal7@bue.edu.ar<\/strong><\/p>\n<div id=\"yiv3569657990yui_3_16_0_1_1417021449132_8569\">\n<div id=\"yiv3569657990yui_3_16_0_1_1417021449132_8568\">\n<div id=\"yiv3569657990yui_3_16_0_1_1417021449132_8567\"><\/div>\n<\/div>\n<\/div>\n","protected":false},"excerpt":{"rendered":"<p>Es un espacio de apoyo, orientaci\u00f3n y acompa\u00f1amiento articulando la resoluci\u00f3n de problem\u00e1ticas derivadas de las distintas necesidades de los procesos de formaci\u00f3n de los estudiantes. Tutoras Julieta Jacubowicz Cecilia Travnik Mail de tutor\u00edas: tutoriaterciario.normal7@bue.edu.ar<\/p>\n","protected":false},"author":2274,"featured_media":0,"parent":0,"menu_order":0,"comment_status":"closed","ping_status":"closed","template":"","meta":[],"acf":[],"_links":{"self":[{"href":"https:\/\/ens7-caba.infd.edu.ar\/sitio\/wp-json\/wp\/v2\/pages\/868"}],"collection":[{"href":"https:\/\/ens7-caba.infd.edu.ar\/sitio\/wp-json\/wp\/v2\/pages"}],"about":[{"href":"https:\/\/ens7-caba.infd.edu.ar\/sitio\/wp-json\/wp\/v2\/types\/page"}],"author":[{"embeddable":true,"href":"https:\/\/ens7-caba.infd.edu.ar\/sitio\/wp-json\/wp\/v2\/users\/2274"}],"replies":[{"embeddable":true,"href":"https:\/\/ens7-caba.infd.edu.ar\/sitio\/wp-json\/wp\/v2\/comments?post=868"}],"version-history":[{"count":9,"href":"https:\/\/ens7-caba.infd.edu.ar\/sitio\/wp-json\/wp\/v2\/pages\/868\/revisions"}],"predecessor-version":[{"id":4609,"href":"https:\/\/ens7-caba.infd.edu.ar\/sitio\/wp-json\/wp\/v2\/pages\/868\/revisions\/4609"}],"wp:attachment":[{"href":"https:\/\/ens7-caba.infd.edu.ar\/sitio\/wp-json\/wp\/v2\/media?parent=868"}],"curies":[{"name":"wp","href":"https:\/\/api.w.org\/{rel}","templated":true}]}}