{"id":870,"date":"2018-06-28T16:31:53","date_gmt":"2018-06-28T19:31:53","guid":{"rendered":"https:\/\/ens7-caba.infd.edu.ar\/sitio\/conduccion-nivel-terciario\/"},"modified":"2025-05-07T18:59:23","modified_gmt":"2025-05-07T21:59:23","slug":"conduccion-nivel-terciario","status":"publish","type":"page","link":"https:\/\/ens7-caba.infd.edu.ar\/sitio\/conduccion-nivel-terciario\/","title":{"rendered":"Conducci\u00f3n Nivel Terciario"},"content":{"rendered":"<figure class=\"wp-block-table alignwide\">\n<table>\n<tbody>\n<tr>\n<td class=\"has-text-align-center\" style=\"background-color: #2d2a67;\" data-align=\"center\"><span style=\"color: #ffffff;\"><strong>Consejo Directivo<\/strong><\/span><\/td>\n<td class=\"has-text-align-center\" style=\"background-color: #2d2a67;\" data-align=\"center\"><span style=\"color: #ffffff;\"><strong>Consejo de Gesti\u00f3n Acad\u00e9mica<\/strong><\/span><\/td>\n<\/tr>\n<tr>\n<td class=\"has-text-align-center\" data-align=\"center\"><strong>Integrantes<\/strong><br \/>\n<em>Presidenta: Silvina Lofeudo (Vicerrectora)<\/em><br \/>\n<em>Violeta Wolinsky (Regente)<\/em><\/td>\n<td class=\"has-text-align-center\" data-align=\"center\"><strong>Regente del Nivel Terciario<\/strong><\/p>\n<p>Violeta Wolinsky<\/td>\n<\/tr>\n<tr>\n<td class=\"has-text-align-center\" data-align=\"center\"><strong>Claustro Docentes<\/strong><\/p>\n<div><em>Jimena Dib<\/em><\/div>\n<div><em>Cecilia Travnik<\/em><\/div>\n<div><em>Anal\u00eda Finger<\/em><\/div>\n<div><em>Luc\u00eda Litvak<\/em><\/div>\n<div><em>Clara Lopardo<\/em><\/div>\n<div><em>Eva \u00c1lamo<\/em><\/div>\n<\/td>\n<td class=\"has-text-align-center\" rowspan=\"4\" data-align=\"center\"><strong>Coordinadoras del Campo<\/strong><br \/>\n<strong>de Formaci\u00f3n General(PEP Y PEI)\u00a0 \u00a0<\/strong><\/p>\n<p><em>Ver\u00f3nica Rusler<\/em><br \/>\n<em>Karina Trillo<\/em><\/p>\n<p><strong>Coordinadoras del Campo<\/strong><br \/>\n<strong>\u00a0de Formaci\u00f3n Espec\u00edfica PEI<\/strong><br \/>\n<em>Carolina Luzuriaga<\/em><br \/>\n<em>Fabiana Tasca<\/em><\/p>\n<p><strong>Coordinadoras del Campo<\/strong><br \/>\n<strong>\u00a0de Formaci\u00f3n Espec\u00edfica PEP<\/strong><br \/>\n<em>Jimena Dib<\/em><br \/>\n<em>Sabrina Silberstein<\/em><\/p>\n<p><strong>Coordinadoras del Campo<\/strong><br \/>\n<strong>de las Pr\u00e1cticas Docentes\u00a0 PEI<\/strong><br \/>\n<em>Natalia Caruso<\/em><br \/>\n<em>Claudia Charnik<\/em><\/p>\n<p><strong>Coordinadoras del Campo de las<\/strong><br \/>\n<strong>Pr\u00e1cticas Docentes\u00a0 PEP<\/strong><br \/>\n<em>Valeria Buitron<\/em><br \/>\n<em>\u00a0Gladys Tedesco<\/em><\/td>\n<\/tr>\n<tr>\n<td class=\"has-text-align-center\" data-align=\"center\"><strong>Claustro Estudiantes<\/strong><\/p>\n<div><em>Malena Mazzei<\/em><\/div>\n<div><em>Carola Marchetta<\/em><\/div>\n<div><em>Micaela Neo<\/em><\/div>\n<div><em>Ezequiel\u00a0 Libfrand<\/em><\/div>\n<div><em>Sofia Gluschnaider<\/em><\/div>\n<div><em>Malena Reina<\/em><\/div>\n<\/td>\n<\/tr>\n<tr>\n<td class=\"has-text-align-center\" data-align=\"center\"><strong>Claustro Graduados<\/strong><\/p>\n<div><em>Marina Rodr\u00edguez de Diago<\/em><\/div>\n<div><em>Nicolas Grushka<\/em><\/div>\n<\/td>\n<\/tr>\n<\/tbody>\n<\/table>\n<\/figure>\n","protected":false},"excerpt":{"rendered":"<p>Consejo Directivo Consejo de Gesti\u00f3n Acad\u00e9mica Integrantes Presidenta: Silvina Lofeudo (Vicerrectora) Violeta Wolinsky (Regente) Regente del Nivel Terciario Violeta Wolinsky Claustro Docentes Jimena Dib Cecilia Travnik Anal\u00eda Finger Luc\u00eda Litvak Clara Lopardo Eva \u00c1lamo Coordinadoras del Campo de Formaci\u00f3n General(PEP Y PEI)\u00a0 \u00a0 Ver\u00f3nica Rusler Karina Trillo Coordinadoras del Campo \u00a0de Formaci\u00f3n Espec\u00edfica PEI Carolina &#8230; <a title=\"Conducci\u00f3n Nivel Terciario\" class=\"read-more\" href=\"https:\/\/ens7-caba.infd.edu.ar\/sitio\/conduccion-nivel-terciario\/\" aria-label=\"More on Conducci\u00f3n Nivel Terciario\">[+]<\/a><\/p>\n","protected":false},"author":2274,"featured_media":0,"parent":0,"menu_order":0,"comment_status":"closed","ping_status":"closed","template":"","meta":[],"acf":[],"_links":{"self":[{"href":"https:\/\/ens7-caba.infd.edu.ar\/sitio\/wp-json\/wp\/v2\/pages\/870"}],"collection":[{"href":"https:\/\/ens7-caba.infd.edu.ar\/sitio\/wp-json\/wp\/v2\/pages"}],"about":[{"href":"https:\/\/ens7-caba.infd.edu.ar\/sitio\/wp-json\/wp\/v2\/types\/page"}],"author":[{"embeddable":true,"href":"https:\/\/ens7-caba.infd.edu.ar\/sitio\/wp-json\/wp\/v2\/users\/2274"}],"replies":[{"embeddable":true,"href":"https:\/\/ens7-caba.infd.edu.ar\/sitio\/wp-json\/wp\/v2\/comments?post=870"}],"version-history":[{"count":45,"href":"https:\/\/ens7-caba.infd.edu.ar\/sitio\/wp-json\/wp\/v2\/pages\/870\/revisions"}],"predecessor-version":[{"id":4622,"href":"https:\/\/ens7-caba.infd.edu.ar\/sitio\/wp-json\/wp\/v2\/pages\/870\/revisions\/4622"}],"wp:attachment":[{"href":"https:\/\/ens7-caba.infd.edu.ar\/sitio\/wp-json\/wp\/v2\/media?parent=870"}],"curies":[{"name":"wp","href":"https:\/\/api.w.org\/{rel}","templated":true}]}}