{"id":886,"date":"2018-07-03T17:23:35","date_gmt":"2018-07-03T20:23:35","guid":{"rendered":"https:\/\/ens7-caba.infd.edu.ar\/sitio\/?page_id=886"},"modified":"2022-05-19T11:41:33","modified_gmt":"2022-05-19T14:41:33","slug":"tramites-solicitud-de-equivalencias","status":"publish","type":"page","link":"https:\/\/ens7-caba.infd.edu.ar\/sitio\/tramites-solicitud-de-equivalencias\/","title":{"rendered":"Tr\u00e1mites solicitud de equivalencias"},"content":{"rendered":"<p>Fecha de presentaci\u00f3n de equivalencias:<\/p>\n<p>\u2013 1\u00ba Cuatrimestre: mes de ABRIL.<\/p>\n<p>\u2013 2\u00ba Cuatrimestre: mes SEPTIEMBRE.<\/p>\n<p>-Los programas que se evaluar\u00e1n para la equivalencia no podr\u00e1n exceder los 10 a\u00f1os de antig\u00fcedad.<\/p>\n<p>\u2013 Cada estudiante, debe entrar a la <strong>p\u00e1gina del profesorado<\/strong> para revisar los <strong>contenidos <\/strong>de las asignaturas por la cuales van a pedir equivalencia y comparar tanto el contenido como la <strong>bibliograf\u00eda<\/strong> para hacer una primera evaluaci\u00f3n personal sobre la posibilidad de que sea otorgada.<\/p>\n<p>Solo se reconocer\u00e1n aquellas instancias que concuerden, al menos, en un 75% en contenidos y autores abordados.<\/p>\n<p>Si no alcanzara la concordancia en un 75%, pero tuviera m\u00e1s del 50% en com\u00fan en contenidos y bibliograf\u00eda, se dar\u00e1 la posibilidad de realizar un <strong>trabajo<\/strong> para completar la equivalencia.<\/p>\n<p>Presentar en una carpeta 3 solapas oficio la siguiente documentaci\u00f3n:<\/p>\n<p>\u2013 Completar una <a href=\"https:\/\/ens7-caba.infd.edu.ar\/aula\/archivos\/repositorio\/\/5000\/5038\/F04-Solicitud_de_equivalencias.pdf\">SOLICITUD DE EQUIVALENCIA (F04)<\/a> por cada materia que se solicita sea aprobada reconocida por equivalencia y adjuntar el\/los programa\/s. Los Programas deben estar foliados (numeradas las hojas) y autenticados por la instituci\u00f3n donde fueron aprobadas y acompa\u00f1ados de un certificado de aprobaci\u00f3n de la\/s materias\/s, con la calificaci\u00f3n y fecha de aprobaci\u00f3n, debidamente legalizado.<\/p>\n<p>El formulario de solicitud debe estar completo <strong>en todos los campos en forma correcta,<\/strong> con el detalle del nombre de la asignatura que solicita sea reconocida; el nombre de la materia aprobada en la Instituci\u00f3n en la que la hubiera cursado.<\/p>\n<p>Descargar <a href=\"https:\/\/ens7-caba.infd.edu.ar\/aula\/archivos\/repositorio\/\/5000\/5038\/F04-Solicitud_de_equivalencias.pdf\"><u>formulario de solicitud de equivalencias<\/u><\/a><\/p>\n<p>-Dejar la carpeta en bedel\u00eda.<\/p>\n<p>-Duraci\u00f3n del tr\u00e1mite: 30 d\u00edas.<\/p>\n<p>-El\/La estudiante deber\u00e1 seguir concurriendo en forma regular a clase, cumplimentando todos los requisitos de la c\u00e1tedra, hasta que se le comunique la resoluci\u00f3n de las equivalencias.<\/p>\n<ul>\n<li style=\"list-style-type: none;\">\n<ul>\n<li style=\"list-style-type: none;\"><\/li>\n<\/ul>\n<\/li>\n<\/ul>\n<p><strong>Tener en cuenta que:<\/strong><\/p>\n<p>\u2013 En todos los casos se realiza el an\u00e1lisis del programa presentado seg\u00fan el enfoque y desarrollo de este realizado por el profesor\/a que dict\u00f3 la instancia curricular aprobada.<\/p>\n<p>\u2013 No se otorgan equivalencias autom\u00e1ticas de Planes de estudio anteriores o s\u00f3lo por coincidencia del nombre de la materia aprobada en otras carreras.<\/p>\n<p>\u2013 Por cada programa presentado se otorga la equivalencia de una instancia curricular.<\/p>\n<p>\u2013 Tambi\u00e9n se puede obtener, la equivalencia de una instancia con la presentaci\u00f3n de varios programas que incluyan y completen las tem\u00e1ticas de la instancia solicitada.<\/p>\n<p>\u2013 No se considerar\u00e1n programas que se presenten con datos incompletos; deben tener, adem\u00e1s de la autenticaci\u00f3n por la instituci\u00f3n que lo expidi\u00f3: nombre de la instancia, profesor que la dict\u00f3, duraci\u00f3n de esta (anual, cuatrimestral, horas c\u00e1tedra), alcances de la materia (fundamentaci\u00f3n, objetivos o expectativas de logro), contenidos, bibliograf\u00eda obligatoria para el estudiante y formas de evaluaci\u00f3n para la aprobaci\u00f3n.<\/p>\n<p>\u2013 Las fotocopias que se presenten deben ser claramente legibles en todas sus partes.<\/p>\n<p>\u2013 La equivalencia de contenidos se determina en comparaci\u00f3n con los documentos curriculares que fundamentan el actual Plan de Estudios de los Profesorados de Formaci\u00f3n Docente. Por lo tanto, previo al pedido de la equivalencia, el estudiante debe consultar dichos documentos en la Bedel\u00eda del normal (dejando el DNI mientras est\u00e1 consultando) o descargando los documentos, as\u00ed podr\u00e1 verificar la relaci\u00f3n existente entre el programa que presenta y la instancia sobre la que solicita equivalencia.<\/p>\n<p><span style=\"font-family: 'comic sans ms', sans-serif; font-size: 12pt; color: #800000;\">\u00a0 \u00a0 \u00a0<a class=\"LinkModi\" title=\"https:\/\/ens7-caba.infd.edu.ar\/aula\/archivos\/repositorio\/\/500\/740\/Res%206635%20Prof%20Educ%20Primaria.pdf\" href=\"https:\/\/ens7-caba.infd.edu.ar\/aula\/archivos\/repositorio\/\/500\/740\/Res%206635%20Prof%20Educ%20Primaria.pdf\" target=\"_NEW\" rel=\"noopener\">Descargar Documento Curricular Plan Estudio PEP 6635\/09\u00a0\u00a0<\/a><\/span><\/p>\n<p><span style=\"font-family: 'comic sans ms', sans-serif; font-size: 12pt; color: #800000;\">\u00a0 \u00a0 \u00a0<a class=\"LinkModi\" title=\"https:\/\/ens7-caba.infd.edu.ar\/aula\/archivos\/repositorio\/\/500\/738\/Res%206626%20Prof%20Educ%20Inicial.pdf\" href=\"https:\/\/ens7-caba.infd.edu.ar\/aula\/archivos\/repositorio\/\/500\/738\/Res%206626%20Prof%20Educ%20Inicial.pdf\" target=\"_NEW\" rel=\"noopener\">Descargar\u00a0Documento Curricular Plan Estudio PEI\u00a0 6626\/09<\/a><\/span><\/p>\n<p>&#8211; En los casos en que deban presentar un trabajo para completar la equivalencia, el mismo debe presentarse, como m\u00e1ximo, en las mesas de examen que siguen a la solicitud. Dicha presentaci\u00f3n tendr\u00e1 devoluci\u00f3n del profesor en fecha a informar. La producci\u00f3n no tendr\u00e1 nota num\u00e9rica, sino que ser\u00e1 aprobado o desaprobado.<\/p>\n<p>\u2013 Para el otorgamiento de equivalencia en las instancias con formato de Seminario se tendr\u00e1n en cuenta los contenidos estudiados en el programa y las formas de producci\u00f3n evaluaci\u00f3n del trabajo presentado.<\/p>\n<p>\u2013 Por la unidad Nuevas tecnolog\u00edas no se otorga equivalencia; el estudiante que considere que domina todos los contenidos exigidos tiene la opci\u00f3n de rendir un examen de aprobaci\u00f3n sin obligaci\u00f3n de cursada previa.<\/p>\n<p>\u2013 El otorgamiento o no de las equivalencias es resuelto por la Coordinaci\u00f3n del Campo, en consulta con profesores especialistas en\u00a0el dictado de cada una de las instancias solicitadas.<\/p>\n","protected":false},"excerpt":{"rendered":"<p>Fecha de presentaci\u00f3n de equivalencias: \u2013 1\u00ba Cuatrimestre: mes de ABRIL. \u2013 2\u00ba Cuatrimestre: mes SEPTIEMBRE. -Los programas que se evaluar\u00e1n para la equivalencia no podr\u00e1n exceder los 10 a\u00f1os de antig\u00fcedad. \u2013 Cada estudiante, debe entrar a la p\u00e1gina del profesorado para revisar los contenidos de las asignaturas por la cuales van a pedir &#8230; <a title=\"Tr\u00e1mites solicitud de equivalencias\" class=\"read-more\" href=\"https:\/\/ens7-caba.infd.edu.ar\/sitio\/tramites-solicitud-de-equivalencias\/\" aria-label=\"More on Tr\u00e1mites solicitud de equivalencias\">[+]<\/a><\/p>\n","protected":false},"author":2274,"featured_media":0,"parent":0,"menu_order":0,"comment_status":"closed","ping_status":"closed","template":"","meta":[],"acf":[],"_links":{"self":[{"href":"https:\/\/ens7-caba.infd.edu.ar\/sitio\/wp-json\/wp\/v2\/pages\/886"}],"collection":[{"href":"https:\/\/ens7-caba.infd.edu.ar\/sitio\/wp-json\/wp\/v2\/pages"}],"about":[{"href":"https:\/\/ens7-caba.infd.edu.ar\/sitio\/wp-json\/wp\/v2\/types\/page"}],"author":[{"embeddable":true,"href":"https:\/\/ens7-caba.infd.edu.ar\/sitio\/wp-json\/wp\/v2\/users\/2274"}],"replies":[{"embeddable":true,"href":"https:\/\/ens7-caba.infd.edu.ar\/sitio\/wp-json\/wp\/v2\/comments?post=886"}],"version-history":[{"count":5,"href":"https:\/\/ens7-caba.infd.edu.ar\/sitio\/wp-json\/wp\/v2\/pages\/886\/revisions"}],"predecessor-version":[{"id":3195,"href":"https:\/\/ens7-caba.infd.edu.ar\/sitio\/wp-json\/wp\/v2\/pages\/886\/revisions\/3195"}],"wp:attachment":[{"href":"https:\/\/ens7-caba.infd.edu.ar\/sitio\/wp-json\/wp\/v2\/media?parent=886"}],"curies":[{"name":"wp","href":"https:\/\/api.w.org\/{rel}","templated":true}]}}