{"id":887,"date":"2018-07-03T17:24:21","date_gmt":"2018-07-03T20:24:21","guid":{"rendered":"https:\/\/ens7-caba.infd.edu.ar\/sitio\/?page_id=887"},"modified":"2018-07-10T12:52:21","modified_gmt":"2018-07-10T15:52:21","slug":"tramites-observaciones","status":"publish","type":"page","link":"https:\/\/ens7-caba.infd.edu.ar\/sitio\/tramites-observaciones\/","title":{"rendered":"Tr\u00e1mites Observaciones"},"content":{"rendered":"<p>&nbsp;<\/p>\n<ul>\n<li><span style=\"color: #800000; font-family: 'comic sans ms', sans-serif; font-size: 12pt;\">Se solicita en bedel\u00eda<\/span><\/li>\n<\/ul>\n<p><span style=\"color: #800000; font-family: 'comic sans ms', sans-serif; font-size: 12pt;\">\u00a0<\/span><\/p>\n<ul>\n<li><span style=\"color: #800000; font-family: 'comic sans ms', sans-serif; font-size: 12pt;\">La autorizaci\u00f3n est\u00e1 dirigida para los estudiantes que necesiten realizar un Trabajo Pr\u00e1ctico en los cuales le solicitan realizar una observaci\u00f3n en una Instituci\u00f3n Educativa.<\/span><\/li>\n<\/ul>\n<p><span style=\"color: #800000; font-family: 'comic sans ms', sans-serif; font-size: 12pt;\">\u00a0<\/span><\/p>\n<ul>\n<li><span style=\"color: #800000; font-family: 'comic sans ms', sans-serif; font-size: 12pt;\">Duraci\u00f3n del tr\u00e1mite: 7 d\u00edas h\u00e1biles<\/span><\/li>\n<\/ul>\n","protected":false},"excerpt":{"rendered":"<p>&nbsp; Se solicita en bedel\u00eda \u00a0 La autorizaci\u00f3n est\u00e1 dirigida para los estudiantes que necesiten realizar un Trabajo Pr\u00e1ctico en los cuales le solicitan realizar una observaci\u00f3n en una Instituci\u00f3n Educativa. \u00a0 Duraci\u00f3n del tr\u00e1mite: 7 d\u00edas h\u00e1biles<\/p>\n","protected":false},"author":2274,"featured_media":0,"parent":0,"menu_order":0,"comment_status":"closed","ping_status":"closed","template":"","meta":[],"acf":[],"_links":{"self":[{"href":"https:\/\/ens7-caba.infd.edu.ar\/sitio\/wp-json\/wp\/v2\/pages\/887"}],"collection":[{"href":"https:\/\/ens7-caba.infd.edu.ar\/sitio\/wp-json\/wp\/v2\/pages"}],"about":[{"href":"https:\/\/ens7-caba.infd.edu.ar\/sitio\/wp-json\/wp\/v2\/types\/page"}],"author":[{"embeddable":true,"href":"https:\/\/ens7-caba.infd.edu.ar\/sitio\/wp-json\/wp\/v2\/users\/2274"}],"replies":[{"embeddable":true,"href":"https:\/\/ens7-caba.infd.edu.ar\/sitio\/wp-json\/wp\/v2\/comments?post=887"}],"version-history":[{"count":1,"href":"https:\/\/ens7-caba.infd.edu.ar\/sitio\/wp-json\/wp\/v2\/pages\/887\/revisions"}],"predecessor-version":[{"id":1275,"href":"https:\/\/ens7-caba.infd.edu.ar\/sitio\/wp-json\/wp\/v2\/pages\/887\/revisions\/1275"}],"wp:attachment":[{"href":"https:\/\/ens7-caba.infd.edu.ar\/sitio\/wp-json\/wp\/v2\/media?parent=887"}],"curies":[{"name":"wp","href":"https:\/\/api.w.org\/{rel}","templated":true}]}}