{"id":888,"date":"2018-07-03T17:26:42","date_gmt":"2018-07-03T20:26:42","guid":{"rendered":"https:\/\/ens7-caba.infd.edu.ar\/sitio\/?page_id=888"},"modified":"2018-07-05T11:42:18","modified_gmt":"2018-07-05T14:42:18","slug":"tramite-cons-asist-a-practicas","status":"publish","type":"page","link":"https:\/\/ens7-caba.infd.edu.ar\/sitio\/tramite-cons-asist-a-practicas\/","title":{"rendered":"Tr\u00e1mite Constancia Asistencia a Pr\u00e1cticas"},"content":{"rendered":"<p>&nbsp;<\/p>\n<ul>\n<li><span style=\"color: #800000; font-family: 'comic sans ms', sans-serif; font-size: 12pt;\">Se solicita en bedel\u00eda.<\/span><\/li>\n<\/ul>\n<p><span style=\"color: #800000; font-family: 'comic sans ms', sans-serif; font-size: 12pt;\">\u00a0<\/span><\/p>\n<ul>\n<li><span style=\"color: #800000; font-family: 'comic sans ms', sans-serif; font-size: 12pt;\">Duraci\u00f3n del tr\u00e1mite: 7 d\u00edas<\/span><\/li>\n<\/ul>\n","protected":false},"excerpt":{"rendered":"<p>&nbsp; Se solicita en bedel\u00eda. \u00a0 Duraci\u00f3n del tr\u00e1mite: 7 d\u00edas<\/p>\n","protected":false},"author":2274,"featured_media":0,"parent":0,"menu_order":0,"comment_status":"closed","ping_status":"closed","template":"","meta":[],"acf":[],"_links":{"self":[{"href":"https:\/\/ens7-caba.infd.edu.ar\/sitio\/wp-json\/wp\/v2\/pages\/888"}],"collection":[{"href":"https:\/\/ens7-caba.infd.edu.ar\/sitio\/wp-json\/wp\/v2\/pages"}],"about":[{"href":"https:\/\/ens7-caba.infd.edu.ar\/sitio\/wp-json\/wp\/v2\/types\/page"}],"author":[{"embeddable":true,"href":"https:\/\/ens7-caba.infd.edu.ar\/sitio\/wp-json\/wp\/v2\/users\/2274"}],"replies":[{"embeddable":true,"href":"https:\/\/ens7-caba.infd.edu.ar\/sitio\/wp-json\/wp\/v2\/comments?post=888"}],"version-history":[{"count":2,"href":"https:\/\/ens7-caba.infd.edu.ar\/sitio\/wp-json\/wp\/v2\/pages\/888\/revisions"}],"predecessor-version":[{"id":1311,"href":"https:\/\/ens7-caba.infd.edu.ar\/sitio\/wp-json\/wp\/v2\/pages\/888\/revisions\/1311"}],"wp:attachment":[{"href":"https:\/\/ens7-caba.infd.edu.ar\/sitio\/wp-json\/wp\/v2\/media?parent=888"}],"curies":[{"name":"wp","href":"https:\/\/api.w.org\/{rel}","templated":true}]}}