{"id":890,"date":"2018-07-03T17:31:45","date_gmt":"2018-07-03T20:31:45","guid":{"rendered":"https:\/\/ens7-caba.infd.edu.ar\/sitio\/?page_id=890"},"modified":"2018-07-10T12:52:21","modified_gmt":"2018-07-10T15:52:21","slug":"tramites-titulo-en-tramite","status":"publish","type":"page","link":"https:\/\/ens7-caba.infd.edu.ar\/sitio\/tramites-titulo-en-tramite\/","title":{"rendered":"Tr\u00e1mites T\u00edtulo en Tramite"},"content":{"rendered":"<p>&nbsp;<\/p>\n<ul>\n<li><span style=\"color: #800000; font-family: 'comic sans ms', sans-serif; font-size: 12pt;\">Se solicita en bedel\u00eda<\/span><\/li>\n<li><span style=\"font-family: 'comic sans ms', sans-serif; color: #800000; font-size: 12pt;\">\u00a0<\/span><span style=\"color: #800000; font-family: 'comic sans ms', sans-serif; font-size: 12pt;\">Duraci\u00f3n del tr\u00e1mite: 7 d\u00edas.\u00a0<\/span><\/li>\n<\/ul>\n","protected":false},"excerpt":{"rendered":"<p>&nbsp; Se solicita en bedel\u00eda \u00a0Duraci\u00f3n del tr\u00e1mite: 7 d\u00edas.\u00a0<\/p>\n","protected":false},"author":2274,"featured_media":0,"parent":0,"menu_order":0,"comment_status":"closed","ping_status":"closed","template":"","meta":[],"acf":[],"_links":{"self":[{"href":"https:\/\/ens7-caba.infd.edu.ar\/sitio\/wp-json\/wp\/v2\/pages\/890"}],"collection":[{"href":"https:\/\/ens7-caba.infd.edu.ar\/sitio\/wp-json\/wp\/v2\/pages"}],"about":[{"href":"https:\/\/ens7-caba.infd.edu.ar\/sitio\/wp-json\/wp\/v2\/types\/page"}],"author":[{"embeddable":true,"href":"https:\/\/ens7-caba.infd.edu.ar\/sitio\/wp-json\/wp\/v2\/users\/2274"}],"replies":[{"embeddable":true,"href":"https:\/\/ens7-caba.infd.edu.ar\/sitio\/wp-json\/wp\/v2\/comments?post=890"}],"version-history":[{"count":1,"href":"https:\/\/ens7-caba.infd.edu.ar\/sitio\/wp-json\/wp\/v2\/pages\/890\/revisions"}],"predecessor-version":[{"id":1279,"href":"https:\/\/ens7-caba.infd.edu.ar\/sitio\/wp-json\/wp\/v2\/pages\/890\/revisions\/1279"}],"wp:attachment":[{"href":"https:\/\/ens7-caba.infd.edu.ar\/sitio\/wp-json\/wp\/v2\/media?parent=890"}],"curies":[{"name":"wp","href":"https:\/\/api.w.org\/{rel}","templated":true}]}}