{"id":891,"date":"2018-07-03T17:32:36","date_gmt":"2018-07-03T20:32:36","guid":{"rendered":"https:\/\/ens7-caba.infd.edu.ar\/sitio\/?page_id=891"},"modified":"2018-07-10T12:52:21","modified_gmt":"2018-07-10T15:52:21","slug":"tramites-pase-en-tramite","status":"publish","type":"page","link":"https:\/\/ens7-caba.infd.edu.ar\/sitio\/tramites-pase-en-tramite\/","title":{"rendered":"Tramites pase en tramite"},"content":{"rendered":"<p><span style=\"font-family: 'comic sans ms', sans-serif; font-size: 12pt; color: #800000;\">-Solicitar por\u00a0<\/span><span style=\"font-family: 'comic sans ms', sans-serif; font-size: 12pt; color: #800000;\">nota al mail de bedel\u00eda:<\/span><span style=\"font-family: 'comic sans ms', sans-serif; font-size: 12pt; color: #800000;\">\u00a0<\/span><a style=\"font-family: 'comic sans ms', sans-serif; font-size: 12pt;\" href=\"mailto:ens7_bedel%C3%ADa@bue.edu.ar\" target=\"_blank\" rel=\"noopener\"><span style=\"font-size: 12pt; color: #800000;\">ens7_bedel\u00eda@bue.edu.ar<\/span><\/a><span style=\"font-family: 'comic sans ms', sans-serif; font-size: 12pt; color: #800000;\">\u00a0<\/span><span style=\"font-family: 'comic sans ms', sans-serif; font-size: 12pt; color: #800000;\">: En el asunto poner solicitud de pase; en el cuerpo explicar los motivo\/s y la instituci\u00f3n a la cual se traslada. Firmar con Apellido\/s y Nombre\/s completo\/s, DNI, Tel\u00e9fono\/s.<\/span><\/p>\n<p>&nbsp;<\/p>\n<p id=\"yui_3_16_0_1_1415154610035_3233\" class=\"yiv6332550218msonormal\"><span style=\"font-family: 'comic sans ms', sans-serif; font-size: 12pt; color: #800000;\">-El mail ser\u00e1 reenviado a Regencia y Coordinaci\u00f3n para evaluar la solicitud. En caso necesario ser\u00e1 cistado\/a para una entrevista personal.<\/span><\/p>\n<p class=\"yiv6332550218msonormal\">\n<p id=\"yui_3_16_0_1_1415154610035_3242\" class=\"yiv6332550218msonormal\"><span style=\"font-family: 'comic sans ms', sans-serif; font-size: 12pt; color: #800000;\" data-mce-mark=\"1\">-Duraci\u00f3n del tr\u00e1mite: 7 d\u00edas<\/span><\/p>\n","protected":false},"excerpt":{"rendered":"<p>-Solicitar por\u00a0nota al mail de bedel\u00eda:\u00a0ens7_bedel\u00eda@bue.edu.ar\u00a0: En el asunto poner solicitud de pase; en el cuerpo explicar los motivo\/s y la instituci\u00f3n a la cual se traslada. Firmar con Apellido\/s y Nombre\/s completo\/s, DNI, Tel\u00e9fono\/s. &nbsp; -El mail ser\u00e1 reenviado a Regencia y Coordinaci\u00f3n para evaluar la solicitud. En caso necesario ser\u00e1 cistado\/a para una &#8230; <a title=\"Tramites pase en tramite\" class=\"read-more\" href=\"https:\/\/ens7-caba.infd.edu.ar\/sitio\/tramites-pase-en-tramite\/\" aria-label=\"More on Tramites pase en tramite\">[+]<\/a><\/p>\n","protected":false},"author":2274,"featured_media":0,"parent":0,"menu_order":0,"comment_status":"closed","ping_status":"closed","template":"","meta":[],"acf":[],"_links":{"self":[{"href":"https:\/\/ens7-caba.infd.edu.ar\/sitio\/wp-json\/wp\/v2\/pages\/891"}],"collection":[{"href":"https:\/\/ens7-caba.infd.edu.ar\/sitio\/wp-json\/wp\/v2\/pages"}],"about":[{"href":"https:\/\/ens7-caba.infd.edu.ar\/sitio\/wp-json\/wp\/v2\/types\/page"}],"author":[{"embeddable":true,"href":"https:\/\/ens7-caba.infd.edu.ar\/sitio\/wp-json\/wp\/v2\/users\/2274"}],"replies":[{"embeddable":true,"href":"https:\/\/ens7-caba.infd.edu.ar\/sitio\/wp-json\/wp\/v2\/comments?post=891"}],"version-history":[{"count":1,"href":"https:\/\/ens7-caba.infd.edu.ar\/sitio\/wp-json\/wp\/v2\/pages\/891\/revisions"}],"predecessor-version":[{"id":1280,"href":"https:\/\/ens7-caba.infd.edu.ar\/sitio\/wp-json\/wp\/v2\/pages\/891\/revisions\/1280"}],"wp:attachment":[{"href":"https:\/\/ens7-caba.infd.edu.ar\/sitio\/wp-json\/wp\/v2\/media?parent=891"}],"curies":[{"name":"wp","href":"https:\/\/api.w.org\/{rel}","templated":true}]}}