{"id":893,"date":"2018-06-28T16:32:06","date_gmt":"2018-06-28T19:32:06","guid":{"rendered":"https:\/\/ens7-caba.infd.edu.ar\/sitio\/regulares\/"},"modified":"2026-03-11T08:14:41","modified_gmt":"2026-03-11T11:14:41","slug":"regulares","status":"publish","type":"page","link":"https:\/\/ens7-caba.infd.edu.ar\/sitio\/regulares\/","title":{"rendered":"Regulares"},"content":{"rendered":"\n<p class=\"has-text-align-center\"><a href=\"https:\/\/ens7-caba.infd.edu.ar\/aula\/archivos\/repositorio\/\/5750\/5848\/PEP_HORARIOS_REGULARES_1er__cuatrimestre_2026.docx.pdf\" target=\"_blank\" rel=\"noreferrer noopener\">Horario PEP Primer Cuatrimestre<\/a><\/p>\n\n\n\n<p class=\"has-text-align-center\"><a href=\"https:\/\/ens7-caba.infd.edu.ar\/aula\/archivos\/repositorio\/\/5750\/5849\/PEI_HORARIOS_Regulares_1_cuatrimestre_2026.docx.pdf\" target=\"_blank\" rel=\"noreferrer noopener\">Horario PEI Primer Cuatrimestre<\/a><\/p>\n\n\n\n<iframe loading=\"lazy\" src=\"https:\/\/drive.google.com\/file\/d\/1woD0UqdiRRbgwc0liwaSNnfbvOcdquJb\/preview\" width=\"1040\" height=\"680\"><\/iframe>\n\n\n<p><strong><u>INFORMACI\u00d3N IMPORTANTE PARA TENER EN CUENTA\u2026<\/u><\/strong><\/p>\n<ul>\n<li>No se har\u00e1n inscripciones fuera de fecha o modificaciones.<\/li>\n<\/ul>\n<p><strong>Las mesas de examen de julio\/diciembre ser\u00e1n con inscripci\u00f3n de estudiantes <u>obligatoria y virtual<\/u> a trav\u00e9s del sistema SIU. Por lo que es fundamental que tengan en cuenta:<\/strong><\/p>\n<ul>\n<li>Cuando se inscriben en SIU en una mesa (especialmente si tiene dos llamados) s\u00f3lo podr\u00e1n presentarse en la que se anotaron y no se podr\u00e1n hacer modificaciones, m\u00e1s all\u00e1 de que estuviera justificada o no la ausencia.<\/li>\n<li>Si se anotan y no asisten, adem\u00e1s de perder el turno de examen, cada docente deber\u00e1 volcar en el libro de actas y SIU los presentes y ausentes a la mesa, por lo que ver\u00e1n el ausente en el sistema. Los docentes solo podr\u00e1n evaluar en la mesa de examen \u00fanicamente a estudiantes que se hayan inscripto previamente en el sistema y que est\u00e9n en el listado entregado por Bedel\u00eda.<\/li>\n<li>De necesitar asistencia en la inscripci\u00f3n a ex\u00e1menes o materias podr\u00e1n realizarlo en cada caso en Bedel\u00eda en los d\u00edas y horarios indicados en el cronograma.<\/li>\n<li>Las\/los estudiantes que hicieron materias como volantes recuerden que deben entregar presencialmente la constancia con la nota emitida por el Normal en el que cursaron (de lo contrario no se podr\u00e1 tomar esa materia como v\u00e1lida y no podr\u00e1n anotarse a sus correlativas).<\/li>\n<li>Les recordamos que es responsabilidad de cada estudiante conocer el plan de estudios y es su obligaci\u00f3n cumplir con el r\u00e9gimen de correlatividades. En caso de anotarse en una materia adeudando su correlativa, se le podr\u00e1 dar de baja a su inscripci\u00f3n en cualquier momento del cuatrimestre, inclusive una vez finalizado el mismo.<\/li>\n<\/ul>\n<p>Cuota Cooperadora<\/p>\n<p><u>Cuota Social A\u00f1o Lectivo 2026<\/u><\/p>\n<p>Los valores mensuales son:<\/p>\n<ul>\n<li>Hasta el 30\/3: $6000<\/li>\n<\/ul>\n<p><u>Formas de pago<\/u>:<\/p>\n<ul>\n<li>En efectivo, por cuaderno de comunicaciones o en la oficina<\/li>\n<li>Por transferencia bancaria<\/li>\n<\/ul>\n<p><em>Nuestros datos<\/em><\/p>\n<p>Raz\u00f3n Social: Asociaci\u00f3n Civil Belgrano Cooperadora ENS 7<\/p>\n<p>C.U.I.T.: 30-67912582-2<\/p>\n<p>Tipo de cuenta: Corriente<\/p>\n<p>N\u00famero de cuenta: 000000630000000567<\/p>\n<p>CBU: 0290063600000000005678<\/p>\n<p>Alias:&nbsp;<strong>coope.del.7<\/strong><\/p>\n<p>Luego de realizar la transferencia les pedimos que nos informen el pago completando el formulario, haciendo clic&nbsp;<strong><a href=\"https:\/\/form.jotform.com\/210527991501049\">ac\u00e1<\/a><\/strong>.<\/p>\n<p><strong>\u00a1Muchas gracias por el aporte!<\/strong><\/p>\n<p><strong>Contacto<\/strong>:&nbsp;<a href=\"mailto:cooperadora.ens7de2@bue.edu.ar\">cooperadora.ens7de2@bue.edu.ar<\/a><\/p>\n<p><strong>M\u00e1s informaci\u00f3n en<\/strong>&nbsp;<a href=\"https:\/\/linktr.ee\/CooperadoraENS7\">https:\/\/linktr.ee\/CooperadoraENS7<\/a><\/p>","protected":false},"excerpt":{"rendered":"<p>Horario PEP Primer Cuatrimestre Horario PEI Primer Cuatrimestre INFORMACI\u00d3N IMPORTANTE PARA TENER EN CUENTA\u2026 No se har\u00e1n inscripciones fuera de fecha o modificaciones. Las mesas de examen de julio\/diciembre ser\u00e1n con inscripci\u00f3n de estudiantes obligatoria y virtual a trav\u00e9s del sistema SIU. Por lo que es fundamental que tengan en cuenta: Cuando se inscriben en &#8230; <a title=\"Regulares\" class=\"read-more\" href=\"https:\/\/ens7-caba.infd.edu.ar\/sitio\/regulares\/\" aria-label=\"More on Regulares\">[+]<\/a><\/p>\n","protected":false},"author":2274,"featured_media":0,"parent":0,"menu_order":0,"comment_status":"closed","ping_status":"closed","template":"","meta":[],"acf":[],"_links":{"self":[{"href":"https:\/\/ens7-caba.infd.edu.ar\/sitio\/wp-json\/wp\/v2\/pages\/893"}],"collection":[{"href":"https:\/\/ens7-caba.infd.edu.ar\/sitio\/wp-json\/wp\/v2\/pages"}],"about":[{"href":"https:\/\/ens7-caba.infd.edu.ar\/sitio\/wp-json\/wp\/v2\/types\/page"}],"author":[{"embeddable":true,"href":"https:\/\/ens7-caba.infd.edu.ar\/sitio\/wp-json\/wp\/v2\/users\/2274"}],"replies":[{"embeddable":true,"href":"https:\/\/ens7-caba.infd.edu.ar\/sitio\/wp-json\/wp\/v2\/comments?post=893"}],"version-history":[{"count":86,"href":"https:\/\/ens7-caba.infd.edu.ar\/sitio\/wp-json\/wp\/v2\/pages\/893\/revisions"}],"predecessor-version":[{"id":4858,"href":"https:\/\/ens7-caba.infd.edu.ar\/sitio\/wp-json\/wp\/v2\/pages\/893\/revisions\/4858"}],"wp:attachment":[{"href":"https:\/\/ens7-caba.infd.edu.ar\/sitio\/wp-json\/wp\/v2\/media?parent=893"}],"curies":[{"name":"wp","href":"https:\/\/api.w.org\/{rel}","templated":true}]}}