{"id":906,"date":"2018-07-03T17:33:22","date_gmt":"2018-07-03T20:33:22","guid":{"rendered":"https:\/\/ens7-caba.infd.edu.ar\/sitio\/?page_id=906"},"modified":"2025-05-21T13:37:25","modified_gmt":"2025-05-21T16:37:25","slug":"tramites-sol-programas-legalizados","status":"publish","type":"page","link":"https:\/\/ens7-caba.infd.edu.ar\/sitio\/tramites-sol-programas-legalizados\/","title":{"rendered":"Tr\u00e1mites sol Programas Legalizados"},"content":{"rendered":"<ul>\n<li><span style=\"color: #800000; font-family: 'comic sans ms', sans-serif; font-size: 12pt;\">Solicitar en bedel\u00eda<\/span><\/li>\n<\/ul>\n<ul>\n<li><span style=\"color: #800000; font-family: 'comic sans ms', sans-serif; font-size: 12pt;\">Duraci\u00f3n del tr\u00e1mite: 30 d\u00edas aproximadamente.\u00a0<\/span><\/li>\n<\/ul>\n","protected":false},"excerpt":{"rendered":"<p>Solicitar en bedel\u00eda Duraci\u00f3n del tr\u00e1mite: 30 d\u00edas aproximadamente.\u00a0<\/p>\n","protected":false},"author":2274,"featured_media":0,"parent":0,"menu_order":0,"comment_status":"closed","ping_status":"closed","template":"","meta":[],"acf":[],"_links":{"self":[{"href":"https:\/\/ens7-caba.infd.edu.ar\/sitio\/wp-json\/wp\/v2\/pages\/906"}],"collection":[{"href":"https:\/\/ens7-caba.infd.edu.ar\/sitio\/wp-json\/wp\/v2\/pages"}],"about":[{"href":"https:\/\/ens7-caba.infd.edu.ar\/sitio\/wp-json\/wp\/v2\/types\/page"}],"author":[{"embeddable":true,"href":"https:\/\/ens7-caba.infd.edu.ar\/sitio\/wp-json\/wp\/v2\/users\/2274"}],"replies":[{"embeddable":true,"href":"https:\/\/ens7-caba.infd.edu.ar\/sitio\/wp-json\/wp\/v2\/comments?post=906"}],"version-history":[{"count":2,"href":"https:\/\/ens7-caba.infd.edu.ar\/sitio\/wp-json\/wp\/v2\/pages\/906\/revisions"}],"predecessor-version":[{"id":4672,"href":"https:\/\/ens7-caba.infd.edu.ar\/sitio\/wp-json\/wp\/v2\/pages\/906\/revisions\/4672"}],"wp:attachment":[{"href":"https:\/\/ens7-caba.infd.edu.ar\/sitio\/wp-json\/wp\/v2\/media?parent=906"}],"curies":[{"name":"wp","href":"https:\/\/api.w.org\/{rel}","templated":true}]}}