{"id":908,"date":"2018-07-03T17:43:01","date_gmt":"2018-07-03T20:43:01","guid":{"rendered":"https:\/\/ens7-caba.infd.edu.ar\/sitio\/?page_id=908"},"modified":"2018-07-10T12:52:21","modified_gmt":"2018-07-10T15:52:21","slug":"tramites-equiv-plan-anterior","status":"publish","type":"page","link":"https:\/\/ens7-caba.infd.edu.ar\/sitio\/tramites-equiv-plan-anterior\/","title":{"rendered":"Tramites equiv plan anterior"},"content":{"rendered":"<p>&nbsp;<\/p>\n<p><span style=\"color: #800000; font-family: 'comic sans ms', sans-serif; font-size: 12pt;\">\u00a0<\/span><\/p>\n<ul>\n<li><span style=\"color: #800000; font-family: 'comic sans ms', sans-serif; font-size: 12pt;\">Las unidades curriculares del Campo de la Formaci\u00f3n General (CFG) se otorgar\u00e1n autom\u00e1ticamente dado que pertenecen a ambos planes de estudios (PEP Res 6635\/09 y PEI Res 6626\/09).<\/span><\/li>\n<\/ul>\n","protected":false},"excerpt":{"rendered":"<p>&nbsp; \u00a0 Las unidades curriculares del Campo de la Formaci\u00f3n General (CFG) se otorgar\u00e1n autom\u00e1ticamente dado que pertenecen a ambos planes de estudios (PEP Res 6635\/09 y PEI Res 6626\/09).<\/p>\n","protected":false},"author":2274,"featured_media":0,"parent":0,"menu_order":0,"comment_status":"closed","ping_status":"closed","template":"","meta":[],"acf":[],"_links":{"self":[{"href":"https:\/\/ens7-caba.infd.edu.ar\/sitio\/wp-json\/wp\/v2\/pages\/908"}],"collection":[{"href":"https:\/\/ens7-caba.infd.edu.ar\/sitio\/wp-json\/wp\/v2\/pages"}],"about":[{"href":"https:\/\/ens7-caba.infd.edu.ar\/sitio\/wp-json\/wp\/v2\/types\/page"}],"author":[{"embeddable":true,"href":"https:\/\/ens7-caba.infd.edu.ar\/sitio\/wp-json\/wp\/v2\/users\/2274"}],"replies":[{"embeddable":true,"href":"https:\/\/ens7-caba.infd.edu.ar\/sitio\/wp-json\/wp\/v2\/comments?post=908"}],"version-history":[{"count":1,"href":"https:\/\/ens7-caba.infd.edu.ar\/sitio\/wp-json\/wp\/v2\/pages\/908\/revisions"}],"predecessor-version":[{"id":1286,"href":"https:\/\/ens7-caba.infd.edu.ar\/sitio\/wp-json\/wp\/v2\/pages\/908\/revisions\/1286"}],"wp:attachment":[{"href":"https:\/\/ens7-caba.infd.edu.ar\/sitio\/wp-json\/wp\/v2\/media?parent=908"}],"curies":[{"name":"wp","href":"https:\/\/api.w.org\/{rel}","templated":true}]}}