{"id":909,"date":"2018-07-03T17:37:15","date_gmt":"2018-07-03T20:37:15","guid":{"rendered":"https:\/\/ens7-caba.infd.edu.ar\/sitio\/?page_id=909"},"modified":"2018-07-10T12:52:21","modified_gmt":"2018-07-10T15:52:21","slug":"tramite-por-duplicado-de-titulo-por-extravio","status":"publish","type":"page","link":"https:\/\/ens7-caba.infd.edu.ar\/sitio\/tramite-por-duplicado-de-titulo-por-extravio\/","title":{"rendered":"Tr\u00e1mite por  duplicado de t\u00edtulo por extrav\u00edo"},"content":{"rendered":"<p>&nbsp;<\/p>\n<ul>\n<li><span style=\"color: #800000; font-family: 'comic sans ms', sans-serif; font-size: 12pt;\">Solicitarlo en Prosecretar\u00eda Nivel Terciario presentando:<\/span><\/li>\n<\/ul>\n<p><span style=\"color: #800000; font-family: 'comic sans ms', sans-serif; font-size: 12pt;\">\u00a0 \u00a0 \u00a0 \u00a0 \u00a0 &#8211; Fotocopia de DNI.<\/span><\/p>\n<p><span style=\"color: #800000; font-family: 'comic sans ms', sans-serif; font-size: 12pt;\">\u00a0 \u00a0 \u00a0 \u00a0 \u00a0 &#8211; Original y fotocopia de denuncia policial por extrav\u00edo.<\/span><\/p>\n<p><span style=\"color: #800000; font-family: 'comic sans ms', sans-serif; font-size: 12pt;\">\u00a0<\/span><\/p>\n<p><span style=\"color: #800000; font-family: 'comic sans ms', sans-serif; font-size: 12pt;\"><strong>Tener en cuenta que:<\/strong><\/span><\/p>\n<p><span style=\"color: #800000; font-family: 'comic sans ms', sans-serif; font-size: 12pt;\">&#8211; Se emitir\u00e1 Constancia de t\u00edtulo en tr\u00e1mite.<\/span><\/p>\n","protected":false},"excerpt":{"rendered":"<p>&nbsp; Solicitarlo en Prosecretar\u00eda Nivel Terciario presentando: \u00a0 \u00a0 \u00a0 \u00a0 \u00a0 &#8211; Fotocopia de DNI. \u00a0 \u00a0 \u00a0 \u00a0 \u00a0 &#8211; Original y fotocopia de denuncia policial por extrav\u00edo. \u00a0 Tener en cuenta que: &#8211; Se emitir\u00e1 Constancia de t\u00edtulo en tr\u00e1mite.<\/p>\n","protected":false},"author":2274,"featured_media":0,"parent":0,"menu_order":0,"comment_status":"closed","ping_status":"closed","template":"","meta":[],"acf":[],"_links":{"self":[{"href":"https:\/\/ens7-caba.infd.edu.ar\/sitio\/wp-json\/wp\/v2\/pages\/909"}],"collection":[{"href":"https:\/\/ens7-caba.infd.edu.ar\/sitio\/wp-json\/wp\/v2\/pages"}],"about":[{"href":"https:\/\/ens7-caba.infd.edu.ar\/sitio\/wp-json\/wp\/v2\/types\/page"}],"author":[{"embeddable":true,"href":"https:\/\/ens7-caba.infd.edu.ar\/sitio\/wp-json\/wp\/v2\/users\/2274"}],"replies":[{"embeddable":true,"href":"https:\/\/ens7-caba.infd.edu.ar\/sitio\/wp-json\/wp\/v2\/comments?post=909"}],"version-history":[{"count":1,"href":"https:\/\/ens7-caba.infd.edu.ar\/sitio\/wp-json\/wp\/v2\/pages\/909\/revisions"}],"predecessor-version":[{"id":1282,"href":"https:\/\/ens7-caba.infd.edu.ar\/sitio\/wp-json\/wp\/v2\/pages\/909\/revisions\/1282"}],"wp:attachment":[{"href":"https:\/\/ens7-caba.infd.edu.ar\/sitio\/wp-json\/wp\/v2\/media?parent=909"}],"curies":[{"name":"wp","href":"https:\/\/api.w.org\/{rel}","templated":true}]}}