{"id":910,"date":"2018-07-03T17:38:56","date_gmt":"2018-07-03T20:38:56","guid":{"rendered":"https:\/\/ens7-caba.infd.edu.ar\/sitio\/?page_id=910"},"modified":"2018-07-10T12:52:21","modified_gmt":"2018-07-10T15:52:21","slug":"tramite-cert-analitico","status":"publish","type":"page","link":"https:\/\/ens7-caba.infd.edu.ar\/sitio\/tramite-cert-analitico\/","title":{"rendered":"Tramite cert analitico"},"content":{"rendered":"<ul>\n<li style=\"list-style-type: none;\">\n<ul>\n<li><span style=\"font-size: 12pt; color: #800000; font-family: 'comic sans ms', sans-serif;\">S\u00f3lo para Egresados de los Profesorados anteriores a Julio 2009 inclusive<\/span><\/li>\n<\/ul>\n<\/li>\n<\/ul>\n<p><span style=\"color: #800000; font-family: 'comic sans ms', sans-serif; font-size: 12pt;\">\u00a0<\/span><\/p>\n<ul>\n<li style=\"list-style-type: none;\">\n<ul>\n<li style=\"list-style-type: none;\">\n<ul>\n<li><span style=\"font-size: 12pt; color: #800000; font-family: 'comic sans ms', sans-serif;\">Solicitarlo en Prosecretar\u00eda Nivel Terciario presentando:<\/span><\/li>\n<\/ul>\n<\/li>\n<\/ul>\n<\/li>\n<\/ul>\n<p><span style=\"color: #800000; font-family: 'comic sans ms', sans-serif; font-size: 12pt;\">\u00a0 \u00a0 \u00a0 \u00a0 \u00a0&#8211; Fotocopia de DNI.<\/span><\/p>\n<p><span style=\"color: #800000; font-family: 'comic sans ms', sans-serif; font-size: 12pt;\">\u00a0 \u00a0 \u00a0 \u00a0 \u00a0&#8211; T\u00edtulo original completo (Tal\u00f3n t\u00edtulo y Tal\u00f3n Ceremonial) para su devoluci\u00f3n al Registro de T\u00edtulos y posterior emisi\u00f3n con el nuevo formulario.<\/span><\/p>\n<p><span style=\"color: #800000; font-family: 'comic sans ms', sans-serif; font-size: 12pt;\">\u00a0 \u00a0 \u00a0 \u00a0 \u00a0&#8211; Ante extrav\u00edo de cualquiera de los talones, deber\u00e1 tramitar Duplicado de T\u00edtulo<\/span><\/p>\n<p>&nbsp;<\/p>\n<p><span style=\"color: #800000; font-family: 'comic sans ms', sans-serif; font-size: 12pt;\"><strong>Tener en cuenta que:<\/strong><\/span><\/p>\n<p><span style=\"color: #800000; font-family: 'comic sans ms', sans-serif; font-size: 12pt;\">&#8211; Se emitir\u00e1 Constancia de t\u00edtulo en tr\u00e1mite.<\/span><\/p>\n","protected":false},"excerpt":{"rendered":"<p>S\u00f3lo para Egresados de los Profesorados anteriores a Julio 2009 inclusive \u00a0 Solicitarlo en Prosecretar\u00eda Nivel Terciario presentando: \u00a0 \u00a0 \u00a0 \u00a0 \u00a0&#8211; Fotocopia de DNI. \u00a0 \u00a0 \u00a0 \u00a0 \u00a0&#8211; T\u00edtulo original completo (Tal\u00f3n t\u00edtulo y Tal\u00f3n Ceremonial) para su devoluci\u00f3n al Registro de T\u00edtulos y posterior emisi\u00f3n con el nuevo formulario. \u00a0 \u00a0 &#8230; <a title=\"Tramite cert analitico\" class=\"read-more\" href=\"https:\/\/ens7-caba.infd.edu.ar\/sitio\/tramite-cert-analitico\/\" aria-label=\"More on Tramite cert analitico\">[+]<\/a><\/p>\n","protected":false},"author":2274,"featured_media":0,"parent":0,"menu_order":0,"comment_status":"closed","ping_status":"closed","template":"","meta":[],"acf":[],"_links":{"self":[{"href":"https:\/\/ens7-caba.infd.edu.ar\/sitio\/wp-json\/wp\/v2\/pages\/910"}],"collection":[{"href":"https:\/\/ens7-caba.infd.edu.ar\/sitio\/wp-json\/wp\/v2\/pages"}],"about":[{"href":"https:\/\/ens7-caba.infd.edu.ar\/sitio\/wp-json\/wp\/v2\/types\/page"}],"author":[{"embeddable":true,"href":"https:\/\/ens7-caba.infd.edu.ar\/sitio\/wp-json\/wp\/v2\/users\/2274"}],"replies":[{"embeddable":true,"href":"https:\/\/ens7-caba.infd.edu.ar\/sitio\/wp-json\/wp\/v2\/comments?post=910"}],"version-history":[{"count":2,"href":"https:\/\/ens7-caba.infd.edu.ar\/sitio\/wp-json\/wp\/v2\/pages\/910\/revisions"}],"predecessor-version":[{"id":1284,"href":"https:\/\/ens7-caba.infd.edu.ar\/sitio\/wp-json\/wp\/v2\/pages\/910\/revisions\/1284"}],"wp:attachment":[{"href":"https:\/\/ens7-caba.infd.edu.ar\/sitio\/wp-json\/wp\/v2\/media?parent=910"}],"curies":[{"name":"wp","href":"https:\/\/api.w.org\/{rel}","templated":true}]}}