{"id":944,"date":"2018-07-01T12:22:30","date_gmt":"2018-07-01T15:22:30","guid":{"rendered":"https:\/\/ens7-caba.infd.edu.ar\/sitio\/?page_id=944"},"modified":"2018-07-10T12:52:23","modified_gmt":"2018-07-10T15:52:23","slug":"programas-2014","status":"publish","type":"page","link":"https:\/\/ens7-caba.infd.edu.ar\/sitio\/programas-2014\/","title":{"rendered":"Programas 2014"},"content":{"rendered":"<p>&nbsp;<\/p>\n<ul type=\"square\">\n<li>\n<p style=\"line-height: 100%; margin-top: 8px; margin-bottom: 0px; margin-left: 6px; word-spacing: 0px;\"><span style=\"font-family: MS Sans Serif; font-size: small;\"><a title=\"Programas 1\u00ba a\u00f1o\" href=\"https:\/\/ens7-caba.infd.edu.ar\/sitio\/programas-1o-ano\/\">1\u00ba a\u00f1o<\/a><\/span><\/p>\n<\/li>\n<li>\n<p style=\"line-height: 100%; margin-top: 8px; margin-bottom: 0px; margin-left: 6px; word-spacing: 0px;\"><span style=\"font-family: MS Sans Serif; font-size: small;\"><a title=\"Programas 2\u00ba a\u00f1o\" href=\"https:\/\/ens7-caba.infd.edu.ar\/sitio\/programas-2o-ano\/\">2\u00ba a\u00f1o<\/a><\/span><\/p>\n<\/li>\n<li>\n<p style=\"line-height: 100%; margin-top: 8px; margin-bottom: 0px; margin-left: 6px; word-spacing: 0px;\"><span style=\"font-family: MS Sans Serif; font-size: small;\"><a title=\"Programas 3\u00ba a\u00f1o\" href=\"https:\/\/ens7-caba.infd.edu.ar\/sitio\/programas-3o-ano\/\">3\u00ba a\u00f1o<\/a><\/span><\/p>\n<\/li>\n<li>\n<p style=\"line-height: 100%; margin-top: 8px; margin-bottom: 0px; margin-left: 6px; word-spacing: 0px;\"><span style=\"font-family: MS Sans Serif; font-size: small;\"><a title=\"Programas 4\u00ba a\u00f1o\" href=\"https:\/\/ens7-caba.infd.edu.ar\/sitio\/programas-4o-ano\/\">4\u00ba a\u00f1o<\/a><\/span><\/p>\n<\/li>\n<li>\n<p style=\"line-height: 100%; margin-top: 8px; margin-bottom: 0px; margin-left: 6px; word-spacing: 0px;\"><span style=\"font-family: MS Sans Serif; font-size: small;\"><a title=\"Programas 5\u00ba a\u00f1o\" href=\"https:\/\/ens7-caba.infd.edu.ar\/sitio\/programas-5o-ano\/\">5\u00ba a\u00f1o<\/a><\/span><\/p>\n<\/li>\n<\/ul>\n<p style=\"text-align: center;\"><span style=\"text-decoration: underline;\"><em><span style=\"font-family: arial, helvetica, sans-serif; font-size: 12pt;\">Importante<\/span><\/em><\/span><\/p>\n<p><em><span style=\"font-family: arial, helvetica, sans-serif; font-size: 12pt;\">Para poder imprimir los programas tienen que utilizar el navegador Mozilla. Buscar el programa e imprimir directamente del boton de impresi\u00f3n que muestra la p\u00e1gina.<\/span><\/em><\/p>\n<p><em><span style=\"font-family: arial, helvetica, sans-serif; font-size: 12pt;\">No podr\u00e1n imprimir el archivo si lo descargan.<\/span><\/em><\/p>\n","protected":false},"excerpt":{"rendered":"<p>&nbsp; 1\u00ba a\u00f1o 2\u00ba a\u00f1o 3\u00ba a\u00f1o 4\u00ba a\u00f1o 5\u00ba a\u00f1o Importante Para poder imprimir los programas tienen que utilizar el navegador Mozilla. Buscar el programa e imprimir directamente del boton de impresi\u00f3n que muestra la p\u00e1gina. No podr\u00e1n imprimir el archivo si lo descargan.<\/p>\n","protected":false},"author":2274,"featured_media":0,"parent":0,"menu_order":0,"comment_status":"closed","ping_status":"closed","template":"","meta":[],"acf":[],"_links":{"self":[{"href":"https:\/\/ens7-caba.infd.edu.ar\/sitio\/wp-json\/wp\/v2\/pages\/944"}],"collection":[{"href":"https:\/\/ens7-caba.infd.edu.ar\/sitio\/wp-json\/wp\/v2\/pages"}],"about":[{"href":"https:\/\/ens7-caba.infd.edu.ar\/sitio\/wp-json\/wp\/v2\/types\/page"}],"author":[{"embeddable":true,"href":"https:\/\/ens7-caba.infd.edu.ar\/sitio\/wp-json\/wp\/v2\/users\/2274"}],"replies":[{"embeddable":true,"href":"https:\/\/ens7-caba.infd.edu.ar\/sitio\/wp-json\/wp\/v2\/comments?post=944"}],"version-history":[{"count":3,"href":"https:\/\/ens7-caba.infd.edu.ar\/sitio\/wp-json\/wp\/v2\/pages\/944\/revisions"}],"predecessor-version":[{"id":1208,"href":"https:\/\/ens7-caba.infd.edu.ar\/sitio\/wp-json\/wp\/v2\/pages\/944\/revisions\/1208"}],"wp:attachment":[{"href":"https:\/\/ens7-caba.infd.edu.ar\/sitio\/wp-json\/wp\/v2\/media?parent=944"}],"curies":[{"name":"wp","href":"https:\/\/api.w.org\/{rel}","templated":true}]}}