{"id":947,"date":"2018-07-01T22:42:27","date_gmt":"2018-07-02T01:42:27","guid":{"rendered":"https:\/\/ens7-caba.infd.edu.ar\/sitio\/?page_id=947"},"modified":"2018-07-10T12:52:23","modified_gmt":"2018-07-10T15:52:23","slug":"programas-4o-ano","status":"publish","type":"page","link":"https:\/\/ens7-caba.infd.edu.ar\/sitio\/programas-4o-ano\/","title":{"rendered":"Programas 4\u00ba a\u00f1o"},"content":{"rendered":"<p style=\"text-align: center;\">\u00a0<span style=\"text-decoration: underline;\"><em><span style=\"font-family: arial, helvetica, sans-serif; font-size: 12pt;\">Importante<\/span><\/em><\/span><\/p>\n<p><em><span style=\"font-family: arial, helvetica, sans-serif; font-size: 12pt;\">Para poder imprimir los programas tienen que utilizar el navegador Mozilla. Buscar el programa e imprimir directamente del boton de impresi\u00f3n que muestra la p\u00e1gina.<\/span><\/em><\/p>\n<p><em><span style=\"font-family: arial, helvetica, sans-serif; font-size: 12pt;\">No podr\u00e1n imprimir el archivo si lo descargan.<\/span><\/em><\/p>\n<table id=\"table1\" style=\"width: 683px;\" border=\"0\">\n<tbody>\n<tr>\n<td style=\"border: 2px solid;\" align=\"middle\" width=\"26%\">\n<p style=\"line-height: 100%; margin-top: 8px; margin-bottom: 0px; margin-left: 6px; word-spacing: 0px;\"><strong><span style=\"font-family: MS Sans Serif;\">4\u00ba 1\u00ba<\/span><\/strong><\/p>\n<\/td>\n<td style=\"border: 2px solid;\" align=\"middle\" width=\"22%\">\n<p style=\"line-height: 100%; margin-top: 8px; margin-bottom: 0px; margin-left: 6px; word-spacing: 0px;\"><strong><span style=\"font-family: MS Sans Serif;\">4\u00ba 2\u00ba<\/span><\/strong><\/p>\n<\/td>\n<td style=\"border: 2px solid;\" align=\"middle\" width=\"22%\">\n<p style=\"line-height: 100%; margin-top: 8px; margin-bottom: 0px; margin-left: 6px; word-spacing: 0px;\"><strong><span style=\"font-family: MS Sans Serif;\">4\u00ba 3\u00ba<\/span><\/strong><\/p>\n<\/td>\n<td style=\"border: 2px solid;\" align=\"middle\" width=\"26%\">\n<p style=\"line-height: 100%; margin-top: 8px; margin-bottom: 0px; margin-left: 6px; word-spacing: 0px;\"><strong><span style=\"font-family: MS Sans Serif;\">4\u00ba 4\u00ba<\/span><\/strong><\/p>\n<\/td>\n<\/tr>\n<tr>\n<td style=\"border: 2px solid;\" width=\"26%\" height=\"18\"><span style=\"font-size: 10pt;\"><a class=\"LinkModi\" title=\"https:\/\/ens7-caba.infd.edu.ar\/aula\/archivos\/repositorio\/\/1250\/1348\/4literatura2014.pdf\" href=\"https:\/\/ens7-caba.infd.edu.ar\/aula\/archivos\/repositorio\/\/1250\/1348\/4literatura2014.pdf\" target=\"_NEW\">Literatura<\/a><\/span><\/td>\n<td style=\"border: 2px solid;\" width=\"26%\" height=\"18\"><span style=\"font-size: 10pt;\"><a class=\"LinkModi\" title=\"https:\/\/ens7-caba.infd.edu.ar\/aula\/archivos\/repositorio\/\/1250\/1348\/4literatura2014.pdf\" href=\"https:\/\/ens7-caba.infd.edu.ar\/aula\/archivos\/repositorio\/\/1250\/1348\/4literatura2014.pdf\" target=\"_NEW\">Literatura<\/a><\/span><\/td>\n<td style=\"border: 2px solid;\" width=\"26%\" height=\"18\"><span style=\"font-family: 'MS Sans Serif'; font-size: 10pt;\"><a class=\"LinkModi\" title=\"https:\/\/ens7-caba.infd.edu.ar\/aula\/archivos\/repositorio\/\/1250\/1402\/4toliteratura2014.pdf\" href=\"https:\/\/ens7-caba.infd.edu.ar\/aula\/archivos\/repositorio\/\/1250\/1402\/4toliteratura2014.pdf\" target=\"_NEW\">Lengua<\/a><\/span><\/td>\n<td style=\"border: 2px solid;\" width=\"26%\" height=\"18\"><span style=\"font-size: 10pt;\"><a class=\"LinkModi\" title=\"https:\/\/ens7-caba.infd.edu.ar\/aula\/archivos\/repositorio\/\/1250\/1402\/4toliteratura2014.pdf\" href=\"https:\/\/ens7-caba.infd.edu.ar\/aula\/archivos\/repositorio\/\/1250\/1402\/4toliteratura2014.pdf\" target=\"_NEW\">Lengua<\/a><\/span><\/td>\n<\/tr>\n<tr>\n<td style=\"border: 2px solid;\" width=\"26%\" height=\"18\"><span style=\"font-family: MS Sans Serif; font-size: small;\"><a class=\"LinkModi\" title=\"https:\/\/ens7-caba.infd.edu.ar\/aula\/archivos\/repositorio\/\/1500\/1525\/41_franc%E9s_2014.pdf\" href=\"https:\/\/ens7-caba.infd.edu.ar\/aula\/archivos\/repositorio\/\/1500\/1525\/41_franc%E9s_2014.pdf\" target=\"_NEW\">Franc\u00e9s<\/a>\/<a class=\"LinkModi\" title=\"https:\/\/ens7-caba.infd.edu.ar\/aula\/archivos\/repositorio\/\/1250\/1474\/4toingles2014.pdf\" href=\"https:\/\/ens7-caba.infd.edu.ar\/aula\/archivos\/repositorio\/\/1250\/1474\/4toingles2014.pdf\" target=\"_NEW\">Ingl\u00e9s<\/a><\/span><\/td>\n<td style=\"border: 2px solid;\" width=\"26%\" height=\"18\"><span style=\"font-family: MS Sans Serif; font-size: small;\"><a class=\"LinkModi\" title=\"https:\/\/ens7-caba.infd.edu.ar\/aula\/archivos\/repositorio\/\/1250\/1477\/4tofrances2014.pdf\" href=\"https:\/\/ens7-caba.infd.edu.ar\/aula\/archivos\/repositorio\/\/1250\/1477\/4tofrances2014.pdf\" target=\"_NEW\">Franc\u00e9s<\/a>\/<a class=\"LinkModi\" title=\"https:\/\/ens7-caba.infd.edu.ar\/aula\/archivos\/repositorio\/\/1250\/1474\/4toingles2014.pdf\" href=\"https:\/\/ens7-caba.infd.edu.ar\/aula\/archivos\/repositorio\/\/1250\/1474\/4toingles2014.pdf\" target=\"_NEW\">Ingl\u00e9s<\/a><\/span><\/td>\n<td style=\"border: 2px solid;\" width=\"26%\" height=\"18\"><span style=\"font-family: MS Sans Serif; font-size: small;\"><a class=\"LinkModi\" title=\"https:\/\/ens7-caba.infd.edu.ar\/aula\/archivos\/repositorio\/\/1250\/1477\/4tofrances2014.pdf\" href=\"https:\/\/ens7-caba.infd.edu.ar\/aula\/archivos\/repositorio\/\/1250\/1477\/4tofrances2014.pdf\" target=\"_NEW\">Franc\u00e9s<\/a>\/<a class=\"LinkModi\" title=\"https:\/\/ens7-caba.infd.edu.ar\/aula\/archivos\/repositorio\/\/1250\/1474\/4toingles2014.pdf\" href=\"https:\/\/ens7-caba.infd.edu.ar\/aula\/archivos\/repositorio\/\/1250\/1474\/4toingles2014.pdf\" target=\"_NEW\">Ingl\u00e9s<\/a><\/span><\/td>\n<td style=\"border: 2px solid;\" width=\"26%\" height=\"18\">\u00a0<span style=\"font-family: MS Sans Serif; font-size: small;\"><a class=\"LinkModi\" title=\"https:\/\/ens7-caba.infd.edu.ar\/aula\/archivos\/repositorio\/\/1250\/1477\/4tofrances2014.pdf\" href=\"https:\/\/ens7-caba.infd.edu.ar\/aula\/archivos\/repositorio\/\/1250\/1477\/4tofrances2014.pdf\" target=\"_NEW\">Franc\u00e9s<\/a>\/<a class=\"LinkModi\" title=\"https:\/\/ens7-caba.infd.edu.ar\/aula\/archivos\/repositorio\/\/1250\/1474\/4toingles2014.pdf\" href=\"https:\/\/ens7-caba.infd.edu.ar\/aula\/archivos\/repositorio\/\/1250\/1474\/4toingles2014.pdf\" target=\"_NEW\">Ingl\u00e9s<\/a><\/span><\/td>\n<\/tr>\n<tr>\n<td style=\"border: 2px solid;\" width=\"26%\" height=\"18\"><span style=\"font-size: 10pt;\"><a class=\"LinkModi\" title=\"https:\/\/ens7-caba.infd.edu.ar\/aula\/archivos\/repositorio\/\/1250\/1350\/4to3ra4to4tamatematica2014.pdf\" href=\"https:\/\/ens7-caba.infd.edu.ar\/aula\/archivos\/repositorio\/\/1250\/1350\/4to3ra4to4tamatematica2014.pdf\" target=\"_NEW\">Matem\u00e1tica<\/a><\/span><\/td>\n<td style=\"border: 2px solid;\" width=\"22%\" height=\"18\"><span style=\"font-family: MS Sans Serif; font-size: small;\"><a class=\"LinkModi\" title=\"https:\/\/ens7-caba.infd.edu.ar\/aula\/archivos\/repositorio\/\/1250\/1476\/4to2dabiologia2014.pdf\" href=\"https:\/\/ens7-caba.infd.edu.ar\/aula\/archivos\/repositorio\/\/1250\/1476\/4to2dabiologia2014.pdf\" target=\"_NEW\">Ciencias Biol\u00f3gicas<\/a><\/span><\/td>\n<td style=\"border: 2px solid;\" width=\"22%\" height=\"18\"><span style=\"font-family: 'MS Sans Serif'; font-size: 10pt;\"><a class=\"LinkModi\" title=\"https:\/\/ens7-caba.infd.edu.ar\/aula\/archivos\/repositorio\/\/1250\/1350\/4to3ra4to4tamatematica2014.pdf\" href=\"https:\/\/ens7-caba.infd.edu.ar\/aula\/archivos\/repositorio\/\/1250\/1350\/4to3ra4to4tamatematica2014.pdf\" target=\"_NEW\">Matem\u00e1tica<\/a><\/span><\/td>\n<td style=\"border: 2px solid;\" width=\"26%\" height=\"18\"><span style=\"font-size: 10pt;\"><a class=\"LinkModi\" title=\"https:\/\/ens7-caba.infd.edu.ar\/aula\/archivos\/repositorio\/\/1250\/1350\/4to3ra4to4tamatematica2014.pdf\" href=\"https:\/\/ens7-caba.infd.edu.ar\/aula\/archivos\/repositorio\/\/1250\/1350\/4to3ra4to4tamatematica2014.pdf\" target=\"_NEW\">Matem\u00e1tica<\/a><\/span><\/td>\n<\/tr>\n<tr>\n<td style=\"border: 2px solid;\" width=\"26%\" height=\"18\"><span style=\"font-family: MS Sans Serif; font-size: small;\"><a class=\"LinkModi\" title=\"https:\/\/ens7-caba.infd.edu.ar\/aula\/archivos\/repositorio\/\/1250\/1400\/4to1ra4to2dafisica2014.pdf\" href=\"https:\/\/ens7-caba.infd.edu.ar\/aula\/archivos\/repositorio\/\/1250\/1400\/4to1ra4to2dafisica2014.pdf\" target=\"_NEW\">F\u00edsica<\/a><\/span><\/td>\n<td style=\"border: 2px solid;\" width=\"22%\" height=\"18\"><span style=\"font-size: 10pt;\"><a class=\"LinkModi\" title=\"https:\/\/ens7-caba.infd.edu.ar\/aula\/archivos\/repositorio\/\/1250\/1350\/4to3ra4to4tamatematica2014.pdf\" href=\"https:\/\/ens7-caba.infd.edu.ar\/aula\/archivos\/repositorio\/\/1250\/1350\/4to3ra4to4tamatematica2014.pdf\" target=\"_NEW\">Matem\u00e1tica<\/a><\/span><\/td>\n<td style=\"border: 2px solid;\" width=\"22%\" height=\"18\"><span style=\"font-family: MS Sans Serif; font-size: small;\"><a class=\"LinkModi\" title=\"https:\/\/ens7-caba.infd.edu.ar\/aula\/archivos\/repositorio\/\/1250\/1351\/4to3rafisica2014.pdf\" href=\"https:\/\/ens7-caba.infd.edu.ar\/aula\/archivos\/repositorio\/\/1250\/1351\/4to3rafisica2014.pdf\" target=\"_NEW\">F\u00edsica<\/a><\/span><\/td>\n<td style=\"border: 2px solid;\" width=\"26%\" height=\"18\"><span style=\"font-family: MS Sans Serif; font-size: small;\"><a class=\"LinkModi\" title=\"https:\/\/ens7-caba.infd.edu.ar\/aula\/archivos\/repositorio\/\/1250\/1353\/4to4tafisica2014.pdf\" href=\"https:\/\/ens7-caba.infd.edu.ar\/aula\/archivos\/repositorio\/\/1250\/1353\/4to4tafisica2014.pdf\" target=\"_NEW\">F\u00edsica<\/a><\/span><\/td>\n<\/tr>\n<tr>\n<td style=\"border: 2px solid;\" width=\"26%\" height=\"18\"><span style=\"font-family: MS Sans Serif; font-size: small;\"><a class=\"LinkModi\" title=\"https:\/\/ens7-caba.infd.edu.ar\/aula\/archivos\/repositorio\/\/1250\/1403\/4to1ra4to2daquimica2014.pdf\" href=\"https:\/\/ens7-caba.infd.edu.ar\/aula\/archivos\/repositorio\/\/1250\/1403\/4to1ra4to2daquimica2014.pdf\" target=\"_NEW\">Qu\u00edmica<\/a><\/span><\/td>\n<td style=\"border: 2px solid;\" width=\"22%\" height=\"18\"><span style=\"font-family: MS Sans Serif; font-size: small;\"><a class=\"LinkModi\" title=\"https:\/\/ens7-caba.infd.edu.ar\/aula\/archivos\/repositorio\/\/1250\/1475\/4to2dageografia2014.pdf\" href=\"https:\/\/ens7-caba.infd.edu.ar\/aula\/archivos\/repositorio\/\/1250\/1475\/4to2dageografia2014.pdf\" target=\"_NEW\">Geograf\u00eda<\/a><\/span><\/td>\n<td style=\"border: 2px solid;\" width=\"22%\" height=\"18\"><span style=\"font-family: MS Sans Serif; font-size: small;\"><a class=\"LinkModi\" title=\"https:\/\/ens7-caba.infd.edu.ar\/aula\/archivos\/repositorio\/\/1250\/1349\/4to3rahistoria2014.pdf\" href=\"https:\/\/ens7-caba.infd.edu.ar\/aula\/archivos\/repositorio\/\/1250\/1349\/4to3rahistoria2014.pdf\" target=\"_NEW\">Historia<\/a><\/span><\/td>\n<td style=\"border: 2px solid;\" width=\"26%\" height=\"18\"><span style=\"font-family: MS Sans Serif; font-size: small;\"><a class=\"LinkModi\" title=\"https:\/\/ens7-caba.infd.edu.ar\/aula\/archivos\/repositorio\/\/1500\/1577\/44historia.pdf\" href=\"https:\/\/ens7-caba.infd.edu.ar\/aula\/archivos\/repositorio\/\/1500\/1577\/44historia.pdf\" target=\"_NEW\">Historia<\/a><\/span><\/td>\n<\/tr>\n<tr>\n<td style=\"border: 2px solid;\" width=\"26%\" height=\"18\"><span style=\"font-family: MS Sans Serif; font-size: small;\"><a class=\"LinkModi\" title=\"https:\/\/ens7-caba.infd.edu.ar\/aula\/archivos\/repositorio\/\/1250\/1404\/4to1rabiologia2014.pdf\" href=\"https:\/\/ens7-caba.infd.edu.ar\/aula\/archivos\/repositorio\/\/1250\/1404\/4to1rabiologia2014.pdf\" target=\"_NEW\">Ciencias Biol\u00f3gicas<\/a><\/span><\/td>\n<td style=\"border: 2px solid;\" width=\"22%\" height=\"18\"><span style=\"font-family: MS Sans Serif; font-size: small;\"><a class=\"LinkModi\" title=\"https:\/\/ens7-caba.infd.edu.ar\/aula\/archivos\/repositorio\/\/1500\/1572\/42Historia.pdf\" href=\"https:\/\/ens7-caba.infd.edu.ar\/aula\/archivos\/repositorio\/\/1500\/1572\/42Historia.pdf\" target=\"_NEW\">Historia<\/a><\/span><\/td>\n<td style=\"border: 2px solid;\" width=\"22%\" height=\"18\"><span style=\"font-family: MS Sans Serif; font-size: small;\"><a class=\"LinkModi\" title=\"https:\/\/ens7-caba.infd.edu.ar\/aula\/archivos\/repositorio\/\/1250\/1355\/4to3ra4to4tabiologia2014.pdf\" href=\"https:\/\/ens7-caba.infd.edu.ar\/aula\/archivos\/repositorio\/\/1250\/1355\/4to3ra4to4tabiologia2014.pdf\" target=\"_NEW\">Ciencias Biol\u00f3gicas<\/a><\/span><\/td>\n<td style=\"border: 2px solid;\" width=\"26%\" height=\"18\"><span style=\"font-size: 10pt;\"><a class=\"LinkModi\" title=\"https:\/\/ens7-caba.infd.edu.ar\/aula\/archivos\/repositorio\/\/1250\/1355\/4to3ra4to4tabiologia2014.pdf\" href=\"https:\/\/ens7-caba.infd.edu.ar\/aula\/archivos\/repositorio\/\/1250\/1355\/4to3ra4to4tabiologia2014.pdf\" target=\"_NEW\">Ciencias Biol\u00f3gicas<\/a><\/span><\/td>\n<\/tr>\n<tr>\n<td style=\"border: 2px solid;\" width=\"26%\" height=\"18\"><span style=\"font-family: MS Sans Serif; font-size: small;\"><a class=\"LinkModi\" title=\"https:\/\/ens7-caba.infd.edu.ar\/aula\/archivos\/repositorio\/\/1250\/1397\/4to1rageografia2014.pdf\" href=\"https:\/\/ens7-caba.infd.edu.ar\/aula\/archivos\/repositorio\/\/1250\/1397\/4to1rageografia2014.pdf\" target=\"_NEW\">Geograf\u00eda<\/a><\/span><\/td>\n<td style=\"border: 2px solid;\" width=\"26%\" height=\"18\"><span style=\"font-family: MS Sans Serif; font-size: small;\"><a class=\"LinkModi\" title=\"https:\/\/ens7-caba.infd.edu.ar\/aula\/archivos\/repositorio\/\/1250\/1400\/4to1ra4to2dafisica2014.pdf\" href=\"https:\/\/ens7-caba.infd.edu.ar\/aula\/archivos\/repositorio\/\/1250\/1400\/4to1ra4to2dafisica2014.pdf\" target=\"_NEW\">F\u00edsica<\/a><\/span><\/td>\n<td style=\"border: 2px solid;\" width=\"22%\" height=\"18\"><span style=\"font-size: 10pt;\"><a class=\"LinkModi\" title=\"https:\/\/ens7-caba.infd.edu.ar\/aula\/archivos\/repositorio\/\/1250\/1347\/4to3ra4to4tapsicologia2014.pdf\" href=\"https:\/\/ens7-caba.infd.edu.ar\/aula\/archivos\/repositorio\/\/1250\/1347\/4to3ra4to4tapsicologia2014.pdf\" target=\"_NEW\">Psicolog\u00eda General<\/a><\/span><\/td>\n<td style=\"border: 2px solid;\" width=\"26%\" height=\"18\"><span style=\"font-family: MS Sans Serif; font-size: small;\"><a class=\"LinkModi\" title=\"https:\/\/ens7-caba.infd.edu.ar\/aula\/archivos\/repositorio\/\/1250\/1347\/4to3ra4to4tapsicologia2014.pdf\" href=\"https:\/\/ens7-caba.infd.edu.ar\/aula\/archivos\/repositorio\/\/1250\/1347\/4to3ra4to4tapsicologia2014.pdf\" target=\"_NEW\">Psicolog\u00eda General<\/a><\/span><\/td>\n<\/tr>\n<tr>\n<td style=\"border: 2px solid;\" width=\"26%\" height=\"18\"><span style=\"font-family: MS Sans Serif; font-size: small;\"><a class=\"LinkModi\" title=\"https:\/\/ens7-caba.infd.edu.ar\/aula\/archivos\/repositorio\/\/1250\/1405\/4to1rahistoria2014.pdf\" href=\"https:\/\/ens7-caba.infd.edu.ar\/aula\/archivos\/repositorio\/\/1250\/1405\/4to1rahistoria2014.pdf\" target=\"_NEW\">Historia<\/a><\/span><\/td>\n<td style=\"border: 2px solid;\" width=\"26%\" height=\"18\"><span style=\"font-family: MS Sans Serif; font-size: small;\"><a class=\"LinkModi\" title=\"https:\/\/ens7-caba.infd.edu.ar\/aula\/archivos\/repositorio\/\/1250\/1403\/4to1ra4to2daquimica2014.pdf\" href=\"https:\/\/ens7-caba.infd.edu.ar\/aula\/archivos\/repositorio\/\/1250\/1403\/4to1ra4to2daquimica2014.pdf\" target=\"_NEW\">Qu\u00edmica<\/a><\/span><\/td>\n<td style=\"border: 2px solid;\" width=\"22%\" height=\"18\"><span style=\"font-family: MS Sans Serif; font-size: small;\"><a class=\"LinkModi\" title=\"https:\/\/ens7-caba.infd.edu.ar\/aula\/archivos\/repositorio\/\/1500\/1591\/4Problem%E1ticaFilos%F3fica.pdf\" href=\"https:\/\/ens7-caba.infd.edu.ar\/aula\/archivos\/repositorio\/\/1500\/1591\/4Problem%E1ticaFilos%F3fica.pdf\" target=\"_NEW\">Problem. Filos\u00f3fica<\/a><\/span><\/td>\n<td style=\"border: 2px solid;\" width=\"26%\" height=\"18\"><span style=\"font-family: MS Sans Serif; font-size: small;\"><a class=\"LinkModi\" title=\"https:\/\/ens7-caba.infd.edu.ar\/aula\/archivos\/repositorio\/\/1500\/1591\/4Problem%E1ticaFilos%F3fica.pdf\" href=\"https:\/\/ens7-caba.infd.edu.ar\/aula\/archivos\/repositorio\/\/1500\/1591\/4Problem%E1ticaFilos%F3fica.pdf\" target=\"_NEW\">Problem. Filos\u00f3fica<\/a><\/span><\/td>\n<\/tr>\n<tr>\n<td style=\"border: 2px solid;\" width=\"26%\" height=\"18\"><span style=\"font-family: MS Sans Serif; font-size: small;\"><a class=\"LinkModi\" title=\"https:\/\/ens7-caba.infd.edu.ar\/aula\/archivos\/repositorio\/\/1250\/1395\/4-1_y_4-2M%FAsica_Alvarez_2014-41_y_42.pdf\" href=\"https:\/\/ens7-caba.infd.edu.ar\/aula\/archivos\/repositorio\/\/1250\/1395\/4-1_y_4-2M%FAsica_Alvarez_2014-41_y_42.pdf\" target=\"_NEW\">M\u00fasica<\/a><\/span><\/td>\n<td style=\"border: 2px solid;\" width=\"22%\" height=\"18\"><span style=\"font-family: MS Sans Serif; font-size: small;\"><a class=\"LinkModi\" title=\"https:\/\/ens7-caba.infd.edu.ar\/aula\/archivos\/repositorio\/\/1250\/1395\/4-1_y_4-2M%FAsica_Alvarez_2014-41_y_42.pdf\" href=\"https:\/\/ens7-caba.infd.edu.ar\/aula\/archivos\/repositorio\/\/1250\/1395\/4-1_y_4-2M%FAsica_Alvarez_2014-41_y_42.pdf\" target=\"_NEW\">M\u00fasica<\/a><\/span><\/td>\n<td style=\"border: 2px solid;\" width=\"22%\" height=\"18\"><span style=\"font-family: MS Sans Serif; font-size: small;\"><a class=\"LinkModi\" title=\"https:\/\/ens7-caba.infd.edu.ar\/aula\/archivos\/repositorio\/\/1250\/1356\/4to3rafundamentosdelaeducacion2014.pdf\" href=\"https:\/\/ens7-caba.infd.edu.ar\/aula\/archivos\/repositorio\/\/1250\/1356\/4to3rafundamentosdelaeducacion2014.pdf\" target=\"_NEW\">Fundamentos de la Ed.<\/a><\/span><\/td>\n<td style=\"border: 2px solid;\" width=\"26%\" height=\"18\"><span style=\"font-family: MS Sans Serif; font-size: small;\"><a class=\"LinkModi\" title=\"https:\/\/ens7-caba.infd.edu.ar\/aula\/archivos\/repositorio\/\/1250\/1360\/4to4tafundamentosdelaeducacion2014.pdf\" href=\"https:\/\/ens7-caba.infd.edu.ar\/aula\/archivos\/repositorio\/\/1250\/1360\/4to4tafundamentosdelaeducacion2014.pdf\" target=\"_NEW\">Fundamentos de la Ed.<\/a><\/span><\/td>\n<\/tr>\n<tr>\n<td style=\"border: 2px solid;\" width=\"26%\" height=\"18\"><span style=\"font-family: MS Sans Serif; font-size: small;\"><a class=\"LinkModi\" title=\"https:\/\/ens7-caba.infd.edu.ar\/aula\/archivos\/repositorio\/\/1250\/1396\/4to1rapsicologiageneral2014.pdf\" href=\"https:\/\/ens7-caba.infd.edu.ar\/aula\/archivos\/repositorio\/\/1250\/1396\/4to1rapsicologiageneral2014.pdf\" target=\"_NEW\">Psicolog\u00eda General<\/a><\/span><\/td>\n<td style=\"border: 2px solid;\" width=\"22%\" height=\"18\"><span style=\"font-family: MS Sans Serif; font-size: small;\"><a class=\"LinkModi\" title=\"https:\/\/ens7-caba.infd.edu.ar\/aula\/archivos\/repositorio\/\/1250\/1472\/4to2dainstruccioncivica2014.pdf\" href=\"https:\/\/ens7-caba.infd.edu.ar\/aula\/archivos\/repositorio\/\/1250\/1472\/4to2dainstruccioncivica2014.pdf\" target=\"_NEW\">Instrucci\u00f3n C\u00edvica<\/a><\/span><\/td>\n<td style=\"border: 2px solid;\" width=\"22%\" height=\"18\"><span style=\"font-family: MS Sans Serif; font-size: small;\"><a class=\"LinkModi\" title=\"https:\/\/ens7-caba.infd.edu.ar\/aula\/archivos\/repositorio\/\/1250\/1393\/4-3Pl%E1stica_L%F3pezPe%F1a_2014-43.pdf\" href=\"https:\/\/ens7-caba.infd.edu.ar\/aula\/archivos\/repositorio\/\/1250\/1393\/4-3Pl%E1stica_L%F3pezPe%F1a_2014-43.pdf\" target=\"_NEW\">Educaci\u00f3n Pl\u00e1stica<\/a><\/span><\/td>\n<td style=\"border: 2px solid;\" width=\"26%\" height=\"18\"><span style=\"font-family: MS Sans Serif; font-size: small;\"><a class=\"LinkModi\" title=\"https:\/\/ens7-caba.infd.edu.ar\/aula\/archivos\/repositorio\/\/1250\/1352\/4to4taeducacionplastica2014.pdf\" href=\"https:\/\/ens7-caba.infd.edu.ar\/aula\/archivos\/repositorio\/\/1250\/1352\/4to4taeducacionplastica2014.pdf\" target=\"_NEW\">Educaci\u00f3n Pl\u00e1stica<\/a><\/span><\/td>\n<\/tr>\n<tr>\n<td style=\"border: 2px solid;\" width=\"26%\" height=\"18\"><span style=\"font-family: MS Sans Serif; font-size: small;\"><a class=\"LinkModi\" title=\"https:\/\/ens7-caba.infd.edu.ar\/aula\/archivos\/repositorio\/\/1250\/1383\/1a5Ed_F%EDsica_Cont_priorizados_-_Educ._Sexual_-___Proyecto_2014__1.pdf\" href=\"https:\/\/ens7-caba.infd.edu.ar\/aula\/archivos\/repositorio\/\/1250\/1383\/1a5Ed_F%EDsica_Cont_priorizados_-_Educ._Sexual_-___Proyecto_2014__1.pdf\" target=\"_NEW\">Educaci\u00f3n F\u00edsica<\/a><\/span><\/td>\n<td style=\"border: 2px solid;\" width=\"22%\" height=\"18\"><span style=\"font-family: MS Sans Serif; font-size: small;\"><a class=\"LinkModi\" title=\"https:\/\/ens7-caba.infd.edu.ar\/aula\/archivos\/repositorio\/\/1500\/1576\/42Psicologia.pdf\" href=\"https:\/\/ens7-caba.infd.edu.ar\/aula\/archivos\/repositorio\/\/1500\/1576\/42Psicologia.pdf\" target=\"_NEW\">Psicolog\u00eda<\/a><\/span><\/td>\n<td style=\"border: 2px solid;\" width=\"22%\" height=\"18\"><span style=\"font-family: MS Sans Serif; font-size: small;\"><a class=\"LinkModi\" title=\"https:\/\/ens7-caba.infd.edu.ar\/aula\/archivos\/repositorio\/\/1250\/1383\/1a5Ed_F%EDsica_Cont_priorizados_-_Educ._Sexual_-___Proyecto_2014__1.pdf\" href=\"https:\/\/ens7-caba.infd.edu.ar\/aula\/archivos\/repositorio\/\/1250\/1383\/1a5Ed_F%EDsica_Cont_priorizados_-_Educ._Sexual_-___Proyecto_2014__1.pdf\" target=\"_NEW\">Educaci\u00f3n F\u00edsica<\/a><\/span><\/td>\n<td style=\"border: 2px solid;\" width=\"26%\" height=\"18\">\u00a0<span style=\"font-family: MS Sans Serif; font-size: small;\"><a class=\"LinkModi\" title=\"https:\/\/ens7-caba.infd.edu.ar\/aula\/archivos\/repositorio\/\/1250\/1383\/1a5Ed_F%EDsica_Cont_priorizados_-_Educ._Sexual_-___Proyecto_2014__1.pdf\" href=\"https:\/\/ens7-caba.infd.edu.ar\/aula\/archivos\/repositorio\/\/1250\/1383\/1a5Ed_F%EDsica_Cont_priorizados_-_Educ._Sexual_-___Proyecto_2014__1.pdf\" target=\"_NEW\">Educaci\u00f3n F\u00edsica<\/a><\/span><\/td>\n<\/tr>\n<tr>\n<td style=\"border: 2px solid;\" width=\"26%\" height=\"18\"><span style=\"font-size: 10pt;\"><a class=\"LinkModi\" title=\"https:\/\/ens7-caba.infd.edu.ar\/aula\/archivos\/repositorio\/\/1250\/1357\/4toinformatica2014.pdf\" href=\"https:\/\/ens7-caba.infd.edu.ar\/aula\/archivos\/repositorio\/\/1250\/1357\/4toinformatica2014.pdf\" target=\"_NEW\">Inform\u00e1tica<\/a><\/span><\/td>\n<td style=\"border: 2px solid;\" width=\"22%\" height=\"18\"><span style=\"font-family: MS Sans Serif; font-size: small;\"><a class=\"LinkModi\" title=\"https:\/\/ens7-caba.infd.edu.ar\/aula\/archivos\/repositorio\/\/1250\/1383\/1a5Ed_F%EDsica_Cont_priorizados_-_Educ._Sexual_-___Proyecto_2014__1.pdf\" href=\"https:\/\/ens7-caba.infd.edu.ar\/aula\/archivos\/repositorio\/\/1250\/1383\/1a5Ed_F%EDsica_Cont_priorizados_-_Educ._Sexual_-___Proyecto_2014__1.pdf\" target=\"_NEW\">Educaci\u00f3n F\u00edsica<\/a><\/span><\/td>\n<td style=\"border: 2px solid;\" width=\"22%\" height=\"18\"><span style=\"font-family: MS Sans Serif; font-size: small;\"><a class=\"LinkModi\" title=\"https:\/\/ens7-caba.infd.edu.ar\/aula\/archivos\/repositorio\/\/1250\/1357\/4toinformatica2014.pdf\" href=\"https:\/\/ens7-caba.infd.edu.ar\/aula\/archivos\/repositorio\/\/1250\/1357\/4toinformatica2014.pdf\" target=\"_NEW\">Inform\u00e1tica<\/a><\/span><\/td>\n<td style=\"border: 2px solid;\" width=\"26%\" height=\"18\"><span style=\"font-size: 10pt;\"><a class=\"LinkModi\" title=\"https:\/\/ens7-caba.infd.edu.ar\/aula\/archivos\/repositorio\/\/1250\/1357\/4toinformatica2014.pdf\" href=\"https:\/\/ens7-caba.infd.edu.ar\/aula\/archivos\/repositorio\/\/1250\/1357\/4toinformatica2014.pdf\" target=\"_NEW\">Inform\u00e1tica<\/a><\/span><\/td>\n<\/tr>\n<tr>\n<td style=\"border: 2px solid;\" width=\"26%\" height=\"18\"><\/td>\n<td style=\"border: 2px solid;\" width=\"22%\" height=\"18\"><span style=\"font-size: 10pt;\"><a class=\"LinkModi\" title=\"https:\/\/ens7-caba.infd.edu.ar\/aula\/archivos\/repositorio\/\/1250\/1357\/4toinformatica2014.pdf\" href=\"https:\/\/ens7-caba.infd.edu.ar\/aula\/archivos\/repositorio\/\/1250\/1357\/4toinformatica2014.pdf\" target=\"_NEW\">Inform\u00e1tica<\/a><\/span><\/td>\n<td style=\"border: 2px solid;\" width=\"22%\" height=\"18\"><\/td>\n<\/tr>\n<\/tbody>\n<\/table>\n","protected":false},"excerpt":{"rendered":"<p>\u00a0Importante Para poder imprimir los programas tienen que utilizar el navegador Mozilla. Buscar el programa e imprimir directamente del boton de impresi\u00f3n que muestra la p\u00e1gina. No podr\u00e1n imprimir el archivo si lo descargan. 4\u00ba 1\u00ba 4\u00ba 2\u00ba 4\u00ba 3\u00ba 4\u00ba 4\u00ba Literatura Literatura Lengua Lengua Franc\u00e9s\/Ingl\u00e9s Franc\u00e9s\/Ingl\u00e9s Franc\u00e9s\/Ingl\u00e9s \u00a0Franc\u00e9s\/Ingl\u00e9s Matem\u00e1tica Ciencias Biol\u00f3gicas Matem\u00e1tica Matem\u00e1tica &#8230; <a title=\"Programas 4\u00ba a\u00f1o\" class=\"read-more\" href=\"https:\/\/ens7-caba.infd.edu.ar\/sitio\/programas-4o-ano\/\" aria-label=\"More on Programas 4\u00ba a\u00f1o\">[+]<\/a><\/p>\n","protected":false},"author":2274,"featured_media":0,"parent":0,"menu_order":0,"comment_status":"closed","ping_status":"closed","template":"","meta":[],"acf":[],"_links":{"self":[{"href":"https:\/\/ens7-caba.infd.edu.ar\/sitio\/wp-json\/wp\/v2\/pages\/947"}],"collection":[{"href":"https:\/\/ens7-caba.infd.edu.ar\/sitio\/wp-json\/wp\/v2\/pages"}],"about":[{"href":"https:\/\/ens7-caba.infd.edu.ar\/sitio\/wp-json\/wp\/v2\/types\/page"}],"author":[{"embeddable":true,"href":"https:\/\/ens7-caba.infd.edu.ar\/sitio\/wp-json\/wp\/v2\/users\/2274"}],"replies":[{"embeddable":true,"href":"https:\/\/ens7-caba.infd.edu.ar\/sitio\/wp-json\/wp\/v2\/comments?post=947"}],"version-history":[{"count":1,"href":"https:\/\/ens7-caba.infd.edu.ar\/sitio\/wp-json\/wp\/v2\/pages\/947\/revisions"}],"predecessor-version":[{"id":1183,"href":"https:\/\/ens7-caba.infd.edu.ar\/sitio\/wp-json\/wp\/v2\/pages\/947\/revisions\/1183"}],"wp:attachment":[{"href":"https:\/\/ens7-caba.infd.edu.ar\/sitio\/wp-json\/wp\/v2\/media?parent=947"}],"curies":[{"name":"wp","href":"https:\/\/api.w.org\/{rel}","templated":true}]}}