{"id":949,"date":"2018-07-05T12:32:03","date_gmt":"2018-07-05T15:32:03","guid":{"rendered":"https:\/\/ens7-caba.infd.edu.ar\/sitio\/?page_id=949"},"modified":"2018-07-10T12:52:23","modified_gmt":"2018-07-10T15:52:23","slug":"plan-de-estudios-anterior-al-2014","status":"publish","type":"page","link":"https:\/\/ens7-caba.infd.edu.ar\/sitio\/plan-de-estudios-anterior-al-2014\/","title":{"rendered":"Plan de estudios anterior al 2014"},"content":{"rendered":"<p>&nbsp;<\/p>\n<p><span style=\"font-family: MS Sans Serif; font-size: small;\" data-mce-mark=\"1\"><a name=\"arribanm\"><\/a>Los alumnos que ingresaron a 1\u00ba a\u00f1o antes del 2014, deben cursar el <span style=\"color: #800000;\" data-mce-mark=\"1\"><span style=\"color: #000000;\">Ciclo B\u00e1sico<\/span> <\/span>de tres a\u00f1os y al cabo del mismo eligen la orientaci\u00f3n del ciclo Superior. La escuela cuenta con las siguientes:<\/span><\/p>\n<ul>\n<li><span style=\"color: #000000; font-size: 10pt; font-family: arial, helvetica, sans-serif;\" data-mce-mark=\"1\"><a title=\"Ciclo B\u00e1sico\" href=\"index.cgi?wid_item=134&amp;wid_seccion=44\"><span style=\"color: #000000;\" data-mce-mark=\"1\">Ciclo B\u00e1sico<\/span><\/a><\/span><\/li>\n<li><span style=\"font-family: arial, helvetica, sans-serif; font-size: 10pt; color: #000000;\" data-mce-mark=\"1\"><a title=\"Bachillerato Com\u00fan\" href=\"index.cgi?wid_item=136&amp;wid_seccion=44\"><span style=\"color: #000000;\" data-mce-mark=\"1\">Bachillerato Com\u00fan<\/span><\/a><\/span><\/li>\n<li><span style=\"font-family: arial, helvetica, sans-serif; font-size: 10pt; color: #000000;\"><a title=\"Bachillerato con orientaci\u00f3n Docente\" href=\"index.cgi?wid_item=135&amp;wid_seccion=44\"><span style=\"color: #000000;\">Bachillerato con orientaci\u00f3n Docente<\/span><\/a><\/span><\/li>\n<li><span style=\"color: #000000;\"><span style=\"font-family: arial, helvetica, sans-serif; font-size: 10pt;\"><a title=\"Bachillerato con orientaci\u00f3n Biol\u00f3gica\" href=\"index.cgi?wid_item=137&amp;wid_seccion=44\"><span style=\"color: #000000;\">Bachillerato con orientaci\u00f3n Biol\u00f3gico<\/span><\/a><\/span><span style=\"font-family: arial, helvetica, sans-serif; font-size: 10pt;\"><a title=\"Bachillerato con orientaci\u00f3n Biol\u00f3gica\" href=\"index.cgi?wid_item=137&amp;wid_seccion=44\"><span style=\"color: #000000;\">\u00a0<\/span><\/a><\/span><\/span><\/li>\n<\/ul>\n","protected":false},"excerpt":{"rendered":"<p>&nbsp; Los alumnos que ingresaron a 1\u00ba a\u00f1o antes del 2014, deben cursar el Ciclo B\u00e1sico de tres a\u00f1os y al cabo del mismo eligen la orientaci\u00f3n del ciclo Superior. La escuela cuenta con las siguientes: Ciclo B\u00e1sico Bachillerato Com\u00fan Bachillerato con orientaci\u00f3n Docente Bachillerato con orientaci\u00f3n Biol\u00f3gico\u00a0<\/p>\n","protected":false},"author":2274,"featured_media":0,"parent":0,"menu_order":0,"comment_status":"closed","ping_status":"closed","template":"","meta":[],"acf":[],"_links":{"self":[{"href":"https:\/\/ens7-caba.infd.edu.ar\/sitio\/wp-json\/wp\/v2\/pages\/949"}],"collection":[{"href":"https:\/\/ens7-caba.infd.edu.ar\/sitio\/wp-json\/wp\/v2\/pages"}],"about":[{"href":"https:\/\/ens7-caba.infd.edu.ar\/sitio\/wp-json\/wp\/v2\/types\/page"}],"author":[{"embeddable":true,"href":"https:\/\/ens7-caba.infd.edu.ar\/sitio\/wp-json\/wp\/v2\/users\/2274"}],"replies":[{"embeddable":true,"href":"https:\/\/ens7-caba.infd.edu.ar\/sitio\/wp-json\/wp\/v2\/comments?post=949"}],"version-history":[{"count":2,"href":"https:\/\/ens7-caba.infd.edu.ar\/sitio\/wp-json\/wp\/v2\/pages\/949\/revisions"}],"predecessor-version":[{"id":1382,"href":"https:\/\/ens7-caba.infd.edu.ar\/sitio\/wp-json\/wp\/v2\/pages\/949\/revisions\/1382"}],"wp:attachment":[{"href":"https:\/\/ens7-caba.infd.edu.ar\/sitio\/wp-json\/wp\/v2\/media?parent=949"}],"curies":[{"name":"wp","href":"https:\/\/api.w.org\/{rel}","templated":true}]}}