{"id":950,"date":"2018-06-28T16:32:36","date_gmt":"2018-06-28T19:32:36","guid":{"rendered":"https:\/\/ens7-caba.infd.edu.ar\/sitio\/profesorado-de-educacion-inicial\/"},"modified":"2025-05-08T09:09:03","modified_gmt":"2025-05-08T12:09:03","slug":"profesorado-de-educacion-inicial","status":"publish","type":"page","link":"https:\/\/ens7-caba.infd.edu.ar\/sitio\/profesorado-de-educacion-inicial\/","title":{"rendered":"Profesorado de Educaci\u00f3n Inicial"},"content":{"rendered":"\n<div class=\"wp-block-group is-content-justification-center is-nowrap is-layout-flex wp-container-1\">\n<figure class=\"wp-block-image size-full is-resized\"><a href=\"https:\/\/ens7-caba.infd.edu.ar\/sitio\/calendario-academico\/\" target=\"_blank\" rel=\"noreferrer noopener\"><img decoding=\"async\" loading=\"lazy\" src=\"https:\/\/ens7-caba.infd.edu.ar\/sitio\/wp-content\/uploads\/2024\/02\/boton-calendario-1.png\" alt=\"\" class=\"wp-image-3973\" width=\"275\" height=\"52\"\/><\/a><\/figure>\n\n\n\n<figure class=\"wp-block-image size-full is-resized\"><a href=\"https:\/\/ens7-caba.infd.edu.ar\/sitio\/horario-2\/\" target=\"_blank\" rel=\"noreferrer noopener\"><img decoding=\"async\" loading=\"lazy\" src=\"https:\/\/ens7-caba.infd.edu.ar\/sitio\/wp-content\/uploads\/2024\/02\/boton-horario.png\" alt=\"\" class=\"wp-image-3974\" width=\"127\" height=\"52\"\/><\/a><\/figure>\n\n\n\n<figure class=\"wp-block-image size-full is-resized\"><a href=\"https:\/\/ens7-caba.infd.edu.ar\/sitio\/mesas-de-examenterciario\/\" target=\"_blank\" rel=\"noreferrer noopener\"><img decoding=\"async\" loading=\"lazy\" src=\"https:\/\/ens7-caba.infd.edu.ar\/sitio\/wp-content\/uploads\/2024\/02\/boton-examen.png\" alt=\"\" class=\"wp-image-3975\" width=\"233\" height=\"52\"\/><\/a><\/figure>\n<\/div>\n\n\n\n<hr style=\"background-color: gray;\nopacity: 25%;\n  height: 0.5px;\n  margin-left: 0%;\n  width: 100%;\">\n\n\n\n<p class=\"has-contrast-color has-text-color\">En el&nbsp;<strong>Profesorado de Educaci\u00f3n Inicial<\/strong>&nbsp;se forman docentes que puedan desempe\u00f1arse en la&nbsp;<strong>Educaci\u00f3n Inicial<\/strong>&nbsp;en sus diferentes modalidades, responsabiliz\u00e1ndose de&nbsp;<strong>ni\u00f1as y ni\u00f1os peque\u00f1os entre 45 d\u00edas y 5 a\u00f1os<\/strong>, favoreciendo que alcancen una progresiva comprensi\u00f3n y organizaci\u00f3n de la realidad, enriqueciendo su&nbsp;<strong>integraci\u00f3n activa al \u00e1mbito escolar y al medio social.<\/strong><\/p>\n\n\n\n<p class=\"has-contrast-color has-text-color\">La propuesta de formaci\u00f3n apunta a que las\/os futuras\/os docentes de Educaci\u00f3n Inicial puedan construir capacidades b\u00e1sicas que les permita desarrollar su tarea en el marco de una escuela inclusiva para todas y todos, favoreciendo la consolidaci\u00f3n de los espacios educativos del nivel como una oportunidad y un derecho para la infancia.<\/p>\n\n\n\n<p class=\"has-contrast-color has-text-color\">A trav\u00e9s de los distintos espacios de formaci\u00f3n que brinda nuestro&nbsp;<strong>Profesorado<\/strong>&nbsp;las\/os estudiantes aprenden a:<\/p>\n\n\n\n<ul>\n<li><span style=\"color: #800000;\"><mark style=\"background-color:rgba(0, 0, 0, 0)\" class=\"has-inline-color has-contrast-color\">Dise\u00f1ar, gestionar y evaluar los procesos de ense\u00f1anza y de aprendizaje en el Nivel Inicial, desarrollando proyectos de trabajo cuyos contenidos y actividades atiendan la diversidad sociocultural de la poblaci\u00f3n que asiste a los distintos espacios de atenci\u00f3n en la Educaci\u00f3n Inicial, coordinando propuestas adecuadas para ni\u00f1as y ni\u00f1os peque\u00f1os.<\/mark><\/span><\/li>\n\n\n\n<li><span style=\"color: #800000;\"><mark style=\"background-color:rgba(0, 0, 0, 0)\" class=\"has-inline-color has-contrast-color\">Valorar y promover la participaci\u00f3n, el compromiso y el trabajo compartido con otros, participando en el intercambio y comunicaci\u00f3n con la comunidad educativa para retroalimentar su propia pr\u00e1ctica y enriquecer las posibilidades de desarrollo de las ni\u00f1as y ni\u00f1os del Nivel Inicial.<\/mark><\/span><\/li>\n\n\n\n<li><span style=\"color: #800000;\"><mark style=\"background-color:rgba(0, 0, 0, 0)\" class=\"has-inline-color has-contrast-color\">Tender a la reflexi\u00f3n y al desarrollo profesional como herramienta de cambio, sosteniendo una actitud cr\u00edtica y flexible que le permita una evaluaci\u00f3n permanente de su tarea en el marco del compromiso que genera el rol de transmisor y recreador de la cultura en el \u00e1mbito de la educaci\u00f3n con ni\u00f1as\/os peque\u00f1as\/os.<\/mark><\/span><\/li>\n<\/ul>\n\n\n\n<p><span style=\"color: #800000;\"><mark style=\"background-color:rgba(0, 0, 0, 0)\" class=\"has-inline-color has-contrast-color\">La orientaci\u00f3n en<strong>&nbsp;Atenci\u00f3n a la Primera Infancia&nbsp;<\/strong>que se propone desde nuestra instituci\u00f3n a trav\u00e9s de los <strong>Espacios de Definici\u00f3n Institucional (EDI)&nbsp;<\/strong>busca abordar una formaci\u00f3n de las\/os estudiantes que permita insertarse en los nuevos y m\u00faltiples escenarios a los que los\/las docentes en actividad se enfrentan diariamente durante su pr\u00e1ctica. Escenarios surgidos de la complejidad y fragmentaci\u00f3n social que se entretejen con el \u00e1mbito habitual donde los docentes desarrollan su tarea. El abordaje de&nbsp;<strong>alternativas educativas<\/strong>&nbsp;\u201cm\u00e1s all\u00e1\u201d de la escuela junto con el de otras formas de educaci\u00f3n m\u00e1s cercanas a la escolar, pero con menor grado de formalizaci\u00f3n institucional (jardines comunitarios, centros de atenci\u00f3n, juegotecas, etc.) cubre un \u00e1rea vacante en la formaci\u00f3n actual que merece ser atendida.<\/mark><\/span><\/p>\n\n\n\n<hr style=\"background-color: gray;\nopacity: 25%;\n  height: 0.5px;\n  margin-left: 0%;\n  width: 50%;\">\n\n\n\n<p><span style=\"color: #0000ff;\"><strong><a href=\"https:\/\/ens7-caba.infd.edu.ar\/aula\/archivos\/repositorio\/\/3000\/3116\/Res_ssgecp_489_15anexo_PEI.pdf\">Plan de estudio<\/a><\/strong><\/span><\/p>\n\n\n\n<p><strong><a href=\"https:\/\/view.genially.com\/62dbf7b3d355650011dc8ff6\/guide-plan-de-estudios-pei\" target=\"_blank\" rel=\"noreferrer noopener\">Correlatividades<\/a><\/strong><\/p>\n\n\n\n<p><span style=\"color: #800000;\"><strong><mark style=\"background-color:rgba(0, 0, 0, 0)\" class=\"has-inline-color has-contrast-color\">Espacios de Definici\u00f3n Institucional (EDI)<\/mark><\/strong><\/span><\/p>\n\n\n\n<p><span style=\"color: #800000;\"><strong><mark style=\"background-color:rgba(0, 0, 0, 0)\" class=\"has-inline-color has-contrast-color\">Proyecto del Normal 7: <em>Pr\u00e1cticas docentes: Diversidad de contextos y de destinatarias\/os en Nivel Inicial y Nivel Primario<\/em><\/mark><\/strong><\/span><\/p>\n\n\n<figure class=\"wp-block-table is-style-regular\">\n<table class=\"has-contrast-color has-base-3-background-color has-text-color has-background\">\n<thead style=\"background-color: rgba(45, 42, 103,70%); color: white;\">\n<tr>\n<th style=\"border: 1px black solid; border-right: 1px solid white;\">Campo<\/th>\n<th style=\"border: 1px black solid; border-right: 1px solid white;\">Espacios<\/th>\n<th style=\"border: 1px black solid; border-right: 1px solid white;\">Horas c\u00e1tedra presenciales semanales<\/th>\n<th style=\"border: 1px black solid; border-right: 1px solid white;\">Horas c\u00e1tedra presenciales cuatrimestrales<\/th>\n<th style=\"border: 1px black solid; border-right: 1px solid white;\">Trabajo aut\u00f3nomo estud\/cuatrim.<\/th>\n<th style=\"border: 1px black solid;\">Trabajo de campo<\/th>\n<\/tr>\n<\/thead>\n<tbody>\n<tr>\n<td>&nbsp;<\/td>\n<td><span style=\"color: #800000;\"><mark class=\"has-inline-color has-contrast-color\" style=\"background-color: rgba(0, 0, 0, 0);\">Taller de escritura acad\u00e9mica&nbsp;<\/mark><\/span><\/td>\n<td><span style=\"color: #800000;\"><mark class=\"has-inline-color has-contrast-color\" style=\"background-color: rgba(0, 0, 0, 0);\">3 hs<\/mark><\/span><\/td>\n<td><span style=\"color: #800000;\"><mark class=\"has-inline-color has-contrast-color\" style=\"background-color: rgba(0, 0, 0, 0);\">48 hs<\/mark><\/span><\/td>\n<td><span style=\"color: #800000;\">8 hs<\/span><mark class=\"has-inline-color has-contrast-color\" style=\"background-color: rgba(0, 0, 0, 0);\"><\/mark><\/td>\n<td>&nbsp;<\/td>\n<\/tr>\n<tr>\n<td><span style=\"color: #800000;\"><mark class=\"has-inline-color has-contrast-color\" style=\"background-color: rgba(0, 0, 0, 0);\">CFE<\/mark><\/span><\/td>\n<td><span style=\"color: #800000;\"><mark class=\"has-inline-color has-contrast-color\" style=\"background-color: rgba(0, 0, 0, 0);\">Dise\u00f1o y evaluaci\u00f3n de proy.culturales<\/mark><\/span><\/td>\n<td><span style=\"color: #800000;\"><mark class=\"has-inline-color has-contrast-color\" style=\"background-color: rgba(0, 0, 0, 0);\">3 hs<\/mark><\/span><\/td>\n<td><span style=\"color: #800000;\"><mark class=\"has-inline-color has-contrast-color\" style=\"background-color: rgba(0, 0, 0, 0);\">48 hs<\/mark><\/span><\/td>\n<td>&nbsp;<\/td>\n<td>&nbsp;<\/td>\n<\/tr>\n<tr>\n<td>&nbsp;<\/td>\n<td><span style=\"color: #800000;\"><mark class=\"has-inline-color has-contrast-color\" style=\"background-color: rgba(0, 0, 0, 0);\">Atenci\u00f3n a la Primera Infancia, propuestas, modalidades y experiencias<\/mark><\/span><\/td>\n<td><span style=\"color: #800000;\"><mark class=\"has-inline-color has-contrast-color\" style=\"background-color: rgba(0, 0, 0, 0);\">6 hs<\/mark><\/span><\/td>\n<td><span style=\"color: #800000;\"><mark class=\"has-inline-color has-contrast-color\" style=\"background-color: rgba(0, 0, 0, 0);\">96 hs<\/mark><\/span><\/td>\n<td><span style=\"color: #800000;\"><mark class=\"has-inline-color has-contrast-color\" style=\"background-color: rgba(0, 0, 0, 0);\">37 hs<\/mark><\/span><\/td>\n<td>&nbsp;<\/td>\n<\/tr>\n<tr style=\"background-color: rgba(87, 85, 133,30%);\">\n<td colspan=\"3\"><span style=\"color: #800000;\"><mark class=\"has-inline-color has-contrast-color\" style=\"background-color: rgba(0, 0, 0, 0);\">Total de hs CFE<\/mark><\/span><\/td>\n<td colspan=\"3\"><span style=\"color: #800000;\"><mark class=\"has-inline-color has-contrast-color\" style=\"background-color: rgba(0, 0, 0, 0);\">237<\/mark><\/span><\/td>\n<\/tr>\n<tr>\n<td><span style=\"color: #800000;\"><mark class=\"has-inline-color has-contrast-color\" style=\"background-color: rgba(0, 0, 0, 0);\">CFPP<\/mark><\/span><\/td>\n<td><span style=\"color: #800000;\"><mark class=\"has-inline-color has-contrast-color\" style=\"background-color: rgba(0, 0, 0, 0);\">Taller de atenci\u00f3n a la primera infancia. Propuestas, modalidades y experiencias<\/mark><\/span><\/td>\n<td><span style=\"color: #800000;\"><mark class=\"has-inline-color has-contrast-color\" style=\"background-color: rgba(0, 0, 0, 0);\">3 hs<\/mark><\/span><\/td>\n<td><span style=\"color: #800000;\"><mark class=\"has-inline-color has-contrast-color\" style=\"background-color: rgba(0, 0, 0, 0);\">48 hs<\/mark><\/span><\/td>\n<td><span style=\"color: #800000;\"><mark class=\"has-inline-color has-contrast-color\" style=\"background-color: rgba(0, 0, 0, 0);\">3 hs<\/mark><\/span><\/td>\n<td><span style=\"color: #800000;\"><mark class=\"has-inline-color has-contrast-color\" style=\"background-color: rgba(0, 0, 0, 0);\">48 hs<\/mark><\/span><\/td>\n<\/tr>\n<tr style=\"background-color: rgba(87, 85, 133,30%);\">\n<td colspan=\"3\"><span style=\"color: #800000;\"><mark class=\"has-inline-color has-contrast-color\" style=\"background-color: rgba(0, 0, 0, 0);\">Total de horas CFPP<\/mark><\/span><\/td>\n<td colspan=\"3\"><span style=\"color: #800000;\"><mark class=\"has-inline-color has-contrast-color\" style=\"background-color: rgba(0, 0, 0, 0);\">99 hs<\/mark><\/span><\/td>\n<\/tr>\n<tr style=\"background-color: rgba(87, 85, 133,30%);\">\n<td colspan=\"3\"><span style=\"color: #800000;\"><mark class=\"has-inline-color has-contrast-color\" style=\"background-color: rgba(0, 0, 0, 0);\">Total de horas EDI<\/mark><\/span><\/td>\n<td colspan=\"3\"><span style=\"color: #800000;\"><mark class=\"has-inline-color has-contrast-color\" style=\"background-color: rgba(0, 0, 0, 0);\">336<\/mark><\/span><\/td>\n<\/tr>\n<\/tbody>\n<\/table>\n<\/figure>\n\n\n<p><span style=\"color: #800000; font-family: tahoma, arial, helvetica, sans-serif; font-size: 12pt;\"><a title=\"https:\/\/ens7-caba.infd.edu.ar\/aula\/archivos\/repositorio\/\/3000\/3114\/Res_ssgecp_489_15_PEI.pdf\" href=\"https:\/\/ens7-caba.infd.edu.ar\/aula\/archivos\/repositorio\/\/3000\/3114\/Res_ssgecp_489_15_PEI.pdf\" target=\"_NEW\" rel=\"noopener\">Resoluci\u00f3n 489-A\u00f1o 2015<\/a><\/span><\/p>\n\n\n\n<p><span style=\"font-family: tahoma,arial,helvetica,sans-serif; font-size: 12pt;\"><a title=\"https:\/\/ens7-caba.infd.edu.ar\/aula\/archivos\/repositorio\/\/2750\/2766\/Dispo-2016-196-dgeds_ANEXO_I_correlatividades_PEI.pdf\" rel=\"noopener\" href=\"https:\/\/ens7-caba.infd.edu.ar\/aula\/archivos\/repositorio\/\/2750\/2766\/Dispo-2016-196-dgeds_ANEXO_I_correlatividades_PEI.pdf\" target=\"_NEW\">Correlatividades<\/a><\/span><\/p>\n\n\n\n<p><span style=\"font-family: tahoma,arial,helvetica,sans-serif; font-size: 12pt;\"><a title=\"https:\/\/ens7-caba.infd.edu.ar\/aula\/archivos\/repositorio\/\/2750\/2767\/Dispo-2016-196-DGEDS_correlatividades_PEI.pdf\" href=\"https:\/\/ens7-caba.infd.edu.ar\/aula\/archivos\/repositorio\/\/2750\/2767\/Dispo-2016-196-DGEDS_correlatividades_PEI.pdf\" target=\"_NEW\" rel=\"noopener\">Disposici\u00f3n correlatividades<\/a><\/span><\/p>\n\n\n\n<figure class=\"wp-block-image\"><img decoding=\"async\" src=\"http:\/\/c.gigcount.com\/wildfire\/IMP\/CXNID=2000002.0NXC\/bT*xJmx*PTEzNDExNzQyODI2ODcmcHQ9MTM*MTE3NDcwOTA2MSZwPTM5NTEmZD*mZz*xJm89YjAyNDhjZDY*NTVmNDQzNGEzZTFk\/N2NhODM2MjJjMDQmb2Y9MA==.gif\" alt=\"\"\/><\/figure>\n\n\n\n<div>\n<p><object style=\"margin-right: auto; margin-left: auto; display: block;\" data=\"http:\/\/flash.picturetrail.com\/pflicks\/3\/spflick.swf\" type=\"application\/x-shockwave-flash\" width=\"390\" height=\"300\"><param name=\"data\" value=\"http:\/\/flash.picturetrail.com\/pflicks\/3\/spflick.swf\"><param name=\"flashvars\" value=\"ql=2&amp;src1=http:\/\/pic100.picturetrail.com:80\/VOL1104\/13414193\/flicks\/1\/8795794\"><param name=\"src\" value=\"http:\/\/flash.picturetrail.com\/pflicks\/3\/spflick.swf\"><param name=\"wmode\" value=\"transparent\"><param name=\"quality\" value=\"high\"><\/object><\/p>\n<\/div>\n","protected":false},"excerpt":{"rendered":"<p>En el&nbsp;Profesorado de Educaci\u00f3n Inicial&nbsp;se forman docentes que puedan desempe\u00f1arse en la&nbsp;Educaci\u00f3n Inicial&nbsp;en sus diferentes modalidades, responsabiliz\u00e1ndose de&nbsp;ni\u00f1as y ni\u00f1os peque\u00f1os entre 45 d\u00edas y 5 a\u00f1os, favoreciendo que alcancen una progresiva comprensi\u00f3n y organizaci\u00f3n de la realidad, enriqueciendo su&nbsp;integraci\u00f3n activa al \u00e1mbito escolar y al medio social. La propuesta de formaci\u00f3n apunta a que &#8230; <a title=\"Profesorado de Educaci\u00f3n Inicial\" class=\"read-more\" href=\"https:\/\/ens7-caba.infd.edu.ar\/sitio\/profesorado-de-educacion-inicial\/\" aria-label=\"More on Profesorado de Educaci\u00f3n Inicial\">[+]<\/a><\/p>\n","protected":false},"author":2274,"featured_media":0,"parent":0,"menu_order":0,"comment_status":"closed","ping_status":"closed","template":"","meta":[],"acf":[],"_links":{"self":[{"href":"https:\/\/ens7-caba.infd.edu.ar\/sitio\/wp-json\/wp\/v2\/pages\/950"}],"collection":[{"href":"https:\/\/ens7-caba.infd.edu.ar\/sitio\/wp-json\/wp\/v2\/pages"}],"about":[{"href":"https:\/\/ens7-caba.infd.edu.ar\/sitio\/wp-json\/wp\/v2\/types\/page"}],"author":[{"embeddable":true,"href":"https:\/\/ens7-caba.infd.edu.ar\/sitio\/wp-json\/wp\/v2\/users\/2274"}],"replies":[{"embeddable":true,"href":"https:\/\/ens7-caba.infd.edu.ar\/sitio\/wp-json\/wp\/v2\/comments?post=950"}],"version-history":[{"count":27,"href":"https:\/\/ens7-caba.infd.edu.ar\/sitio\/wp-json\/wp\/v2\/pages\/950\/revisions"}],"predecessor-version":[{"id":4636,"href":"https:\/\/ens7-caba.infd.edu.ar\/sitio\/wp-json\/wp\/v2\/pages\/950\/revisions\/4636"}],"wp:attachment":[{"href":"https:\/\/ens7-caba.infd.edu.ar\/sitio\/wp-json\/wp\/v2\/media?parent=950"}],"curies":[{"name":"wp","href":"https:\/\/api.w.org\/{rel}","templated":true}]}}