{"id":952,"date":"2018-06-28T16:32:37","date_gmt":"2018-06-28T19:32:37","guid":{"rendered":"https:\/\/ens7-caba.infd.edu.ar\/sitio\/estudiantes\/"},"modified":"2026-02-13T11:55:11","modified_gmt":"2026-02-13T14:55:11","slug":"estudiantes","status":"publish","type":"page","link":"https:\/\/ens7-caba.infd.edu.ar\/sitio\/estudiantes\/","title":{"rendered":"Estudiantes"},"content":{"rendered":"\n<div class=\"wp-block-group is-content-justification-center is-nowrap is-layout-flex wp-container-1\">\n<figure class=\"wp-block-image size-full is-resized\"><a href=\"https:\/\/ens7-caba.infd.edu.ar\/sitio\/ingresantes\/\"><img decoding=\"async\" loading=\"lazy\" src=\"https:\/\/ens7-caba.infd.edu.ar\/sitio\/wp-content\/uploads\/2024\/02\/boton-ingresantes.png\" alt=\"\" class=\"wp-image-4046\" width=\"180\" height=\"57\"\/><\/a><\/figure>\n\n\n\n<figure class=\"wp-block-image size-full is-resized\"><a href=\"https:\/\/ens7-caba.infd.edu.ar\/sitio\/regulares\/\"><img decoding=\"async\" loading=\"lazy\" src=\"https:\/\/ens7-caba.infd.edu.ar\/sitio\/wp-content\/uploads\/2024\/02\/boton-regulares.png\" alt=\"\" class=\"wp-image-4047\" width=\"164\" height=\"58\"\/><\/a><\/figure>\n\n\n\n<figure class=\"wp-block-image size-full is-resized\"><a href=\"https:\/\/ens7-caba.infd.edu.ar\/sitio\/2947-2\/\"><img decoding=\"async\" loading=\"lazy\" src=\"https:\/\/ens7-caba.infd.edu.ar\/sitio\/wp-content\/uploads\/2024\/02\/boton-pase.png\" alt=\"\" class=\"wp-image-4048\" width=\"121\" height=\"60\"\/><\/a><\/figure>\n\n\n\n<figure class=\"wp-block-image size-full is-resized\"><a href=\"https:\/\/ens7-caba.infd.edu.ar\/sitio\/volantes\/\"><img decoding=\"async\" loading=\"lazy\" src=\"https:\/\/ens7-caba.infd.edu.ar\/sitio\/wp-content\/uploads\/2024\/02\/boton-volantes.png\" alt=\"\" class=\"wp-image-4049\" width=\"156\" height=\"59\"\/><\/a><\/figure>\n<\/div>\n\n\n\n<blockquote class=\"wp-block-quote\">\n<p class=\"has-contrast-color has-text-color\">&nbsp;<span style=\"font-size: 12pt;\"><em><span data-mce-mark=\"1\">\u201cEl estudio no se mide por el n\u00famero de p\u00e1ginas le\u00eddas en una noche, ni por la cantidad de libros le\u00eddos en un semestre. Estudiar no es un acto de consumir ideas, sino de crearlas y recrearlas \u201c<\/span><\/em><\/span><\/p>\n<cite>\u2500 Paulo Freire<\/cite><\/blockquote>\n\n\n","protected":false},"excerpt":{"rendered":"<p>&nbsp;\u201cEl estudio no se mide por el n\u00famero de p\u00e1ginas le\u00eddas en una noche, ni por la cantidad de libros le\u00eddos en un semestre. Estudiar no es un acto de consumir ideas, sino de crearlas y recrearlas \u201c \u2500 Paulo Freire<\/p>\n","protected":false},"author":2274,"featured_media":0,"parent":0,"menu_order":0,"comment_status":"closed","ping_status":"closed","template":"","meta":[],"acf":[],"_links":{"self":[{"href":"https:\/\/ens7-caba.infd.edu.ar\/sitio\/wp-json\/wp\/v2\/pages\/952"}],"collection":[{"href":"https:\/\/ens7-caba.infd.edu.ar\/sitio\/wp-json\/wp\/v2\/pages"}],"about":[{"href":"https:\/\/ens7-caba.infd.edu.ar\/sitio\/wp-json\/wp\/v2\/types\/page"}],"author":[{"embeddable":true,"href":"https:\/\/ens7-caba.infd.edu.ar\/sitio\/wp-json\/wp\/v2\/users\/2274"}],"replies":[{"embeddable":true,"href":"https:\/\/ens7-caba.infd.edu.ar\/sitio\/wp-json\/wp\/v2\/comments?post=952"}],"version-history":[{"count":15,"href":"https:\/\/ens7-caba.infd.edu.ar\/sitio\/wp-json\/wp\/v2\/pages\/952\/revisions"}],"predecessor-version":[{"id":4842,"href":"https:\/\/ens7-caba.infd.edu.ar\/sitio\/wp-json\/wp\/v2\/pages\/952\/revisions\/4842"}],"wp:attachment":[{"href":"https:\/\/ens7-caba.infd.edu.ar\/sitio\/wp-json\/wp\/v2\/media?parent=952"}],"curies":[{"name":"wp","href":"https:\/\/api.w.org\/{rel}","templated":true}]}}