{"id":956,"date":"2018-07-01T12:09:36","date_gmt":"2018-07-01T15:09:36","guid":{"rendered":"https:\/\/ens7-caba.infd.edu.ar\/sitio\/?page_id=956"},"modified":"2018-07-10T12:52:23","modified_gmt":"2018-07-10T15:52:23","slug":"ciclo-basico","status":"publish","type":"page","link":"https:\/\/ens7-caba.infd.edu.ar\/sitio\/ciclo-basico\/","title":{"rendered":"Ciclo B\u00e1sico"},"content":{"rendered":"<p>&nbsp;<\/p>\n<table style=\"width: 512px;\" border=\"1\" cellspacing=\"1\" cellpadding=\"4\">\n<tbody>\n<tr>\n<td valign=\"TOP\" width=\"32\"><span style=\"font-family: 'MS Sans Serif'; font-size: xx-small;\">A\u00f1o<\/span><\/td>\n<td valign=\"TOP\" width=\"193\"><span style=\"font-family: 'MS Sans Serif'; font-size: xx-small;\">Asignatura<\/span><\/td>\n<td valign=\"TOP\" width=\"205\"><span style=\"font-family: 'MS Sans Serif'; font-size: xx-small;\">Carga horaria (horas c\u00e1tedra semanales)<\/span><\/td>\n<\/tr>\n<tr>\n<td valign=\"TOP\" width=\"32\"><span style=\"font-family: 'MS Sans Serif'; font-size: xx-small;\">1\u00b0\u00a0<\/span><\/td>\n<td valign=\"TOP\" width=\"193\"><span style=\"font-family: 'MS Sans Serif'; font-size: xx-small;\">Lengua<\/span><\/td>\n<td valign=\"TOP\" width=\"205\"><span style=\"font-family: 'MS Sans Serif'; font-size: xx-small;\">5<\/span><\/td>\n<\/tr>\n<tr>\n<td valign=\"top\" width=\"32\">&nbsp;<\/td>\n<td valign=\"TOP\" width=\"193\"><span style=\"font-family: 'MS Sans Serif'; font-size: xx-small;\">Ingl\u00e9s o Franc\u00e9s<\/span><\/td>\n<td valign=\"TOP\" width=\"205\"><span style=\"font-family: 'MS Sans Serif'; font-size: xx-small;\">3<\/span><\/td>\n<\/tr>\n<tr>\n<td valign=\"top\" width=\"32\">&nbsp;<\/td>\n<td valign=\"TOP\" width=\"193\"><span style=\"font-family: 'MS Sans Serif'; font-size: xx-small;\">Matem\u00e1tica<\/span><\/td>\n<td valign=\"TOP\" width=\"205\"><span style=\"font-family: 'MS Sans Serif'; font-size: xx-small;\">5<\/span><\/td>\n<\/tr>\n<tr>\n<td valign=\"top\" width=\"32\">&nbsp;<\/td>\n<td valign=\"TOP\" width=\"193\"><span style=\"font-family: 'MS Sans Serif'; font-size: xx-small;\">Geograf\u00eda<\/span><\/td>\n<td valign=\"TOP\" width=\"205\"><span style=\"font-family: 'MS Sans Serif'; font-size: xx-small;\">3<\/span><\/td>\n<\/tr>\n<tr>\n<td valign=\"top\" width=\"32\">&nbsp;<\/td>\n<td valign=\"TOP\" width=\"193\"><span style=\"font-family: 'MS Sans Serif'; font-size: xx-small;\">Historia<\/span><\/td>\n<td valign=\"TOP\" width=\"205\"><span style=\"font-family: 'MS Sans Serif'; font-size: xx-small;\">4<\/span><\/td>\n<\/tr>\n<tr>\n<td valign=\"top\" width=\"32\">&nbsp;<\/td>\n<td valign=\"TOP\" width=\"193\"><span style=\"font-family: 'MS Sans Serif'; font-size: xx-small;\">Educaci\u00f3n C\u00edvica<\/span><\/td>\n<td valign=\"TOP\" width=\"205\"><span style=\"font-family: 'MS Sans Serif'; font-size: xx-small;\">2<\/span><\/td>\n<\/tr>\n<tr>\n<td valign=\"top\" width=\"32\">&nbsp;<\/td>\n<td valign=\"TOP\" width=\"193\"><span style=\"font-family: 'MS Sans Serif'; font-size: xx-small;\">Educaci\u00f3n Musical<\/span><\/td>\n<td valign=\"TOP\" width=\"205\"><span style=\"font-family: 'MS Sans Serif'; font-size: xx-small;\">2<\/span><\/td>\n<\/tr>\n<tr>\n<td valign=\"top\" width=\"32\">&nbsp;<\/td>\n<td valign=\"TOP\" width=\"193\"><span style=\"font-family: 'MS Sans Serif'; font-size: xx-small;\">Educaci\u00f3n Pl\u00e1stica<\/span><\/td>\n<td valign=\"TOP\" width=\"205\"><span style=\"font-family: 'MS Sans Serif'; font-size: xx-small;\">2<\/span><\/td>\n<\/tr>\n<tr>\n<td valign=\"top\" width=\"32\">&nbsp;<\/td>\n<td valign=\"TOP\" width=\"193\"><span style=\"font-family: 'MS Sans Serif'; font-size: xx-small;\">Educaci\u00f3n Pr\u00e1ctica<\/span><\/td>\n<td valign=\"TOP\" width=\"205\"><span style=\"font-family: 'MS Sans Serif'; font-size: xx-small;\">2<\/span><\/td>\n<\/tr>\n<tr>\n<td valign=\"top\" width=\"32\">&nbsp;<\/td>\n<td valign=\"TOP\" width=\"193\"><span style=\"font-family: 'MS Sans Serif'; font-size: xx-small;\">Cs. Biol\u00f3gicas<\/span><\/td>\n<td valign=\"TOP\" width=\"205\"><span style=\"font-family: 'MS Sans Serif'; font-size: xx-small;\">3<\/span><\/td>\n<\/tr>\n<tr>\n<td valign=\"top\" width=\"32\">&nbsp;<\/td>\n<td valign=\"TOP\" width=\"193\"><span style=\"font-family: 'MS Sans Serif'; font-size: xx-small;\">Metodolog\u00eda de Estudio<\/span><\/td>\n<td valign=\"TOP\" width=\"205\"><span style=\"font-family: 'MS Sans Serif'; font-size: xx-small;\">2<\/span><\/td>\n<\/tr>\n<tr>\n<td valign=\"top\" width=\"32\">&nbsp;<\/td>\n<td valign=\"TOP\" width=\"193\"><span style=\"font-family: 'MS Sans Serif'; font-size: xx-small;\">Educaci\u00f3n F\u00edsica<\/span><\/td>\n<td valign=\"TOP\" width=\"205\"><span style=\"font-family: 'MS Sans Serif'; font-size: xx-small;\">3<\/span><\/td>\n<\/tr>\n<tr>\n<td valign=\"top\" width=\"32\">&nbsp;<\/td>\n<td valign=\"TOP\" width=\"193\">&nbsp;<\/td>\n<td valign=\"TOP\" width=\"205\">&nbsp;<\/td>\n<\/tr>\n<tr>\n<td valign=\"TOP\" width=\"32\"><span style=\"font-family: 'MS Sans Serif'; font-size: xx-small;\">A\u00f1o<\/span><\/td>\n<td valign=\"TOP\" width=\"193\"><span style=\"font-family: 'MS Sans Serif'; font-size: xx-small;\">Asignatura<\/span><\/td>\n<td valign=\"TOP\" width=\"205\"><span style=\"font-family: 'MS Sans Serif'; font-size: xx-small;\">Carga horaria (horas c\u00e1tedra semanales)<\/span><\/td>\n<\/tr>\n<tr>\n<td valign=\"TOP\" width=\"32\"><span style=\"font-family: 'MS Sans Serif'; font-size: xx-small;\">2\u00b0<\/span><\/td>\n<td valign=\"TOP\" width=\"193\"><span style=\"font-family: 'MS Sans Serif'; font-size: xx-small;\">Lengua<\/span><\/td>\n<td valign=\"TOP\" width=\"205\"><span style=\"font-family: 'MS Sans Serif'; font-size: xx-small;\">5<\/span><\/td>\n<\/tr>\n<tr>\n<td valign=\"top\" width=\"32\">&nbsp;<\/td>\n<td valign=\"TOP\" width=\"193\"><span style=\"font-family: 'MS Sans Serif'; font-size: xx-small;\">Ingl\u00e9s o Franc\u00e9s<\/span><\/td>\n<td valign=\"TOP\" width=\"205\"><span style=\"font-family: 'MS Sans Serif'; font-size: xx-small;\">3<\/span><\/td>\n<\/tr>\n<tr>\n<td valign=\"top\" width=\"32\">&nbsp;<\/td>\n<td valign=\"TOP\" width=\"193\"><span style=\"font-family: 'MS Sans Serif'; font-size: xx-small;\">Matem\u00e1tica<\/span><\/td>\n<td valign=\"TOP\" width=\"205\"><span style=\"font-family: 'MS Sans Serif'; font-size: xx-small;\">5<\/span><\/td>\n<\/tr>\n<tr>\n<td valign=\"top\" width=\"32\">&nbsp;<\/td>\n<td valign=\"TOP\" width=\"193\"><span style=\"font-family: 'MS Sans Serif'; font-size: xx-small;\">Geograf\u00eda<\/span><\/td>\n<td valign=\"TOP\" width=\"205\"><span style=\"font-family: 'MS Sans Serif'; font-size: xx-small;\">3<\/span><\/td>\n<\/tr>\n<tr>\n<td valign=\"top\" width=\"32\">&nbsp;<\/td>\n<td valign=\"TOP\" width=\"193\"><span style=\"font-family: 'MS Sans Serif'; font-size: xx-small;\">Historia<\/span><\/td>\n<td valign=\"TOP\" width=\"205\"><span style=\"font-family: 'MS Sans Serif'; font-size: xx-small;\">4<\/span><\/td>\n<\/tr>\n<tr>\n<td valign=\"top\" width=\"32\">&nbsp;<\/td>\n<td valign=\"TOP\" width=\"193\"><span style=\"font-family: 'MS Sans Serif'; font-size: xx-small;\">Educaci\u00f3n C\u00edvica<\/span><\/td>\n<td valign=\"TOP\" width=\"205\"><span style=\"font-family: 'MS Sans Serif'; font-size: xx-small;\">2<\/span><\/td>\n<\/tr>\n<tr>\n<td valign=\"top\" width=\"32\">&nbsp;<\/td>\n<td valign=\"TOP\" width=\"193\"><span style=\"font-family: 'MS Sans Serif'; font-size: xx-small;\">Educaci\u00f3n Musical<\/span><\/td>\n<td valign=\"TOP\" width=\"205\"><span style=\"font-family: 'MS Sans Serif'; font-size: xx-small;\">2<\/span><\/td>\n<\/tr>\n<tr>\n<td valign=\"top\" width=\"32\">&nbsp;<\/td>\n<td valign=\"TOP\" width=\"193\"><span style=\"font-family: 'MS Sans Serif'; font-size: xx-small;\">Educaci\u00f3n Pl\u00e1stica<\/span><\/td>\n<td valign=\"TOP\" width=\"205\"><span style=\"font-family: 'MS Sans Serif'; font-size: xx-small;\">2<\/span><\/td>\n<\/tr>\n<tr>\n<td valign=\"top\" width=\"32\">&nbsp;<\/td>\n<td valign=\"TOP\" width=\"193\"><span style=\"font-family: 'MS Sans Serif'; font-size: xx-small;\">Educaci\u00f3n Pr\u00e1ctica<\/span><\/td>\n<td valign=\"TOP\" width=\"205\"><span style=\"font-family: 'MS Sans Serif'; font-size: xx-small;\">2<\/span><\/td>\n<\/tr>\n<tr>\n<td valign=\"top\" width=\"32\">&nbsp;<\/td>\n<td valign=\"TOP\" width=\"193\"><span style=\"font-family: 'MS Sans Serif'; font-size: xx-small;\">Cs. Biol\u00f3gicas<\/span><\/td>\n<td valign=\"TOP\" width=\"205\"><span style=\"font-family: 'MS Sans Serif'; font-size: xx-small;\">3<\/span><\/td>\n<\/tr>\n<tr>\n<td valign=\"top\" width=\"32\">&nbsp;<\/td>\n<td valign=\"TOP\" width=\"193\"><span style=\"font-family: 'MS Sans Serif'; font-size: xx-small;\">Inform\u00e1tica<\/span><\/td>\n<td valign=\"TOP\" width=\"205\"><span style=\"font-family: 'MS Sans Serif'; font-size: xx-small;\">2<\/span><\/td>\n<\/tr>\n<tr>\n<td valign=\"top\" width=\"32\">&nbsp;<\/td>\n<td valign=\"TOP\" width=\"193\"><span style=\"font-family: 'MS Sans Serif'; font-size: xx-small;\">Educaci\u00f3n F\u00edsica<\/span><\/td>\n<td valign=\"TOP\" width=\"205\"><span style=\"font-family: 'MS Sans Serif'; font-size: xx-small;\">3<\/span><\/td>\n<\/tr>\n<tr>\n<td valign=\"top\" width=\"32\">&nbsp;<\/td>\n<td valign=\"top\" width=\"193\">&nbsp;<\/td>\n<td valign=\"top\" width=\"205\">&nbsp;<\/td>\n<\/tr>\n<tr>\n<td valign=\"TOP\" width=\"32\"><span style=\"font-family: 'MS Sans Serif'; font-size: xx-small;\">A\u00f1o<\/span><\/td>\n<td valign=\"TOP\" width=\"193\"><span style=\"font-family: 'MS Sans Serif'; font-size: xx-small;\">Asignatura<\/span><\/td>\n<td valign=\"TOP\" width=\"205\"><span style=\"font-family: 'MS Sans Serif'; font-size: xx-small;\">Carga horaria (horas c\u00e1tedra semanales)<\/span><\/td>\n<\/tr>\n<tr>\n<td valign=\"TOP\" width=\"32\"><span style=\"font-family: 'MS Sans Serif'; font-size: xx-small;\">3\u00b0<\/span><\/td>\n<td valign=\"TOP\" width=\"193\"><span style=\"font-family: 'MS Sans Serif'; font-size: xx-small;\">Lengua<\/span><\/td>\n<td valign=\"TOP\" width=\"205\"><span style=\"font-family: 'MS Sans Serif'; font-size: xx-small;\">5<\/span><\/td>\n<\/tr>\n<tr>\n<td valign=\"top\" width=\"32\">&nbsp;<\/td>\n<td valign=\"TOP\" width=\"193\"><span style=\"font-family: 'MS Sans Serif'; font-size: xx-small;\">Ingl\u00e9s o Franc\u00e9s<\/span><\/td>\n<td valign=\"TOP\" width=\"205\"><span style=\"font-family: 'MS Sans Serif'; font-size: xx-small;\">3<\/span><\/td>\n<\/tr>\n<tr>\n<td valign=\"top\" width=\"32\">&nbsp;<\/td>\n<td valign=\"TOP\" width=\"193\"><span style=\"font-family: 'MS Sans Serif'; font-size: xx-small;\">Matem\u00e1tica<\/span><\/td>\n<td valign=\"TOP\" width=\"205\"><span style=\"font-family: 'MS Sans Serif'; font-size: xx-small;\">5<\/span><\/td>\n<\/tr>\n<tr>\n<td valign=\"top\" width=\"32\">&nbsp;<\/td>\n<td valign=\"TOP\" width=\"193\"><span style=\"font-family: 'MS Sans Serif'; font-size: xx-small;\">Geograf\u00eda<\/span><\/td>\n<td valign=\"TOP\" width=\"205\"><span style=\"font-family: 'MS Sans Serif'; font-size: xx-small;\">3<\/span><\/td>\n<\/tr>\n<tr>\n<td valign=\"top\" width=\"32\">&nbsp;<\/td>\n<td valign=\"TOP\" width=\"193\"><span style=\"font-family: 'MS Sans Serif'; font-size: xx-small;\">Historia<\/span><\/td>\n<td valign=\"TOP\" width=\"205\"><span style=\"font-family: 'MS Sans Serif'; font-size: xx-small;\">4<\/span><\/td>\n<\/tr>\n<tr>\n<td valign=\"top\" width=\"32\">&nbsp;<\/td>\n<td valign=\"TOP\" width=\"193\"><span style=\"font-family: 'MS Sans Serif'; font-size: xx-small;\">Educaci\u00f3n C\u00edvica<\/span><\/td>\n<td valign=\"TOP\" width=\"205\"><span style=\"font-family: 'MS Sans Serif'; font-size: xx-small;\">2<\/span><\/td>\n<\/tr>\n<tr>\n<td valign=\"top\" width=\"32\">&nbsp;<\/td>\n<td valign=\"TOP\" width=\"193\"><span style=\"font-family: 'MS Sans Serif'; font-size: xx-small;\">Educaci\u00f3n Musical o Educaci\u00f3n Pl\u00e1stica<\/span><\/td>\n<td valign=\"TOP\" width=\"205\"><span style=\"font-family: 'MS Sans Serif'; font-size: xx-small;\">2<\/span><\/td>\n<\/tr>\n<tr>\n<td valign=\"top\" width=\"32\">&nbsp;<\/td>\n<td valign=\"TOP\" width=\"193\"><span style=\"font-family: 'MS Sans Serif'; font-size: xx-small;\">Econom\u00eda y Contabilidad<\/span><\/td>\n<td valign=\"TOP\" width=\"205\"><span style=\"font-family: 'MS Sans Serif'; font-size: xx-small;\">4<\/span><\/td>\n<\/tr>\n<tr>\n<td valign=\"top\" width=\"32\">&nbsp;<\/td>\n<td valign=\"TOP\" width=\"193\"><span style=\"font-family: 'MS Sans Serif'; font-size: xx-small;\">Cs. Biol\u00f3gicas<\/span><\/td>\n<td valign=\"TOP\" width=\"205\"><span style=\"font-family: 'MS Sans Serif'; font-size: xx-small;\">3<\/span><\/td>\n<\/tr>\n<tr>\n<td valign=\"top\" width=\"32\">&nbsp;<\/td>\n<td valign=\"TOP\" width=\"193\"><span style=\"font-family: 'MS Sans Serif'; font-size: xx-small;\">Fisico-Qu\u00edmica<\/span><\/td>\n<td valign=\"TOP\" width=\"205\"><span style=\"font-family: 'MS Sans Serif'; font-size: xx-small;\">4<\/span><\/td>\n<\/tr>\n<tr>\n<td valign=\"top\" width=\"32\">&nbsp;<\/td>\n<td valign=\"TOP\" width=\"193\"><span style=\"font-family: 'MS Sans Serif'; font-size: xx-small;\">Educaci\u00f3n F\u00edsica<\/span><\/td>\n<td valign=\"TOP\" width=\"205\">3<\/td>\n<\/tr>\n<\/tbody>\n<\/table>\n<p style=\"text-align: right;\"><span style=\"color: #800000; font-family: 'arial black', 'avant garde';\"><a title=\"Plan de estudios anterior al 2014\" href=\"index.cgi?wid_item=130&amp;wid_seccion=44\">Volver<\/a><\/span><\/p>\n","protected":false},"excerpt":{"rendered":"<p>&nbsp; A\u00f1o Asignatura Carga horaria (horas c\u00e1tedra semanales) 1\u00b0\u00a0 Lengua 5 &nbsp; Ingl\u00e9s o Franc\u00e9s 3 &nbsp; Matem\u00e1tica 5 &nbsp; Geograf\u00eda 3 &nbsp; Historia 4 &nbsp; Educaci\u00f3n C\u00edvica 2 &nbsp; Educaci\u00f3n Musical 2 &nbsp; Educaci\u00f3n Pl\u00e1stica 2 &nbsp; Educaci\u00f3n Pr\u00e1ctica 2 &nbsp; Cs. Biol\u00f3gicas 3 &nbsp; Metodolog\u00eda de Estudio 2 &nbsp; Educaci\u00f3n F\u00edsica 3 &nbsp; &#8230; <a title=\"Ciclo B\u00e1sico\" class=\"read-more\" href=\"https:\/\/ens7-caba.infd.edu.ar\/sitio\/ciclo-basico\/\" aria-label=\"More on Ciclo B\u00e1sico\">[+]<\/a><\/p>\n","protected":false},"author":2274,"featured_media":0,"parent":0,"menu_order":0,"comment_status":"closed","ping_status":"closed","template":"","meta":[],"acf":[],"_links":{"self":[{"href":"https:\/\/ens7-caba.infd.edu.ar\/sitio\/wp-json\/wp\/v2\/pages\/956"}],"collection":[{"href":"https:\/\/ens7-caba.infd.edu.ar\/sitio\/wp-json\/wp\/v2\/pages"}],"about":[{"href":"https:\/\/ens7-caba.infd.edu.ar\/sitio\/wp-json\/wp\/v2\/types\/page"}],"author":[{"embeddable":true,"href":"https:\/\/ens7-caba.infd.edu.ar\/sitio\/wp-json\/wp\/v2\/users\/2274"}],"replies":[{"embeddable":true,"href":"https:\/\/ens7-caba.infd.edu.ar\/sitio\/wp-json\/wp\/v2\/comments?post=956"}],"version-history":[{"count":1,"href":"https:\/\/ens7-caba.infd.edu.ar\/sitio\/wp-json\/wp\/v2\/pages\/956\/revisions"}],"predecessor-version":[{"id":1138,"href":"https:\/\/ens7-caba.infd.edu.ar\/sitio\/wp-json\/wp\/v2\/pages\/956\/revisions\/1138"}],"wp:attachment":[{"href":"https:\/\/ens7-caba.infd.edu.ar\/sitio\/wp-json\/wp\/v2\/media?parent=956"}],"curies":[{"name":"wp","href":"https:\/\/api.w.org\/{rel}","templated":true}]}}