{"id":958,"date":"2018-06-30T13:10:16","date_gmt":"2018-06-30T16:10:16","guid":{"rendered":"https:\/\/ens7-caba.infd.edu.ar\/sitio\/?page_id=958"},"modified":"2018-07-10T12:52:24","modified_gmt":"2018-07-10T15:52:24","slug":"bachillerato-comun","status":"publish","type":"page","link":"https:\/\/ens7-caba.infd.edu.ar\/sitio\/bachillerato-comun\/","title":{"rendered":"Bachillerato Com\u00fan"},"content":{"rendered":"<p>&nbsp;<\/p>\n<p><span style=\"font-family: 'MS Sans Serif'; font-size: xx-small;\">Nro de Plan de Estudios: Decreto 6680\/56<\/span><\/p>\n<table style=\"width: 49%; height: 479px;\" border=\"1\">\n<tbody>\n<tr>\n<td align=\"center\" width=\"10%\" height=\"18\"><span style=\"font-family: 'MS Sans Serif'; font-size: xx-small;\">A\u00f1o<\/span><\/td>\n<td align=\"center\" width=\"50%\" height=\"18\"><span style=\"font-family: 'MS Sans Serif'; font-size: xx-small;\">Asignatura<\/span><\/td>\n<td align=\"center\" width=\"46%\" height=\"18\"><span style=\"font-family: 'MS Sans Serif'; font-size: xx-small;\">Carga Horaria (horas c\u00e1tedra semanales)<\/span><\/td>\n<\/tr>\n<tr>\n<td width=\"10%\" height=\"18\"><span style=\"font-family: 'MS Sans Serif'; font-size: xx-small;\">4to<\/span><\/td>\n<td width=\"50%\" height=\"18\"><span style=\"font-family: 'MS Sans Serif'; font-size: xx-small;\">Literatura<\/span><\/td>\n<td align=\"center\" width=\"46%\" height=\"18\"><span style=\"font-family: 'MS Sans Serif'; font-size: xx-small;\">3<\/span><\/td>\n<\/tr>\n<tr>\n<td rowspan=\"12\" width=\"10%\" height=\"216\"><\/td>\n<td width=\"50%\" height=\"18\"><span style=\"font-family: 'MS Sans Serif'; font-size: xx-small;\">Franc\u00e9s\/Ingl\u00e9s<\/span><\/td>\n<td align=\"center\" width=\"46%\" height=\"18\"><span style=\"font-family: 'MS Sans Serif'; font-size: xx-small;\">4<\/span><\/td>\n<\/tr>\n<tr>\n<td width=\"50%\" height=\"18\"><span style=\"font-family: 'MS Sans Serif'; font-size: xx-small;\">Matem\u00e1tica<\/span><\/td>\n<td align=\"center\" width=\"46%\" height=\"18\"><span style=\"font-family: 'MS Sans Serif'; font-size: xx-small;\">4<\/span><\/td>\n<\/tr>\n<tr>\n<td width=\"50%\" height=\"18\"><span style=\"font-family: 'MS Sans Serif'; font-size: xx-small;\">F\u00edsica<\/span><\/td>\n<td align=\"center\" width=\"46%\" height=\"18\"><span style=\"font-family: 'MS Sans Serif'; font-size: xx-small;\">3<\/span><\/td>\n<\/tr>\n<tr>\n<td width=\"50%\" height=\"18\"><span style=\"font-family: 'MS Sans Serif'; font-size: xx-small;\">Qu\u00edmica<\/span><\/td>\n<td align=\"center\" width=\"46%\" height=\"18\"><span style=\"font-family: 'MS Sans Serif'; font-size: xx-small;\">3<\/span><\/td>\n<\/tr>\n<tr>\n<td width=\"50%\" height=\"18\"><span style=\"font-family: 'MS Sans Serif'; font-size: xx-small;\">Ciencias Biol\u00f3gicas<\/span><\/td>\n<td align=\"center\" width=\"46%\" height=\"18\"><span style=\"font-family: 'MS Sans Serif'; font-size: xx-small;\">3<\/span><\/td>\n<\/tr>\n<tr>\n<td width=\"50%\" height=\"18\"><span style=\"font-family: 'MS Sans Serif'; font-size: xx-small;\">Geograf\u00eda<\/span><\/td>\n<td align=\"center\" width=\"46%\" height=\"18\"><span style=\"font-family: 'MS Sans Serif'; font-size: xx-small;\">2<\/span><\/td>\n<\/tr>\n<tr>\n<td width=\"50%\" height=\"18\"><span style=\"font-family: 'MS Sans Serif'; font-size: xx-small;\">Historia<\/span><\/td>\n<td align=\"center\" width=\"46%\" height=\"18\"><span style=\"font-family: 'MS Sans Serif'; font-size: xx-small;\">3<\/span><\/td>\n<\/tr>\n<tr>\n<td width=\"50%\" height=\"18\"><span style=\"font-family: 'MS Sans Serif'; font-size: xx-small;\">M\u00fasica<\/span><\/td>\n<td align=\"center\" width=\"46%\" height=\"18\"><span style=\"font-family: 'MS Sans Serif'; font-size: xx-small;\">2<\/span><\/td>\n<\/tr>\n<tr>\n<td width=\"50%\" height=\"18\"><span style=\"font-family: 'MS Sans Serif'; font-size: xx-small;\">Psicolog\u00eda General<\/span><\/td>\n<td align=\"center\" width=\"46%\" height=\"18\"><span style=\"font-family: 'MS Sans Serif'; font-size: xx-small;\">3<\/span><\/td>\n<\/tr>\n<tr>\n<td width=\"50%\" height=\"18\"><span style=\"font-family: 'MS Sans Serif'; font-size: xx-small;\">Educaci\u00f3n F\u00edsica<\/span><\/td>\n<td align=\"center\" width=\"46%\" height=\"18\"><span style=\"font-family: 'MS Sans Serif'; font-size: xx-small;\">3<\/span><\/td>\n<\/tr>\n<tr>\n<td width=\"50%\" height=\"18\"><span style=\"font-family: 'MS Sans Serif'; font-size: xx-small;\">Inform\u00e1tica<\/span><\/td>\n<td align=\"center\" width=\"46%\" height=\"18\"><span style=\"font-family: 'MS Sans Serif'; font-size: xx-small;\">2<\/span><\/td>\n<\/tr>\n<tr>\n<td width=\"50%\" height=\"18\"><\/td>\n<td align=\"center\" width=\"46%\" height=\"18\"><\/td>\n<\/tr>\n<tr>\n<td width=\"10%\" height=\"18\"><span style=\"font-family: 'MS Sans Serif'; font-size: xx-small;\">5to<\/span><\/td>\n<td width=\"50%\" height=\"18\"><span style=\"font-family: 'MS Sans Serif'; font-size: xx-small;\">F\u00edsica<\/span><\/td>\n<td align=\"center\" width=\"46%\" height=\"18\"><span style=\"font-family: 'MS Sans Serif'; font-size: xx-small;\">3<\/span><\/td>\n<\/tr>\n<tr>\n<td rowspan=\"10\" width=\"10%\" height=\"174\"><\/td>\n<td width=\"50%\" height=\"18\"><span style=\"font-family: 'MS Sans Serif'; font-size: xx-small;\">Matem\u00e1tica<\/span><\/td>\n<td align=\"center\" width=\"46%\" height=\"18\"><span style=\"font-family: 'MS Sans Serif'; font-size: xx-small;\">4<\/span><\/td>\n<\/tr>\n<tr>\n<td width=\"50%\" height=\"18\"><span style=\"font-family: 'MS Sans Serif'; font-size: xx-small;\">Franc\u00e9s\/Ingl\u00e9s<\/span><\/td>\n<td align=\"center\" width=\"46%\" height=\"18\"><span style=\"font-family: 'MS Sans Serif'; font-size: xx-small;\">4<\/span><\/td>\n<\/tr>\n<tr>\n<td width=\"50%\" height=\"18\"><span style=\"font-family: 'MS Sans Serif'; font-size: xx-small;\">Literatura<\/span><\/td>\n<td align=\"center\" width=\"46%\" height=\"18\"><span style=\"font-family: 'MS Sans Serif'; font-size: xx-small;\">3<\/span><\/td>\n<\/tr>\n<tr>\n<td width=\"50%\" height=\"18\"><span style=\"font-family: 'MS Sans Serif'; font-size: xx-small;\">Qu\u00edmica<\/span><\/td>\n<td align=\"center\" width=\"46%\" height=\"18\"><span style=\"font-family: 'MS Sans Serif'; font-size: xx-small;\">3<\/span><\/td>\n<\/tr>\n<tr>\n<td width=\"50%\" height=\"17\"><span style=\"font-family: 'MS Sans Serif'; font-size: xx-small;\">Ciencias Biol\u00f3gicas<\/span><\/td>\n<td align=\"center\" width=\"46%\" height=\"17\"><span style=\"font-family: 'MS Sans Serif'; font-size: xx-small;\">2<\/span><\/td>\n<\/tr>\n<tr>\n<td width=\"50%\" height=\"17\"><span style=\"font-family: 'MS Sans Serif'; font-size: xx-small;\">Geograf\u00eda<\/span><\/td>\n<td align=\"center\" width=\"46%\" height=\"17\"><span style=\"font-family: 'MS Sans Serif'; font-size: xx-small;\">2<\/span><\/td>\n<\/tr>\n<tr>\n<td width=\"50%\" height=\"17\"><span style=\"font-family: 'MS Sans Serif'; font-size: xx-small;\">Historia<\/span><\/td>\n<td align=\"center\" width=\"46%\" height=\"17\"><span style=\"font-family: 'MS Sans Serif'; font-size: xx-small;\">3<\/span><\/td>\n<\/tr>\n<tr>\n<td width=\"50%\" height=\"17\"><span style=\"font-family: 'MS Sans Serif'; font-size: xx-small;\">Filosof\u00eda<\/span><\/td>\n<td align=\"center\" width=\"46%\" height=\"17\"><span style=\"font-family: 'MS Sans Serif'; font-size: xx-small;\">3<\/span><\/td>\n<\/tr>\n<tr>\n<td width=\"50%\" height=\"17\"><span style=\"font-family: 'MS Sans Serif'; font-size: xx-small;\">Instrucci\u00f3n C\u00edvica<\/span><\/td>\n<td align=\"center\" width=\"46%\" height=\"17\"><span style=\"font-family: 'MS Sans Serif'; font-size: xx-small;\">3<\/span><\/td>\n<\/tr>\n<tr>\n<td width=\"50%\" height=\"17\"><span style=\"font-family: 'MS Sans Serif'; font-size: xx-small;\">Educaci\u00f3n F\u00edsica<\/span><\/td>\n<td align=\"center\" width=\"46%\" height=\"17\"><span style=\"font-family: 'MS Sans Serif'; font-size: xx-small;\">3<\/span><\/td>\n<\/tr>\n<\/tbody>\n<\/table>\n<p style=\"text-align: right;\"><span style=\"color: #800000; font-family: 'arial black', 'avant garde';\"><a title=\"Plan de estudios anterior al 2014\" href=\"index.cgi?wid_item=130&amp;wid_seccion=44\"><span style=\"color: #800000;\">Volver<\/span><\/a><\/span><\/p>\n","protected":false},"excerpt":{"rendered":"<p>&nbsp; Nro de Plan de Estudios: Decreto 6680\/56 A\u00f1o Asignatura Carga Horaria (horas c\u00e1tedra semanales) 4to Literatura 3 Franc\u00e9s\/Ingl\u00e9s 4 Matem\u00e1tica 4 F\u00edsica 3 Qu\u00edmica 3 Ciencias Biol\u00f3gicas 3 Geograf\u00eda 2 Historia 3 M\u00fasica 2 Psicolog\u00eda General 3 Educaci\u00f3n F\u00edsica 3 Inform\u00e1tica 2 5to F\u00edsica 3 Matem\u00e1tica 4 Franc\u00e9s\/Ingl\u00e9s 4 Literatura 3 Qu\u00edmica 3 Ciencias &#8230; <a title=\"Bachillerato Com\u00fan\" class=\"read-more\" href=\"https:\/\/ens7-caba.infd.edu.ar\/sitio\/bachillerato-comun\/\" aria-label=\"More on Bachillerato Com\u00fan\">[+]<\/a><\/p>\n","protected":false},"author":2274,"featured_media":0,"parent":0,"menu_order":0,"comment_status":"closed","ping_status":"closed","template":"","meta":[],"acf":[],"_links":{"self":[{"href":"https:\/\/ens7-caba.infd.edu.ar\/sitio\/wp-json\/wp\/v2\/pages\/958"}],"collection":[{"href":"https:\/\/ens7-caba.infd.edu.ar\/sitio\/wp-json\/wp\/v2\/pages"}],"about":[{"href":"https:\/\/ens7-caba.infd.edu.ar\/sitio\/wp-json\/wp\/v2\/types\/page"}],"author":[{"embeddable":true,"href":"https:\/\/ens7-caba.infd.edu.ar\/sitio\/wp-json\/wp\/v2\/users\/2274"}],"replies":[{"embeddable":true,"href":"https:\/\/ens7-caba.infd.edu.ar\/sitio\/wp-json\/wp\/v2\/comments?post=958"}],"version-history":[{"count":1,"href":"https:\/\/ens7-caba.infd.edu.ar\/sitio\/wp-json\/wp\/v2\/pages\/958\/revisions"}],"predecessor-version":[{"id":1128,"href":"https:\/\/ens7-caba.infd.edu.ar\/sitio\/wp-json\/wp\/v2\/pages\/958\/revisions\/1128"}],"wp:attachment":[{"href":"https:\/\/ens7-caba.infd.edu.ar\/sitio\/wp-json\/wp\/v2\/media?parent=958"}],"curies":[{"name":"wp","href":"https:\/\/api.w.org\/{rel}","templated":true}]}}