{"id":959,"date":"2018-07-01T11:55:06","date_gmt":"2018-07-01T14:55:06","guid":{"rendered":"https:\/\/ens7-caba.infd.edu.ar\/sitio\/?page_id=959"},"modified":"2018-07-10T12:52:24","modified_gmt":"2018-07-10T15:52:24","slug":"bachillerato-con-orientacion-biologica","status":"publish","type":"page","link":"https:\/\/ens7-caba.infd.edu.ar\/sitio\/bachillerato-con-orientacion-biologica\/","title":{"rendered":"Bachillerato con orientaci\u00f3n Biol\u00f3gica"},"content":{"rendered":"<p>&nbsp;<\/p>\n<p><span style=\"font-family: 'MS Sans Serif'; font-size: xx-small;\">Nro de Plan de Estudios: Decreto 6680\/56 y 6982\/49<\/span><\/p>\n<table style=\"width: 48%; height: 436px;\" border=\"1\">\n<tbody>\n<tr>\n<td align=\"center\" width=\"9%\" height=\"18\"><span style=\"font-family: 'MS Sans Serif'; font-size: xx-small;\">A\u00f1o<\/span><\/td>\n<td align=\"center\" width=\"51%\" height=\"18\"><span style=\"font-family: 'MS Sans Serif'; font-size: xx-small;\">Asignatura<\/span><\/td>\n<td align=\"center\" width=\"50%\" height=\"18\"><span style=\"font-family: 'MS Sans Serif'; font-size: xx-small;\">Carga Horaria (horas c\u00e1tedra semanales)<\/span><\/td>\n<\/tr>\n<tr>\n<td width=\"9%\" height=\"18\"><span style=\"font-family: 'MS Sans Serif'; font-size: xx-small;\">4to<\/span><\/td>\n<td width=\"51%\" height=\"18\"><span style=\"font-family: 'MS Sans Serif'; font-size: xx-small;\">Literatura<\/span><\/td>\n<td align=\"center\" width=\"50%\" height=\"18\"><span style=\"font-family: 'MS Sans Serif'; font-size: xx-small;\">2<\/span><\/td>\n<\/tr>\n<tr>\n<td rowspan=\"13\" width=\"9%\" height=\"234\"><\/td>\n<td width=\"51%\" height=\"18\"><span style=\"font-family: 'MS Sans Serif'; font-size: xx-small;\">Franc\u00e9s\/Ingl\u00e9s<\/span><\/td>\n<td align=\"center\" width=\"50%\" height=\"18\"><span style=\"font-family: 'MS Sans Serif'; font-size: xx-small;\">3<\/span><\/td>\n<\/tr>\n<tr>\n<td width=\"51%\" height=\"18\"><span style=\"font-family: 'MS Sans Serif'; font-size: xx-small;\">Ciencias Biol\u00f3gicas<\/span><\/td>\n<td align=\"center\" width=\"50%\" height=\"18\"><span style=\"font-family: 'MS Sans Serif'; font-size: xx-small;\">6<\/span><\/td>\n<\/tr>\n<tr>\n<td width=\"51%\" height=\"18\"><span style=\"font-family: 'MS Sans Serif'; font-size: xx-small;\">Matem\u00e1tica<\/span><\/td>\n<td align=\"center\" width=\"50%\" height=\"18\"><span style=\"font-family: 'MS Sans Serif'; font-size: xx-small;\">3<\/span><\/td>\n<\/tr>\n<tr>\n<td width=\"51%\" height=\"18\"><span style=\"font-family: 'MS Sans Serif'; font-size: xx-small;\">Geograf\u00eda<\/span><\/td>\n<td align=\"center\" width=\"50%\" height=\"18\"><span style=\"font-family: 'MS Sans Serif'; font-size: xx-small;\">2<\/span><\/td>\n<\/tr>\n<tr>\n<td width=\"51%\" height=\"18\"><span style=\"font-family: 'MS Sans Serif'; font-size: xx-small;\">Historia<\/span><\/td>\n<td align=\"center\" width=\"50%\" height=\"18\"><span style=\"font-family: 'MS Sans Serif'; font-size: xx-small;\">2<\/span><\/td>\n<\/tr>\n<tr>\n<td width=\"51%\" height=\"18\"><span style=\"font-family: 'MS Sans Serif'; font-size: xx-small;\">F\u00edsica<\/span><\/td>\n<td align=\"center\" width=\"50%\" height=\"18\"><span style=\"font-family: 'MS Sans Serif'; font-size: xx-small;\">2<\/span><\/td>\n<\/tr>\n<tr>\n<td width=\"51%\" height=\"18\"><span style=\"font-family: 'MS Sans Serif'; font-size: xx-small;\">Qu\u00edmica<\/span><\/td>\n<td align=\"center\" width=\"50%\" height=\"18\"><span style=\"font-family: 'MS Sans Serif'; font-size: xx-small;\">4<\/span><\/td>\n<\/tr>\n<tr>\n<td width=\"51%\" height=\"18\"><span style=\"font-family: 'MS Sans Serif'; font-size: xx-small;\">Educaci\u00f3n Musical<\/span><\/td>\n<td align=\"center\" width=\"50%\" height=\"18\"><span style=\"font-family: 'MS Sans Serif'; font-size: xx-small;\">1<\/span><\/td>\n<\/tr>\n<tr>\n<td width=\"51%\" height=\"18\"><span style=\"font-family: 'MS Sans Serif'; font-size: xx-small;\">Instrucci\u00f3n C\u00edvica<\/span><\/td>\n<td align=\"center\" width=\"50%\" height=\"18\"><span style=\"font-family: 'MS Sans Serif'; font-size: xx-small;\">2<\/span><\/td>\n<\/tr>\n<tr>\n<td width=\"51%\" height=\"18\"><span style=\"font-family: 'MS Sans Serif'; font-size: xx-small;\">Psicolog\u00eda<\/span><\/td>\n<td align=\"center\" width=\"50%\" height=\"18\"><span style=\"font-family: 'MS Sans Serif'; font-size: xx-small;\">3<\/span><\/td>\n<\/tr>\n<tr>\n<td width=\"51%\" height=\"18\"><span style=\"font-family: 'MS Sans Serif'; font-size: xx-small;\">Educaci\u00f3n F\u00edsica<\/span><\/td>\n<td align=\"center\" width=\"50%\" height=\"18\"><span style=\"font-family: 'MS Sans Serif'; font-size: xx-small;\">3<\/span><\/td>\n<\/tr>\n<tr>\n<td width=\"51%\" height=\"18\"><span style=\"font-family: 'MS Sans Serif'; font-size: xx-small;\">Inform\u00e1tica<\/span><\/td>\n<td align=\"center\" width=\"50%\" height=\"18\"><span style=\"font-family: 'MS Sans Serif'; font-size: xx-small;\">2<\/span><\/td>\n<\/tr>\n<tr>\n<td width=\"51%\" height=\"18\"><\/td>\n<td align=\"center\" width=\"50%\" height=\"18\"><\/td>\n<\/tr>\n<tr>\n<td width=\"9%\" height=\"18\"><span style=\"font-family: 'MS Sans Serif'; font-size: xx-small;\">5to<\/span><\/td>\n<td width=\"51%\" height=\"18\"><span style=\"font-family: 'MS Sans Serif'; font-size: xx-small;\">Literatura<\/span><\/td>\n<td align=\"center\" width=\"50%\" height=\"18\"><span style=\"font-family: 'MS Sans Serif'; font-size: xx-small;\">2<\/span><\/td>\n<\/tr>\n<tr>\n<td rowspan=\"11\" width=\"9%\" height=\"175\"><\/td>\n<td width=\"51%\" height=\"18\"><span style=\"font-family: 'MS Sans Serif'; font-size: xx-small;\">Franc\u00e9s\/Ingl\u00e9s<\/span><\/td>\n<td align=\"center\" width=\"50%\" height=\"18\"><span style=\"font-family: 'MS Sans Serif'; font-size: xx-small;\">3<\/span><\/td>\n<\/tr>\n<tr>\n<td width=\"51%\" height=\"18\"><span style=\"font-family: 'MS Sans Serif'; font-size: xx-small;\">Matem\u00e1tica<\/span><\/td>\n<td align=\"center\" width=\"50%\" height=\"18\"><span style=\"font-family: 'MS Sans Serif'; font-size: xx-small;\">3<\/span><\/td>\n<\/tr>\n<tr>\n<td width=\"51%\" height=\"18\"><span style=\"font-family: 'MS Sans Serif'; font-size: xx-small;\">F\u00edsica<\/span><\/td>\n<td align=\"center\" width=\"50%\" height=\"18\"><span style=\"font-family: 'MS Sans Serif'; font-size: xx-small;\">2<\/span><\/td>\n<\/tr>\n<tr>\n<td width=\"51%\" height=\"18\"><span style=\"font-family: 'MS Sans Serif'; font-size: xx-small;\">Qu\u00edmica<\/span><\/td>\n<td align=\"center\" width=\"50%\" height=\"18\"><span style=\"font-family: 'MS Sans Serif'; font-size: xx-small;\">4<\/span><\/td>\n<\/tr>\n<tr>\n<td width=\"51%\" height=\"17\"><span style=\"font-family: 'MS Sans Serif'; font-size: xx-small;\">Biolog\u00eda<\/span><\/td>\n<td align=\"center\" width=\"50%\" height=\"17\"><span style=\"font-family: 'MS Sans Serif'; font-size: xx-small;\">6<\/span><\/td>\n<\/tr>\n<tr>\n<td width=\"51%\" height=\"17\"><span style=\"font-family: 'MS Sans Serif'; font-size: xx-small;\">Geograf\u00eda<\/span><\/td>\n<td align=\"center\" width=\"50%\" height=\"17\"><span style=\"font-family: 'MS Sans Serif'; font-size: xx-small;\">2<\/span><\/td>\n<\/tr>\n<tr>\n<td width=\"51%\" height=\"17\"><span style=\"font-family: 'MS Sans Serif'; font-size: xx-small;\">Historia<\/span><\/td>\n<td align=\"center\" width=\"50%\" height=\"17\"><span style=\"font-family: 'MS Sans Serif'; font-size: xx-small;\">2<\/span><\/td>\n<\/tr>\n<tr>\n<td width=\"51%\" height=\"17\"><span style=\"font-family: 'MS Sans Serif'; font-size: xx-small;\">L\u00f3gica<\/span><\/td>\n<td align=\"center\" width=\"50%\" height=\"17\"><span style=\"font-family: 'MS Sans Serif'; font-size: xx-small;\">3<\/span><\/td>\n<\/tr>\n<tr>\n<td width=\"51%\" height=\"1\"><span style=\"font-family: 'MS Sans Serif'; font-size: xx-small;\">ESEA<\/span><\/td>\n<td align=\"center\" width=\"50%\" height=\"1\"><span style=\"font-family: 'MS Sans Serif'; font-size: xx-small;\">2<\/span><\/td>\n<\/tr>\n<tr>\n<td width=\"51%\" height=\"17\"><span style=\"font-family: 'MS Sans Serif'; font-size: xx-small;\">M\u00fasica<\/span><\/td>\n<td align=\"center\" width=\"50%\" height=\"17\"><span style=\"font-family: 'MS Sans Serif'; font-size: xx-small;\">1<\/span><\/td>\n<\/tr>\n<tr>\n<td width=\"51%\" height=\"17\"><span style=\"font-family: 'MS Sans Serif'; font-size: xx-small;\">Educaci\u00f3n F\u00edsica<\/span><\/td>\n<td align=\"center\" width=\"50%\" height=\"17\">3<\/td>\n<\/tr>\n<\/tbody>\n<\/table>\n<p style=\"text-align: right;\"><span style=\"color: #800000; font-family: 'arial black', 'avant garde';\"><a title=\"Plan de estudios anterior al 2014\" href=\"index.cgi?wid_item=130&amp;wid_seccion=44\">Volver<\/a><\/span><\/p>\n","protected":false},"excerpt":{"rendered":"<p>&nbsp; Nro de Plan de Estudios: Decreto 6680\/56 y 6982\/49 A\u00f1o Asignatura Carga Horaria (horas c\u00e1tedra semanales) 4to Literatura 2 Franc\u00e9s\/Ingl\u00e9s 3 Ciencias Biol\u00f3gicas 6 Matem\u00e1tica 3 Geograf\u00eda 2 Historia 2 F\u00edsica 2 Qu\u00edmica 4 Educaci\u00f3n Musical 1 Instrucci\u00f3n C\u00edvica 2 Psicolog\u00eda 3 Educaci\u00f3n F\u00edsica 3 Inform\u00e1tica 2 5to Literatura 2 Franc\u00e9s\/Ingl\u00e9s 3 Matem\u00e1tica 3 &#8230; <a title=\"Bachillerato con orientaci\u00f3n Biol\u00f3gica\" class=\"read-more\" href=\"https:\/\/ens7-caba.infd.edu.ar\/sitio\/bachillerato-con-orientacion-biologica\/\" aria-label=\"More on Bachillerato con orientaci\u00f3n Biol\u00f3gica\">[+]<\/a><\/p>\n","protected":false},"author":2274,"featured_media":0,"parent":0,"menu_order":0,"comment_status":"closed","ping_status":"closed","template":"","meta":[],"acf":[],"_links":{"self":[{"href":"https:\/\/ens7-caba.infd.edu.ar\/sitio\/wp-json\/wp\/v2\/pages\/959"}],"collection":[{"href":"https:\/\/ens7-caba.infd.edu.ar\/sitio\/wp-json\/wp\/v2\/pages"}],"about":[{"href":"https:\/\/ens7-caba.infd.edu.ar\/sitio\/wp-json\/wp\/v2\/types\/page"}],"author":[{"embeddable":true,"href":"https:\/\/ens7-caba.infd.edu.ar\/sitio\/wp-json\/wp\/v2\/users\/2274"}],"replies":[{"embeddable":true,"href":"https:\/\/ens7-caba.infd.edu.ar\/sitio\/wp-json\/wp\/v2\/comments?post=959"}],"version-history":[{"count":1,"href":"https:\/\/ens7-caba.infd.edu.ar\/sitio\/wp-json\/wp\/v2\/pages\/959\/revisions"}],"predecessor-version":[{"id":1132,"href":"https:\/\/ens7-caba.infd.edu.ar\/sitio\/wp-json\/wp\/v2\/pages\/959\/revisions\/1132"}],"wp:attachment":[{"href":"https:\/\/ens7-caba.infd.edu.ar\/sitio\/wp-json\/wp\/v2\/media?parent=959"}],"curies":[{"name":"wp","href":"https:\/\/api.w.org\/{rel}","templated":true}]}}