{"id":964,"date":"2018-07-05T12:31:10","date_gmt":"2018-07-05T15:31:10","guid":{"rendered":"https:\/\/ens7-caba.infd.edu.ar\/sitio\/?page_id=964"},"modified":"2022-11-11T19:09:53","modified_gmt":"2022-11-11T22:09:53","slug":"nueva-escuela-secundaria","status":"publish","type":"page","link":"https:\/\/ens7-caba.infd.edu.ar\/sitio\/nueva-escuela-secundaria\/","title":{"rendered":"Nueva Escuela Secundaria"},"content":{"rendered":"<p style=\"text-align: left;\"><span style=\"color: #800000; font-family: tahoma, arial, helvetica, sans-serif; font-size: 12pt;\" data-mce-mark=\"1\">En el a\u00f1o 2014,\u00a0 la Escuela Normal Superior N\u00ba 7, y en forma progresiva comenzando por 1\u00ba a\u00f1o,\u00a0 aplica la Nueva Escuela Secundaria (NES). Pertenece al grupo de Escuelas Piloto.<\/span><\/p>\n<p><span style=\"color: #800000; font-family: tahoma, arial, helvetica, sans-serif; font-size: 12pt;\" data-mce-mark=\"1\">La Nueva Escuela Secundaria (NES) \u00a0posee un Ciclo B\u00e1sico de 2 a\u00f1os y un Bachillerato Orientado de 3 a\u00f1os<\/span><\/p>\n<p style=\"text-align: left;\"><span style=\"color: #800000; font-family: tahoma, arial, helvetica, sans-serif; font-size: 12pt;\" data-mce-mark=\"1\">En 2020\u00a0 1er a\u00f1o inici\u00f3 con profundizaci\u00f3n de la NES, se conoce como SECUNDARIA DEL FUTURO.\u00a0 Los estudiantes tienen, adem\u00e1s de las materias disciplinares, espacios interdisciplinarios en donde docentes de \u00e1reas afines trabajar\u00e1n juntos en el aula en la modalidad de talleres y proyectos.<\/span><\/p>\n<p><span style=\"color: #800000; font-family: tahoma, arial, helvetica, sans-serif; font-size: 12pt;\" data-mce-mark=\"1\">El alumno podr\u00e1 optar al iniciar 3\u00ba A\u00f1o por alguna de las siguientes orientaciones:<\/span><\/p>\n<p style=\"text-align: left;\"><a href=\"https:\/\/ens7-caba.infd.edu.ar\/aula\/archivos\/repositorio\/\/5000\/5089\/Plan-de-estudios-orientacion_cs_sociales.pdf\"><span style=\"color: #800000; font-family: tahoma, arial, helvetica, sans-serif; font-size: 12pt;\" data-mce-mark=\"1\"><span style=\"color: #0000ff;\">Orientaci\u00f3n en Ciencias Sociales y Humanidades<\/span><\/span><\/a><\/p>\n<p style=\"text-align: left;\"><a href=\"https:\/\/ens7-caba.infd.edu.ar\/aula\/archivos\/repositorio\/\/5000\/5088\/Plan-de-estudios-orientacion_educacion.pdf\"><span style=\"color: #0000ff;\"><span style=\"font-family: tahoma, arial, helvetica, sans-serif; font-size: 12pt;\" data-mce-mark=\"1\">Orientaci\u00f3n en Educaci\u00f3n<\/span><\/span><\/a><\/p>\n<p style=\"text-align: left;\"><a href=\"https:\/\/ens7-caba.infd.edu.ar\/aula\/archivos\/repositorio\/\/5000\/5087\/Plan-de-estudios-orientacion_biologica.pdf\"><span style=\"color: #0000ff;\"><span style=\"font-family: tahoma, arial, helvetica, sans-serif; font-size: 12pt;\" data-mce-mark=\"1\">Orientaci\u00f3n en Ciencias Naturales<\/span><\/span><\/a><\/p>\n<div>\n<h4 style=\"text-align: center;\"><strong><span style=\"color: #003366; font-size: 14pt;\">\u00a0 \u00a0 \u00a0 \u00a0<span style=\"color: #003366; font-size: 14pt;\">\u00a0 \u00a0 \u00a0 \u00a0 \u00a0 \u00a0<span style=\"font-size: 12pt;\">\u00a0<\/span><\/span><\/span><\/strong><\/h4>\n<p><img decoding=\"async\" loading=\"lazy\" style=\"display: block; margin-left: auto; margin-right: auto;\" src=\"https:\/\/ens7-caba.infd.edu.ar\/aula\/archivos\/repositorio\/1500\/1611\/imagennesc.jpg\" alt=\"\" width=\"440\" height=\"256\" border=\"0\" \/><\/p>\n<\/div>\n","protected":false},"excerpt":{"rendered":"<p>En el a\u00f1o 2014,\u00a0 la Escuela Normal Superior N\u00ba 7, y en forma progresiva comenzando por 1\u00ba a\u00f1o,\u00a0 aplica la Nueva Escuela Secundaria (NES). Pertenece al grupo de Escuelas Piloto. La Nueva Escuela Secundaria (NES) \u00a0posee un Ciclo B\u00e1sico de 2 a\u00f1os y un Bachillerato Orientado de 3 a\u00f1os En 2020\u00a0 1er a\u00f1o inici\u00f3 con &#8230; <a title=\"Nueva Escuela Secundaria\" class=\"read-more\" href=\"https:\/\/ens7-caba.infd.edu.ar\/sitio\/nueva-escuela-secundaria\/\" aria-label=\"More on Nueva Escuela Secundaria\">[+]<\/a><\/p>\n","protected":false},"author":2274,"featured_media":0,"parent":0,"menu_order":0,"comment_status":"closed","ping_status":"closed","template":"","meta":[],"acf":[],"_links":{"self":[{"href":"https:\/\/ens7-caba.infd.edu.ar\/sitio\/wp-json\/wp\/v2\/pages\/964"}],"collection":[{"href":"https:\/\/ens7-caba.infd.edu.ar\/sitio\/wp-json\/wp\/v2\/pages"}],"about":[{"href":"https:\/\/ens7-caba.infd.edu.ar\/sitio\/wp-json\/wp\/v2\/types\/page"}],"author":[{"embeddable":true,"href":"https:\/\/ens7-caba.infd.edu.ar\/sitio\/wp-json\/wp\/v2\/users\/2274"}],"replies":[{"embeddable":true,"href":"https:\/\/ens7-caba.infd.edu.ar\/sitio\/wp-json\/wp\/v2\/comments?post=964"}],"version-history":[{"count":5,"href":"https:\/\/ens7-caba.infd.edu.ar\/sitio\/wp-json\/wp\/v2\/pages\/964\/revisions"}],"predecessor-version":[{"id":3434,"href":"https:\/\/ens7-caba.infd.edu.ar\/sitio\/wp-json\/wp\/v2\/pages\/964\/revisions\/3434"}],"wp:attachment":[{"href":"https:\/\/ens7-caba.infd.edu.ar\/sitio\/wp-json\/wp\/v2\/media?parent=964"}],"curies":[{"name":"wp","href":"https:\/\/api.w.org\/{rel}","templated":true}]}}