{"id":972,"date":"2018-06-28T16:32:47","date_gmt":"2018-06-28T19:32:47","guid":{"rendered":"https:\/\/ens7-caba.infd.edu.ar\/sitio\/mesas-de-examen\/"},"modified":"2024-02-28T00:55:44","modified_gmt":"2024-02-28T03:55:44","slug":"mesas-de-examen-media","status":"publish","type":"page","link":"https:\/\/ens7-caba.infd.edu.ar\/sitio\/mesas-de-examen-media\/","title":{"rendered":"Mesas de Examen Nivel medio"},"content":{"rendered":"<p style=\"text-align: center; font-size: 20pt; padding: 0; margin: 0;\"><strong>2023<\/strong><\/p>\n<table width=\"424\">\n<tbody>\n<tr style=\"background-color: #ccccdd;\">\n<td style=\"text-align: center;\" width=\"208\"><strong>31 DE JULIO\u00a0 \u00a0 \u00a0 7.45 HS.<\/strong><\/td>\n<td style=\"text-align: center;\" width=\"216\"><strong>1 DE AGOSTO\u00a0 \u00a0 7.45 HS.<\/strong><\/td>\n<\/tr>\n<tr>\n<td>Antropolog\u00eda Cultural\u00a0 4\u00ba A\u00f1o<\/td>\n<td>Arte y Ciencia 5\u00ba A\u00f1o<\/td>\n<\/tr>\n<tr>\n<td>Introducci\u00f3n a las Ciencias Sociales y Humanidades 3\u00ba A\u00f1o<\/td>\n<td>Filosof\u00eda 5\u00ba A\u00f1o<\/td>\n<\/tr>\n<tr>\n<td>Sociolog\u00eda 5\u00ba A\u00f1o<\/td>\n<td>Filosof\u00eda de la Ciencia y la Tecnolog\u00eda 4\u00ba A\u00f1o<\/td>\n<\/tr>\n<tr>\n<td>Proyecto 5\u00ba Ciencias Sociales<\/td>\n<td>Problem\u00e1ticas cient\u00edficas con impacto social 5\u00ba A\u00f1o<\/td>\n<\/tr>\n<tr>\n<td>Artes M\u00fasica\/Artes Visuales\u00a0 1\u00ba, 2\u00ba y 4\u00ba A\u00f1o<\/td>\n<td>Psicolog\u00eda 4\u00ba A\u00f1o<\/td>\n<\/tr>\n<tr>\n<td>Educaci\u00f3n Tecnol\u00f3gica\u00a0 1\u00ba y 2\u00ba A\u00f1o<\/td>\n<td>\u00a0Biolog\u00eda 1\u00ba a 3\u00ba A\u00f1o<\/td>\n<\/tr>\n<tr>\n<td>Tecnolog\u00edas De la Informaci\u00f3n y la Comunicaci\u00f3n (TICS) 3\u00ba a 5\u00ba A\u00f1o<\/td>\n<td>Ecolog\u00eda 5\u00ba A\u00f1o<\/td>\n<\/tr>\n<tr>\n<td>Educaci\u00f3n Ciudadana\u00a0 1\u00ba y 2\u00ba A\u00f1o<\/td>\n<td>Energ\u00eda, radiaci\u00f3n y vida 5\u00ba A\u00f1o<\/td>\n<\/tr>\n<tr>\n<td>Formaci\u00f3n \u00c9tica y Ciudadana 3\u00ba y 4\u00ba A\u00f1o<\/td>\n<td>Historia de la vida y de la tierra 5\u00ba A\u00f1o<\/td>\n<\/tr>\n<tr>\n<td>Historia 1\u00ba a 4\u00ba A\u00f1o<\/td>\n<td>Qu\u00edmica, alimentaci\u00f3n y salud 5\u00ba A\u00f1o<\/td>\n<\/tr>\n<tr>\n<td>Historia Cult. Latinoamericana 5\u00ba A\u00f1o CS<\/td>\n<td>\u00a0Educaci\u00f3n y cultura 5\u00ba A\u00f1o<\/td>\n<\/tr>\n<tr>\n<td>Historia Orientada 5\u00ba CB y Ed.<\/td>\n<td>Educaci\u00f3n y Estado 4\u00ba A\u00f1o<\/td>\n<\/tr>\n<tr>\n<td>Sociedad y Estado 5\u00ba A\u00f1o CS<\/td>\n<td>Educaci\u00f3n y Globalizaci\u00f3n 5\u00ba A\u00f1o &#8211; Educaci\u00f3n y Psicolog\u00eda 5\u00ba A\u00f1o<\/td>\n<\/tr>\n<tr>\n<td>Econom\u00eda 3\u00ba A\u00f1o<\/td>\n<td>Educaci\u00f3n y Sociedad 3\u00baA\u00f1o<\/td>\n<\/tr>\n<tr>\n<td>Geograf\u00eda 1\u00ba a 4\u00ba A\u00f1o<\/td>\n<td>Perspectivas Pedag\u00f3gicas 4\u00ba A\u00f1o -Sujetos de la Ed. 4\u00ba A\u00f1o<\/td>\n<\/tr>\n<tr>\n<td>Geograf\u00eda ambiental y pol\u00edtica 5\u00ba A\u00f1o<\/td>\n<td>Proyecto 5\u00ba Educaci\u00f3n<\/td>\n<\/tr>\n<tr>\n<td>Lengua y Literatura 1\u00ba a 5\u00ba A\u00f1o<\/td>\n<td>Estructura del Universo\u00a0 4\u00ba A\u00f1o\u00a0 &#8211; F\u00edsica 4\u00ba A\u00f1o<\/td>\n<\/tr>\n<tr>\n<td>\u00a0<\/td>\n<td>Fisicoqu\u00edmica 3\u00ba A\u00f1o &#8211;\u00a0 Qu\u00edmica 4\u00ba y 5\u00ba A\u00f1o<\/td>\n<\/tr>\n<tr>\n<td>\u00a0<\/td>\n<td>Matem\u00e1tica 1\u00ba a 5\u00ba A\u00f1o<\/td>\n<\/tr>\n<tr>\n<td>\u00a0<\/td>\n<td>Lengua adicional (franc\u00e9s) 1\u00ba a 5\u00ba A\u00f1o<\/td>\n<\/tr>\n<tr>\n<td>\u00a0<\/td>\n<td>Lengua adicional (ingl\u00e9s) 1\u00ba a 5\u00ba A\u00f1o<\/td>\n<\/tr>\n<\/tbody>\n<\/table>\n\n\n<p>9.00 hs. Polideportivo  Educaci\u00f3n F\u00edsica 1\u00ba a 5\u00ba A\u00f1o&nbsp;<\/p>\n","protected":false},"excerpt":{"rendered":"<p>2023 31 DE JULIO\u00a0 \u00a0 \u00a0 7.45 HS. 1 DE AGOSTO\u00a0 \u00a0 7.45 HS. Antropolog\u00eda Cultural\u00a0 4\u00ba A\u00f1o Arte y Ciencia 5\u00ba A\u00f1o Introducci\u00f3n a las Ciencias Sociales y Humanidades 3\u00ba A\u00f1o Filosof\u00eda 5\u00ba A\u00f1o Sociolog\u00eda 5\u00ba A\u00f1o Filosof\u00eda de la Ciencia y la Tecnolog\u00eda 4\u00ba A\u00f1o Proyecto 5\u00ba Ciencias Sociales Problem\u00e1ticas cient\u00edficas con impacto &#8230; <a title=\"Mesas de Examen Nivel medio\" class=\"read-more\" href=\"https:\/\/ens7-caba.infd.edu.ar\/sitio\/mesas-de-examen-media\/\" aria-label=\"More on Mesas de Examen Nivel medio\">[+]<\/a><\/p>\n","protected":false},"author":2274,"featured_media":0,"parent":0,"menu_order":0,"comment_status":"closed","ping_status":"closed","template":"","meta":[],"acf":[],"_links":{"self":[{"href":"https:\/\/ens7-caba.infd.edu.ar\/sitio\/wp-json\/wp\/v2\/pages\/972"}],"collection":[{"href":"https:\/\/ens7-caba.infd.edu.ar\/sitio\/wp-json\/wp\/v2\/pages"}],"about":[{"href":"https:\/\/ens7-caba.infd.edu.ar\/sitio\/wp-json\/wp\/v2\/types\/page"}],"author":[{"embeddable":true,"href":"https:\/\/ens7-caba.infd.edu.ar\/sitio\/wp-json\/wp\/v2\/users\/2274"}],"replies":[{"embeddable":true,"href":"https:\/\/ens7-caba.infd.edu.ar\/sitio\/wp-json\/wp\/v2\/comments?post=972"}],"version-history":[{"count":23,"href":"https:\/\/ens7-caba.infd.edu.ar\/sitio\/wp-json\/wp\/v2\/pages\/972\/revisions"}],"predecessor-version":[{"id":4112,"href":"https:\/\/ens7-caba.infd.edu.ar\/sitio\/wp-json\/wp\/v2\/pages\/972\/revisions\/4112"}],"wp:attachment":[{"href":"https:\/\/ens7-caba.infd.edu.ar\/sitio\/wp-json\/wp\/v2\/media?parent=972"}],"curies":[{"name":"wp","href":"https:\/\/api.w.org\/{rel}","templated":true}]}}