{"id":974,"date":"2018-06-28T16:32:48","date_gmt":"2018-06-28T19:32:48","guid":{"rendered":"https:\/\/ens7-caba.infd.edu.ar\/sitio\/sistema-de-convivencia\/"},"modified":"2022-02-12T17:11:09","modified_gmt":"2022-02-12T20:11:09","slug":"sistema-de-convivencia","status":"publish","type":"page","link":"https:\/\/ens7-caba.infd.edu.ar\/sitio\/sistema-de-convivencia\/","title":{"rendered":"Sistema de Convivencia"},"content":{"rendered":"<p style=\"text-align: right;\"><strong><span style=\"font-family: tahoma, arial, helvetica, sans-serif; color: #800000;\"><a title=\"https:\/\/ens7-caba.infd.edu.ar\/aula\/archivos\/repositorio\/\/2750\/2791\/Sistema_Convivencia_Nivel_Medio_2017.pdf\" href=\"https:\/\/ens7-caba.infd.edu.ar\/aula\/archivos\/repositorio\/\/4750\/4854\/SISTEMA_DE_CONVIVENCIA-_2022.pdf\" target=\"_blank\" rel=\"noopener\"><img decoding=\"async\" loading=\"lazy\" style=\"vertical-align: middle;\" src=\"https:\/\/ens7-caba.infd.edu.ar\/aula\/archivos\/repositorio\/500\/698\/download.gif\" alt=\"\" width=\"32\" height=\"32\" border=\"0\" \/>\u00a0<span style=\"color: #800000;\">Bajar archivo<\/span><\/a><\/span><\/strong><\/p>\n<p>\u00a0 \u00a0<span style=\"font-size: 10pt;\"> \u00a0<span style=\"color: #800000;\"> \u00a0 \u00a0 \u00a0<\/span><\/span><span style=\"color: #800000;\"><strong>SISTEMA DE CONVIVENCIA<\/strong><\/span><\/p>\n<p><span style=\"color: #800000;\">\u201cUn clima de convivencia, propio de una sociedad democr\u00e1tica, constituye una condici\u00f3n necesaria\u00a0 para que se produzca un aprendizaje significativo y para garantizar la plena vigencia de los derechos humanos en el marco de la instituci\u00f3n escolar\u2019\u2019 (Direcci\u00f3n de Planeamiento &#8211; Marzo 1998).<\/span><\/p>\n<p><span style=\"color: #800000;\">Los principales objetivos de la escuela est\u00e1n relacionados con el fortalecimiento y desarrollo de los\u00a0 \u00a0procesos de ense\u00f1anza y aprendizaje, y para esto \u00a0es necesaria la internalizaci\u00f3n, el respeto y el cumplimento de las normas construidas por consenso de los miembros de esta comunidad educativa.<\/span><\/p>\n<p><span style=\"color: #800000;\">Este Sistema no procura restringir las libertades individuales, sino fomentar la responsabilidad individual y social y acercarse a un modelo de convivencia que fomente la formaci\u00f3n de un sujeto aut\u00f3nomo y responsable.<\/span><\/p>\n<p><span style=\"color: #800000;\"><strong><u>1-MARCO NORMATIVO<\/u><\/strong><\/span><\/p>\n<p><span style=\"color: #800000;\">El presente Sistema Escolar de Convivencia se funda en los principios, las normas, los criterios y los objetivos establecidos en la Ley 26061\/2005 de \u201cProtecci\u00f3n Integral de los Derechos de las Ni\u00f1as, Ni\u00f1os y Adolescentes\u201d;\u00a0 en la Ley N\u00ba 223, el Decreto N\u00ba 998\/2008 \u201cSistema Escolar de Convivencia\u201d, en la Constituci\u00f3n de la Ciudad de Buenos Aires y en la Ley de protecci\u00f3n integral de los Derechos y Obligatoriedad de la Escuela Media.<\/span><\/p>\n<p><span style=\"color: #800000;\">Este Sistema \u00a0procura fomentar la responsabilidad individual y social y acercarse a un modelo\u00a0 de convivencia que posibilite la formaci\u00f3n de un sujeto aut\u00f3nomo y responsable que promueva el cuidado propio y del otro.<\/span><\/p>\n<p><span style=\"color: #800000;\">Este marco regular\u00e1 las relaciones de los miembros de la comunidad, respetando las disposiciones y normativas que hacen a la responsabilidad de los adultos, sean docentes o no docentes. Por ello es importante destacar que las transgresiones al mismo ser\u00e1n contempladas y analizadas seg\u00fan corresponda. As\u00ed las incurridas por los alumnos ser\u00e1n aquellas que se contienen en este Sistema mientras que los adultos ser\u00e1n alcanzados por las normas que rigen la actividad docente y el R\u00e9gimen Jur\u00eddico B\u00e1sico de la Funci\u00f3n P\u00fablica como as\u00ed tambi\u00e9n las disposiciones del Gobierno de la Ciudad de Buenos Aires que sean aplicables.<\/span><\/p>\n<p><span style=\"color: #800000;\"><strong><u>2- CONSEJO DE CONVIVENCIA. Funciones<\/u><\/strong><\/span><\/p>\n<ol>\n<li><span style=\"color: #800000;\">a) Propiciar la participaci\u00f3n democr\u00e1tica de todos los sectores de la comunidad para la elaboraci\u00f3n del documento que plasme la organizaci\u00f3n del sistema de Convivencia que elevar\u00e1 el rector para su aprobaci\u00f3n o rectificaci\u00f3n<\/span><\/li>\n<li><span style=\"color: #800000;\">b) Asegurar la participaci\u00f3n real y efectiva de todos los sectores de la comunidad educativa en la elaboraci\u00f3n de las normas de convivencia a fin de lograr el mayor consenso.<\/span><\/li>\n<li><span style=\"color: #800000;\">c) Elaborar las normas de convivencia del establecimiento educativo en el marco de los principios establecidos en la Ley Nro. 223 del GCBA y su Reglamentaci\u00f3n.<\/span><\/li>\n<li><span style=\"color: #800000;\">d) Garantizar la difusi\u00f3n de las normas de convivencia a toda la comunidad educativa.<\/span><\/li>\n<li><span style=\"color: #800000;\">e) Analizar y revisar al menos anualmente las normas de convivencia, y proponer modificaciones a las mismas tomando en consideraci\u00f3n las propuestas de los sectores representados en su seno.<\/span><\/li>\n<li><span style=\"color: #800000;\">f) Promover la creaci\u00f3n de otros organismos de participaci\u00f3n, tales como consejos de curso. Colaborar con las tutor\u00edas y con otros organismos existentes para el tratamiento y resoluci\u00f3n de los conflictos.<\/span><\/li>\n<li><span style=\"color: #800000;\">g) Sugerir las sanciones ante las transgresiones a las normas de convivencia que sean remitidas a su consideraci\u00f3n, seg\u00fan lo establecido en el art\u00edculo 10 de la Ley Nro. 223.<\/span><\/li>\n<li><span style=\"color: #800000;\">h) Elaborar estrategias de prevenci\u00f3n de los problemas de convivencia y generar los espacios y acciones para prevenir el surgimiento de nuevos conflictos.<\/span><\/li>\n<li><span style=\"color: #800000;\">i) Proponer diferentes actividades tendientes a promover la convivencia.<\/span><\/li>\n<\/ol>\n<p><span style=\"color: #800000;\">3- <strong><u>CONSEJO DE CONVIVENCIA. Composici\u00f3n<\/u><\/strong><\/span><\/p>\n<ol>\n<li><span style=\"color: #800000;\">Equipo de Conducci\u00f3n. (l)<\/span><\/li>\n<li><span style=\"color: #800000;\">Asesor pedag\u00f3gico.<\/span><\/li>\n<li><span style=\"color: #800000;\">Profesores del nivel. (4)<\/span><\/li>\n<li><span style=\"color: #800000;\">(2)<\/span><\/li>\n<li><span style=\"color: #800000;\">(2)<\/span><\/li>\n<li><span style=\"color: #800000;\">(3)<\/span><\/li>\n<\/ol>\n<p><span style=\"color: #800000;\">La elecci\u00f3n de los miembros del Consejo se realizar\u00e1 por voto directo y secreto.\u00a0 En el caso de Preceptores y Profesores, la elecci\u00f3n se realizar\u00e1 durante\u00a0 los primeros 60 (sesenta) d\u00edas de iniciado cada ciclo lectivo. Aquellos profesores y\/o preceptores, que tuvieran hijos\u00a0 en el establecimiento, solo podr\u00e1n postularse por su cargo docente y siempre que sus hijos no lo hicieran como alumnos.<\/span><\/p>\n<p><span style=\"color: #800000;\">En el caso de los alumnos, uno de ellos deber\u00e1 ser representante de la Comisi\u00f3n Directiva del Centro de Estudiantes. Los otros dos deber\u00e1n ser elegidos por el voto directo y secreto de los delegados de cada curso. Uno de ellos ser\u00e1 de 2\u00b0 o 3\u00b0 y representar\u00e1 a los alumnos de 1\u00b0 a 3er. a\u00f1o, el otro ser\u00e1 representante de los alumnos de 4\u00b0 y 5\u00b0 a\u00f1o.<\/span><\/p>\n<p><span style=\"color: #800000;\">Son condiciones para integrar el Consejo de Convivencia:<\/span><\/p>\n<ol>\n<li><span style=\"color: #800000;\">a) Los docentes, acreditar un (1) a\u00f1o de antig\u00fcedad.<\/span><\/li>\n<li><span style=\"color: #800000;\">b) Los alumnos regulares matriculados a partir del segundo a\u00f1o e integrantes del Centro de Estudiantes, carecer de antecedentes disciplinarios desfavorables y acreditar un muy buen rendimiento acad\u00e9mico.<\/span><\/li>\n<li><span style=\"color: #800000;\">c) Los padres o representantes de los alumnos, haber permanecido sus hijos en la instituci\u00f3n por al menos, dos (2) a\u00f1os consecutivos previos al per\u00edodo de la postulaci\u00f3n, teniendo en cuenta la evaluaci\u00f3n de sus representados en los t\u00e9rminos mencionados en el inciso anterior.<\/span><\/li>\n<\/ol>\n<p><span style=\"color: #800000;\">Sin perjuicio de las funciones del Consejo Escolar de Convivencia, seg\u00fan la importancia y urgencia del caso, a exclusivo criterio del Rector, podr\u00e1n ser convocados los siguientes:<\/span><\/p>\n<ol>\n<li><span style=\"color: #800000;\"><strong>a) Consejo de Aula:<\/strong> se integra con el preceptor de curso, un profesor y un alumno, y es asistido por el asesor pedag\u00f3gico o por una autoridad escolar.<\/span><\/li>\n<li><span style=\"color: #800000;\"><strong>b) Consejo de Profesores de Curso:<\/strong> se integra con todos los docentes del curso. Cada uno de sus miembros emite opini\u00f3n en forma presencial o por escrito.<\/span><\/li>\n<li><span style=\"color: #800000;\"><strong>c) Consejo de emergencia:<\/strong> presidido por el Rector e integrado por un representante de los profesores, alumnos y padres convocados por aquel, aun cuando no pertenezca al Consejo de Convivencia. El Vicedirector\/Rector, puede ser asistido por el asesor pedag\u00f3gico, o psicopedagogo si el primero no existiere.<\/span><\/li>\n<li><span style=\"color: #800000;\"><strong>d) Consejo Consultivo:<\/strong> integrado por los coordinadores de \u00e1reas, orientaci\u00f3n o especialidad. Su funci\u00f3n, en relaci\u00f3n con el sistema escolar de convivencia, es la de suministrar toda la informaci\u00f3n pedag\u00f3gica necesaria antes del dictado de la resoluci\u00f3n correspondiente.<\/span><\/li>\n<\/ol>\n<p><span style=\"color: #800000;\"><strong><u>4-<\/u><\/strong> <strong><u>CRITERIOS PARA LA APLICACI\u00d3N<\/u><\/strong><\/span><\/p>\n<ul>\n<li><span style=\"color: #800000;\">Respetar y colaborar en el desarrollo de las tareas escolares.<\/span><\/li>\n<li><span style=\"color: #800000;\">Ser solidario y respetuoso ante la diversidad y\/o pluralidad expresada en la comunidad educativa y en la comunidad en general.<\/span><\/li>\n<li><span style=\"color: #800000;\">Ser y hacerse responsable de sus actos y sus pertenencias, tanto individuales como colectivos.<\/span><\/li>\n<li><span style=\"color: #800000;\">Ser responsable de la comunicaci\u00f3n tanto oral como escrita que se brinda a los dem\u00e1s.<\/span><\/li>\n<li><span style=\"color: #800000;\">Colaborar en el cuidado y mantenimiento de la higiene de todo el \u00e1mbito escolar.<\/span><\/li>\n<li><span style=\"color: #800000;\">Mantener y preservar la planta edilicia, los muebles, \u00fatiles y material did\u00e1ctico.<\/span><\/li>\n<li><span style=\"color: #800000;\">Colaborar para el real ejercicio de la convivencia en el aula, respetando el derecho al estudio y colaborando en el intercambio productivo de conocimientos.<\/span><\/li>\n<\/ul>\n<p><span style=\"color: #800000;\"><strong>5-<u>CONDUCTAS PASIBLES DE SANCI\u00d3N<\/u><\/strong><\/span><\/p>\n<p><span style=\"color: #800000;\">El presente apartado se formula a partir de lo ya expresado en la presentaci\u00f3n del presente documento: \u00a0\u00a0\u00a0\u00a0\u00a0\u00a0\u201cEste Sistema\u00a0 procura fomentar la responsabilidad individual y social y acercarse a un modelo\u00a0 de convivencia que posibilite la formaci\u00f3n de un sujeto aut\u00f3nomo y responsable que promueva el cuidado propio y del otro.<\/span><\/p>\n<p><span style=\"color: #800000;\">Se consideran conductas por medio de las cuales se transgreden las disposiciones de este C\u00f3digo de Convivencia las siguientes, sin perjuicio de otras faltas que afectaran o afectasen la convivencia escolar:<\/span><\/p>\n<ol>\n<li><span style=\"color: #800000;\">Ofender o agraviar los s\u00edmbolos patrios, religiosos, \u00e9tnicos, de g\u00e9nero, y\/o las Instituciones democr\u00e1ticas.<\/span><\/li>\n<li><span style=\"color: #800000;\">Agredir: incluye diversos medios y modalidades de violencia tales como f\u00edsica, psicol\u00f3gica, emocional, simb\u00f3lica y ling\u00fc\u00edstica.<\/span><\/li>\n<li><span style=\"color: #800000;\">Desconocer la autoridad de los docentes.<\/span><\/li>\n<li><span style=\"color: #800000;\">Romper, deteriorar o ensuciar las instalaciones del patrimonio y del Establecimiento, as\u00ed como los materiales escolares de cualquier miembro de la comunidad educativa.<\/span><\/li>\n<li><span style=\"color: #800000;\">Ingresar armas de todo tipo y\/o r\u00e9plicas.<\/span><\/li>\n<li><span style=\"color: #800000;\">Utilizar elementos o \u00fatiles punzo cortantes de uso escolar con fines amenazantes y\/o agresivos.<\/span><\/li>\n<li><span style=\"color: #800000;\">Promover y\/o protagonizar disturbios dentro del Establecimiento, as\u00ed como en el ingreso o egreso del mismo. Impedir o perturbar el normal desarrollo de las clases o de otras actividades escolares.<\/span><\/li>\n<li><span style=\"color: #800000;\">Falsificar y\/o destruir cualquier tipo de documentaci\u00f3n y\/o falsear datos.<\/span><\/li>\n<li><span style=\"color: #800000;\">Retirarse del Establecimiento o permanecer en \u00e9l fuera del horario sin autorizaci\u00f3n<\/span><\/li>\n<li><span style=\"color: #800000;\">Llegar al aula luego del horario de inicio de la clase. Estar fuera y\/o retirarse del aula sin autorizaci\u00f3n del docente a cargo durante los horarios de clase o en horas libres.<\/span><\/li>\n<li><span style=\"color: #800000;\">Apropiarse de objetos ajenos.<\/span><\/li>\n<li><span style=\"color: #800000;\">Asumir actitudes que no se adecuen al contexto escolar.<\/span><\/li>\n<li><span style=\"color: #800000;\">No tener el cuaderno de comunicaciones durante su permanencia en la escuela. No devolver\u00a0 el bolet\u00edn de calificaciones cuando corresponda, debidamente firmado.<\/span><\/li>\n<li><span style=\"color: #800000;\">Consumir alimentos, bebidas e infusiones en el aula en horas de clases sin autorizaci\u00f3n del docente a cargo y sin mantener la higiene.<\/span><\/li>\n<li><span style=\"color: #800000;\">Fumar dentro del establecimiento seg\u00fan la Ordenanza correspondiente<\/span><\/li>\n<li><span style=\"color: #800000;\">Utilizar en clase el celular, reproductor de audio y video y otros elementos similares, sin autorizaci\u00f3n del docente.<\/span><\/li>\n<li><span style=\"color: #800000;\">Publicar y\/o hacer uso de im\u00e1genes, videos, filmaciones, material de audio o cualquier otro material producidas dentro de un contexto escolar sin tener la autorizaci\u00f3n expresa de los involucrados<\/span><\/li>\n<li><span style=\"color: #800000;\">Ingresar en otras aulas que no sean las que corresponde a cada alumno sin autorizaci\u00f3n del docente a cargo.<\/span><\/li>\n<li><span style=\"color: #800000;\">Asomarse por las ventanas del edificio, barandas de la terraza o arrojar objetos por las mismas, insultar y\/o salivar<\/span><\/li>\n<li><span style=\"color: #800000;\">Transitar por los sectores del edificio que no corresponden a nivel medio. Utilizar el ascensor, excepto cuando exista prescripci\u00f3n m\u00e9dica.<\/span><\/li>\n<li><span style=\"color: #800000;\">Ingresar bebidas alcoh\u00f3licas, bebidas energizantes y\/o sustancias t\u00f3xicas al establecimiento.<\/span><\/li>\n<\/ol>\n<p><span style=\"color: #800000;\">Cada situaci\u00f3n de transgresi\u00f3n ser\u00e1 analizada en contexto antes de determinar las acciones institucionales a seguir. En los casos de roturas o deterioro del patrimonio escolar deber\u00e1 producirse el resarcimiento correspondiente, adem\u00e1s de la sanci\u00f3n correspondiente.<\/span><\/p>\n<p><span style=\"color: #800000;\"><u>Con respecto a la vestimenta <\/u><\/span><\/p>\n<p><span style=\"color: #800000;\">El uso del guardapolvo ser\u00e1 optativo<\/span><\/p>\n<p><span style=\"color: #800000;\">El calzado debe ser seguro, es decir, debe contener al pie, por lo tanto no podr\u00e1n usarse ojotas ni calzados con plataforma y\/o taco.<\/span><\/p>\n<p><span style=\"color: #800000;\">En relaci\u00f3n a la vestimenta la presente norma se aplica a todo el alumnado sin distinci\u00f3n de cuestiones de identidad o expresi\u00f3n de g\u00e9nero. Como criterio general, se podr\u00e1 utilizar vestimenta que no exhiba partes \u00edntimas como por ejemplo no se podr\u00e1 vestir transparencias, top, top deportivos, \u00a0mini short (ya sea de algod\u00f3n, calza, lycra. jeans, etc).<\/span><\/p>\n<p><span style=\"color: #800000;\"><strong><u>6- SANCIONES<\/u><\/strong><\/span><\/p>\n<p><span style=\"color: #800000;\">Conforme a lo establecido en el Cap\u00edtulo II\u00a0 de la Ley\u00a0 Nro. 223 art\u00edculo 9\u00b0 y su reglamentaci\u00f3n, el decreto 998 las sanciones, de aplicaci\u00f3n a los alumnos, son:<\/span><\/p>\n<ol>\n<li><span style=\"color: #800000;\">Apercibimiento oral.<\/span><\/li>\n<li><span style=\"color: #800000;\">Apercibimiento escrito.<\/span><\/li>\n<li><span style=\"color: #800000;\">Realizaci\u00f3n de acciones reparatorias en beneficio de la comunidad escolar.<\/span><\/li>\n<li><span style=\"color: #800000;\">Cambio de divisi\u00f3n.<\/span><\/li>\n<li><span style=\"color: #800000;\">e) Separaci\u00f3n transitoria o temporal.<\/span><\/li>\n<li><span style=\"color: #800000;\">f) Separaci\u00f3n por el resto del a\u00f1o calendario en curso<\/span><\/li>\n<li><span style=\"color: #800000;\">g) Separaci\u00f3n por el resto del a\u00f1o escolar (incluye diciembre\/ febrero \u2013 marzo)<\/span><\/li>\n<li><span style=\"color: #800000;\">h) Separaci\u00f3n definitiva del establecimiento.<\/span><\/li>\n<\/ol>\n<p><span style=\"color: #800000;\">Las Sanciones son acumulativas durante el a\u00f1o lectivo. Sin perjuicio de ello, el Rector podr\u00e1, en forma fundada, prescindir de este principio en aquellos casos en que excepcionales circunstancias as\u00ed lo aconsejaren. La reiteraci\u00f3n de la falta o la intensificaci\u00f3n en gravedad y cantidad, deben ser consideradas por las autoridades del Establecimiento, el Consejo Escolar de Convivencia u otros Cuerpos.<\/span><\/p>\n<p><span style=\"color: #800000;\">Se establece sanci\u00f3n directa \u2013 apercibimiento oral, escrito, acciones reparatorias o un d\u00eda de separaci\u00f3n transitoria, a considerar por las autoridades del nivel-\u00a0 las conductas detalladas en incisos 10, 16 y 21 del apartado \u201cConductas pasibles de sanci\u00f3n\u201d.<\/span><\/p>\n<p><span style=\"color: #800000;\"><strong><u>Disposiciones aclaratorias respecto de las sanciones <\/u><\/strong><b>(ver t\u00edtulo III- cap\u00edtulo 2\u00a0 decreto 998)<\/b><\/span><\/p>\n<p><span style=\"color: #800000;\"><span style=\"font-size: inherit;\">La <\/span><strong style=\"font-size: inherit;\">separaci\u00f3n transitoria o temporal<\/strong><span style=\"font-size: inherit;\"> es un l\u00edmite contundente para aplicar frente a situaciones de gravedad o ante reiteraci\u00f3n de conductas contrarias al Sistema de Convivencia, sin que esto libere de la instancia siempre presente de an\u00e1lisis, di\u00e1logo y reflexi\u00f3n entre las partes. Puede alcanzar de uno (1) a seis (6) d\u00edas\u00a0 con c\u00f3mputo de inasistencia.\u00a0 Esta sanci\u00f3n no deber\u00e1 ejecutarse sin la notificaci\u00f3n fehaciente a los padres o\u00a0 representantes legales del menor dentro de las 48 hs<\/span><\/span><\/p>\n<p><span style=\"color: #800000;\">En todos los casos se citar\u00e1 a los padres o responsables para acordar con los mismos una instancia de di\u00e1logo y reflexi\u00f3n que deber\u00e1 realizar el alumno en el\u00a0 per\u00edodo de separaci\u00f3n y el cumplimiento de un plan de tareas pedag\u00f3gicas que los docentes elaborar\u00e1n en funci\u00f3n de la falta cometida<\/span><\/p>\n<p><span style=\"color: #800000;\">La instancia <strong>de mediaci\u00f3n<\/strong> se aplicar\u00e1 en aquellos casos en que el Consejo de Convivencia\u00a0 lo considere necesario.<\/span><\/p>\n<p><span style=\"color: #800000;\">Las <strong>Acciones reparatorias<\/strong> tendr\u00e1n como finalidad subsanar una transgresi\u00f3n al C\u00f3digo de Convivencia y a trav\u00e9s de la reflexi\u00f3n lograr una mejor convivencia escolar.<\/span><\/p>\n<p><span style=\"color: #800000;\">En el caso de <strong>separaci\u00f3n del establecimiento<\/strong> el rectorado gestionar\u00e1 la asignaci\u00f3n de vacante en otro; se proceder\u00e1 seg\u00fan art 12, Cap\u00edtulo II, T\u00edtulo III del Decreto 998<\/span><\/p>\n<p><span style=\"color: #800000;\">Toda solicitud de sanci\u00f3n deber\u00e1 ser comunicada a los adultos responsables y al alumno, quien ejercer\u00e1 el derecho a la defensa en forma oral o escrita ante la autoridad de aplicaci\u00f3n y en el \u00e1mbito del Consejo de Convivencia en caso que \u00e9ste sea convocado.<\/span><\/p>\n<p><span style=\"color: #800000;\">El Consejo delibera y emite informe escrito sugiriendo, \u00a0en el t\u00e9rmino de cinco\u00a0 (5) d\u00edas h\u00e1biles, con expresa indicaci\u00f3n de que ha tomado conocimiento de las versiones de las partes y del descargo presentado por el alumno, si \u00e9ste hubiere ejercido ese derecho.<\/span><\/p>\n<p><span style=\"color: #800000;\">El presente Sistema escolar de Convivencia es abarcativo al edificio con domicilio legal Corrientes 4261, el Polideportivo ubicado en Sarmiento 4041\/51 y\/o lugares donde se lleven a cabo actividades program\u00e1ticas y\/o extraprogram\u00e1ticas autorizadas por la escuela.<\/span><\/p>\n<p style=\"text-align: right;\"><span style=\"color: #800000;\">Diciembre de 2021<\/span><\/p>\n","protected":false},"excerpt":{"rendered":"<p>\u00a0Bajar archivo \u00a0 \u00a0 \u00a0 \u00a0 \u00a0 \u00a0SISTEMA DE CONVIVENCIA \u201cUn clima de convivencia, propio de una sociedad democr\u00e1tica, constituye una condici\u00f3n necesaria\u00a0 para que se produzca un aprendizaje significativo y para garantizar la plena vigencia de los derechos humanos en el marco de la instituci\u00f3n escolar\u2019\u2019 (Direcci\u00f3n de Planeamiento &#8211; Marzo 1998). Los principales &#8230; <a title=\"Sistema de Convivencia\" class=\"read-more\" href=\"https:\/\/ens7-caba.infd.edu.ar\/sitio\/sistema-de-convivencia\/\" aria-label=\"More on Sistema de Convivencia\">[+]<\/a><\/p>\n","protected":false},"author":2274,"featured_media":0,"parent":0,"menu_order":0,"comment_status":"closed","ping_status":"closed","template":"","meta":[],"acf":[],"_links":{"self":[{"href":"https:\/\/ens7-caba.infd.edu.ar\/sitio\/wp-json\/wp\/v2\/pages\/974"}],"collection":[{"href":"https:\/\/ens7-caba.infd.edu.ar\/sitio\/wp-json\/wp\/v2\/pages"}],"about":[{"href":"https:\/\/ens7-caba.infd.edu.ar\/sitio\/wp-json\/wp\/v2\/types\/page"}],"author":[{"embeddable":true,"href":"https:\/\/ens7-caba.infd.edu.ar\/sitio\/wp-json\/wp\/v2\/users\/2274"}],"replies":[{"embeddable":true,"href":"https:\/\/ens7-caba.infd.edu.ar\/sitio\/wp-json\/wp\/v2\/comments?post=974"}],"version-history":[{"count":2,"href":"https:\/\/ens7-caba.infd.edu.ar\/sitio\/wp-json\/wp\/v2\/pages\/974\/revisions"}],"predecessor-version":[{"id":2964,"href":"https:\/\/ens7-caba.infd.edu.ar\/sitio\/wp-json\/wp\/v2\/pages\/974\/revisions\/2964"}],"wp:attachment":[{"href":"https:\/\/ens7-caba.infd.edu.ar\/sitio\/wp-json\/wp\/v2\/media?parent=974"}],"curies":[{"name":"wp","href":"https:\/\/api.w.org\/{rel}","templated":true}]}}