{"id":977,"date":"2018-06-28T16:32:49","date_gmt":"2018-06-28T19:32:49","guid":{"rendered":"https:\/\/ens7-caba.infd.edu.ar\/sitio\/datos-del-nivel-2\/"},"modified":"2024-08-21T22:13:55","modified_gmt":"2024-08-22T01:13:55","slug":"datos-del-nivel-2","status":"publish","type":"page","link":"https:\/\/ens7-caba.infd.edu.ar\/sitio\/datos-del-nivel-2\/","title":{"rendered":"Datos del Nivel"},"content":{"rendered":"<p><span style=\"font-family: tahoma, arial, helvetica, sans-serif; font-size: 12pt; color: #800000;\">Tiene su entrada por la calle\u00a0Humahuaca 4260. Tel.: 4861-2535\u00a0<\/span><\/p>\n<p><span style=\"font-family: tahoma, arial, helvetica, sans-serif; font-size: 12pt; color: #800000;\"><strong>Horario<\/strong><\/span><\/p>\n<div class=\"ecxgmail_default\">\n<p><span style=\"font-family: tahoma, arial, helvetica, sans-serif; font-size: 12pt; color: #800000;\"><strong>Jornada Simple: <\/strong>De<strong>\u00a0<\/strong>7.40 a 12.00 hs. <\/span><\/p>\n<p><span style=\"font-family: tahoma, arial, helvetica, sans-serif; font-size: 12pt; color: #800000;\"><strong>Jornada Completa:<\/strong> De 7.40 a 15.45 hs.<\/span><\/p>\n<p><strong style=\"color: #800000; font-family: tahoma, arial, helvetica, sans-serif; font-size: 12pt;\">\u200b\u200b<\/strong><strong style=\"color: #800000; font-family: tahoma, arial, helvetica, sans-serif; font-size: 12pt;\">Autoridades:<\/strong><span style=\"color: #800000; font-family: tahoma, arial, helvetica, sans-serif; font-size: 12pt;\">\u00a0<\/span><\/p>\n<\/div>\n<p><span style=\"font-family: tahoma, arial, helvetica, sans-serif; font-size: 12pt; color: #800000;\"><strong>Regente:<\/strong> Prof. Sandra Seoane<\/span><\/p>\n<p><span style=\"font-family: tahoma, arial, helvetica, sans-serif; font-size: 12pt; color: #800000;\"><strong>Subregente:<\/strong> Prof. Silvia Ceriotti<\/span><\/p>\n<p><span style=\"font-family: tahoma, arial, helvetica, sans-serif; font-size: 12pt; color: #800000;\"><strong>Maestra secretaria:<\/strong> Prof. Karina Forti<\/span><\/p>\n<p><span style=\"font-family: tahoma, arial, helvetica, sans-serif; font-size: 12pt; color: #800000;\">Las clases de Educaci\u00f3n F\u00edsica se realizan en el Polideportivo de nuestro Establecimiento, sito en la calle Sarmiento 4041 (entre Medrano y Acu\u00f1a de Figueroa)<\/span><\/p>\n<p><span style=\"font-family: tahoma, arial, helvetica, sans-serif; font-size: 12pt;\"><a style=\"text-decoration: underline;\" href=\"https:\/\/primarianormal7.wixsite.com\/blogprimaria\" target=\"_blank\" rel=\"noopener\"><img decoding=\"async\" loading=\"lazy\" style=\"display: block; margin-left: auto; margin-right: auto;\" src=\"https:\/\/ens7-caba.infd.edu.ar\/aula\/archivos\/repositorio\/1500\/1616\/elblogdeprimaria.jpg\" alt=\"\" width=\"407\" height=\"102\" border=\"0\" \/><\/a><\/span><\/p>\n<p><img decoding=\"async\" loading=\"lazy\" class=\"aligncenter\" style=\"vertical-align: middle;\" src=\"https:\/\/ens7-caba.infd.edu.ar\/aula\/archivos\/repositorio\/1500\/1730\/foto_1_NP.jpg\" alt=\"\" width=\"705\" height=\"529\" border=\"0\" \/><\/p>\n","protected":false},"excerpt":{"rendered":"<p>Tiene su entrada por la calle\u00a0Humahuaca 4260. Tel.: 4861-2535\u00a0 Horario Jornada Simple: De\u00a07.40 a 12.00 hs. Jornada Completa: De 7.40 a 15.45 hs. \u200b\u200bAutoridades:\u00a0 Regente: Prof. Sandra Seoane Subregente: Prof. Silvia Ceriotti Maestra secretaria: Prof. Karina Forti Las clases de Educaci\u00f3n F\u00edsica se realizan en el Polideportivo de nuestro Establecimiento, sito en la calle Sarmiento &#8230; <a title=\"Datos del Nivel\" class=\"read-more\" href=\"https:\/\/ens7-caba.infd.edu.ar\/sitio\/datos-del-nivel-2\/\" aria-label=\"More on Datos del Nivel\">[+]<\/a><\/p>\n","protected":false},"author":2274,"featured_media":0,"parent":0,"menu_order":0,"comment_status":"closed","ping_status":"closed","template":"","meta":[],"acf":[],"_links":{"self":[{"href":"https:\/\/ens7-caba.infd.edu.ar\/sitio\/wp-json\/wp\/v2\/pages\/977"}],"collection":[{"href":"https:\/\/ens7-caba.infd.edu.ar\/sitio\/wp-json\/wp\/v2\/pages"}],"about":[{"href":"https:\/\/ens7-caba.infd.edu.ar\/sitio\/wp-json\/wp\/v2\/types\/page"}],"author":[{"embeddable":true,"href":"https:\/\/ens7-caba.infd.edu.ar\/sitio\/wp-json\/wp\/v2\/users\/2274"}],"replies":[{"embeddable":true,"href":"https:\/\/ens7-caba.infd.edu.ar\/sitio\/wp-json\/wp\/v2\/comments?post=977"}],"version-history":[{"count":7,"href":"https:\/\/ens7-caba.infd.edu.ar\/sitio\/wp-json\/wp\/v2\/pages\/977\/revisions"}],"predecessor-version":[{"id":4362,"href":"https:\/\/ens7-caba.infd.edu.ar\/sitio\/wp-json\/wp\/v2\/pages\/977\/revisions\/4362"}],"wp:attachment":[{"href":"https:\/\/ens7-caba.infd.edu.ar\/sitio\/wp-json\/wp\/v2\/media?parent=977"}],"curies":[{"name":"wp","href":"https:\/\/api.w.org\/{rel}","templated":true}]}}