{"id":979,"date":"2018-10-01T13:54:14","date_gmt":"2018-10-01T16:54:14","guid":{"rendered":"https:\/\/ens7-caba.infd.edu.ar\/sitio\/?page_id=979"},"modified":"2020-10-03T22:03:40","modified_gmt":"2020-10-04T01:03:40","slug":"inscripcion-2021","status":"publish","type":"page","link":"https:\/\/ens7-caba.infd.edu.ar\/sitio\/inscripcion-2021\/","title":{"rendered":"Inscripci\u00f3n 2021"},"content":{"rendered":"<p>Durante el mes de octubre se llevar\u00e1 a cabo el Periodo Ordinario de inscripciones para ingresantes a establecimientos de Nivel Inicial (todas las salas), 1\u00b0 grado de Nivel Primario, 1\u00b0 a\u00f1o de Nivel Secundario, Educaci\u00f3n Especial y Educaci\u00f3n para Adultos.<\/p>\n<p>Para conocer m\u00e1s ingres\u00e1 a<\/p>\n<p><a href=\"https:\/\/www.buenosaires.gob.ar\/educacion\/estudiantes\/inscripcionescolar\">buenosaires.gob.ar\/inscripcionescolar<\/a><\/p>\n<p>telef\u00f3nicamente a trav\u00e9s del\u00a0<strong>CEC (0800 &#8211; 333 &#8211; 3382)<\/strong><\/p>\n<p>Entrando al link encontrar\u00e1n toda la informaci\u00f3n\u00a0 sobre fechas, documentaci\u00f3n necesaria.<\/p>\n<p>Como excepci\u00f3n, por el contexto in\u00e9dito que estamos transitando,\u00a0<strong>las familias que no puedan realizar el tr\u00e1mite de manera virtual<\/strong>\u00a0tendr\u00e1n la oportunidad de hacerlo de manera presencial en una de las 30 sedes ubicadas en establecimientos escolares o en uno de los 11 portales de las distintas comunas de la Ciudad (con turnos previos)<\/p>\n<p>El sistema de turnos se habilitar\u00e1 proximamente\u00a0<a href=\"https:\/\/turnosboletoestudiantil.buenosaires.gob.ar\/inscripcionEnLinea\">aqu\u00ed<\/a>.<\/p>\n<p>\u00bfQui\u00e9nes deben preinscribirse a trav\u00e9s del Sistema de Inscripci\u00f3n en L\u00ednea?<\/p>\n<p>El sistema de Inscripci\u00f3n En L\u00ednea est\u00e1 dirigido a todos aquellos aspirantes que ingresan por primera vez a un establecimiento educativo de gesti\u00f3n estatal en cualquiera de sus modalidades o que cambien de nivel educativo, teniendo en cuenta las caracter\u00edsticas y requisitos de cada una de ellas. Es decir, deben preinscribirse a trav\u00e9s del Sistema los siguientes casos:<\/p>\n<ul>\n<li>Alumnos que comienzan su escolaridad.<br \/>\n\u2022 Alumnos matriculados en un establecimiento educativo de gesti\u00f3n estatal de la Ciudad de Buenos Aires que cambian de nivel (de Inicial a Primario o de Primario a Secundario).<br \/>\n\u2022 Alumnos provenientes de escuelas privadas de la Ciudad de Buenos Aires o de cualquier otra jurisdicci\u00f3n.<br \/>\n\u2022 Alumnos provenientes de escuelas de otras jurisdicciones sean privadas o p\u00fablicas.<br \/>\n\u2022 Alumnos que desean ingresar a una carrera de nivel terciario de la Ciudad de Buenos Aires.<\/li>\n<\/ul>\n<p style=\"text-align: center;\"><a href=\"https:\/\/ens7-caba.infd.edu.ar\/sitio\/ingresantes\/\">Informaci\u00f3n para inscripci\u00f3n a Nivel Terciario<\/a><\/p>\n<p style=\"text-align: center;\"><strong><u>PER\u00cdODO ORDINARIO<\/u><\/strong><\/p>\n<p><strong><em>Preinscripci\u00f3n del 5 al 25 de octubre de 2020<\/em><\/strong><\/p>\n<p>Para todas las salas de nivel inicial, 1\u00b0 grado de nivel primario y 1\u00b0 a\u00f1o de nivel secundario, nivel terciario y las modalidades de educaci\u00f3n especial y de adultos.<\/p>\n<p>&nbsp;<\/p>\n<p><strong>Control documental del 5 al 30 de octubre de 2020<\/strong><\/p>\n<p>Presentaci\u00f3n de la documentaci\u00f3n que respalda la informaci\u00f3n suministrada en el sistema. Si realiz\u00e1s el control documental no podr\u00e1s modificar los datos de la preinscripci\u00f3n.<\/p>\n<p>&nbsp;<\/p>\n<p><strong>Sorteo P\u00fablico 28 de octubre de 2020<\/strong><\/p>\n<p>Se tomar\u00e1 en cuenta en la asignaci\u00f3n de vacantes, en todos aquellos casos de igualdad de condiciones entre aspirantes. Para m\u00e1s informaci\u00f3n visit\u00e1 las bases del\u00a0<a href=\"https:\/\/www.buenosaires.gob.ar\/educacion\/asignacion-de-vacantes\/sorteo-publico-anual\">sorteo p\u00fablico anual<\/a>.<\/p>\n<p>&nbsp;<\/p>\n<p><strong>Publicaci\u00f3n de listados de asignaci\u00f3n 30 de noviembre de 2020<\/strong><\/p>\n<p>Para Nivel Inicial, 1\u00ba grado de Nivel Primario y 1\u00ba a\u00f1o de Nivel Secundario.<\/p>\n<p>&nbsp;<\/p>\n<p style=\"text-align: center;\"><strong><u>PER\u00cdODO COMPLEMENTARIO<\/u><\/strong><\/p>\n<p>Para aspirantes a nivel inicial, nivel primario (de 1\u00b0 a 7\u00b0 grado) y nivel secundario (de 1\u00b0 a 5\u00b0 o 6\u00b0 a\u00f1o).<\/p>\n<p><strong>Preinscripci\u00f3n del 7 de diciembre de 2020 al 29 de enero de 2021<\/strong><\/p>\n<p>Carga de datos del aspirante en el sistema de inscripci\u00f3n en l\u00ednea.<\/p>\n<p>&nbsp;<\/p>\n<p><strong>Control documental del 7 de diciembre de 2020 al 5 de febrero de 2021<\/strong><\/p>\n<p>Presentaci\u00f3n de la documentaci\u00f3n que respalda la informaci\u00f3n suministrada en el sistema. Si realiz\u00e1s el control documental no podr\u00e1s modificar los datos de la preinscripci\u00f3n.<\/p>\n<p>&nbsp;<\/p>\n<p><strong>Publicaci\u00f3n de listados de asignaci\u00f3n de vacantes 12 de febrero de 2021<\/strong><\/p>\n<p>Para todas las preinscripciones del per\u00edodo complementario.<\/p>\n<p style=\"text-align: center;\"><a href=\"https:\/\/www.buenosaires.gob.ar\/educacion\/estudiantes\/inscripcionescolar\/preguntas-frecuentes\"><span style=\"font-family: tahoma, arial, helvetica, sans-serif; font-size: 12pt; color: #800000;\">Preguntas Frecuentes<\/span><\/a><\/p>\n<p style=\"text-align: center;\">\n","protected":false},"excerpt":{"rendered":"<p>Durante el mes de octubre se llevar\u00e1 a cabo el Periodo Ordinario de inscripciones para ingresantes a establecimientos de Nivel Inicial (todas las salas), 1\u00b0 grado de Nivel Primario, 1\u00b0 a\u00f1o de Nivel Secundario, Educaci\u00f3n Especial y Educaci\u00f3n para Adultos. Para conocer m\u00e1s ingres\u00e1 a buenosaires.gob.ar\/inscripcionescolar telef\u00f3nicamente a trav\u00e9s del\u00a0CEC (0800 &#8211; 333 &#8211; 3382) &#8230; <a title=\"Inscripci\u00f3n 2021\" class=\"read-more\" href=\"https:\/\/ens7-caba.infd.edu.ar\/sitio\/inscripcion-2021\/\" aria-label=\"More on Inscripci\u00f3n 2021\">[+]<\/a><\/p>\n","protected":false},"author":2274,"featured_media":0,"parent":0,"menu_order":0,"comment_status":"closed","ping_status":"closed","template":"","meta":[],"acf":[],"_links":{"self":[{"href":"https:\/\/ens7-caba.infd.edu.ar\/sitio\/wp-json\/wp\/v2\/pages\/979"}],"collection":[{"href":"https:\/\/ens7-caba.infd.edu.ar\/sitio\/wp-json\/wp\/v2\/pages"}],"about":[{"href":"https:\/\/ens7-caba.infd.edu.ar\/sitio\/wp-json\/wp\/v2\/types\/page"}],"author":[{"embeddable":true,"href":"https:\/\/ens7-caba.infd.edu.ar\/sitio\/wp-json\/wp\/v2\/users\/2274"}],"replies":[{"embeddable":true,"href":"https:\/\/ens7-caba.infd.edu.ar\/sitio\/wp-json\/wp\/v2\/comments?post=979"}],"version-history":[{"count":9,"href":"https:\/\/ens7-caba.infd.edu.ar\/sitio\/wp-json\/wp\/v2\/pages\/979\/revisions"}],"predecessor-version":[{"id":2309,"href":"https:\/\/ens7-caba.infd.edu.ar\/sitio\/wp-json\/wp\/v2\/pages\/979\/revisions\/2309"}],"wp:attachment":[{"href":"https:\/\/ens7-caba.infd.edu.ar\/sitio\/wp-json\/wp\/v2\/media?parent=979"}],"curies":[{"name":"wp","href":"https:\/\/api.w.org\/{rel}","templated":true}]}}