{"id":992,"date":"2018-06-28T16:32:57","date_gmt":"2018-06-28T19:32:57","guid":{"rendered":"https:\/\/ens7-caba.infd.edu.ar\/sitio\/actividades\/"},"modified":"2018-07-16T22:17:35","modified_gmt":"2018-07-17T01:17:35","slug":"actividades","status":"publish","type":"page","link":"https:\/\/ens7-caba.infd.edu.ar\/sitio\/actividades\/","title":{"rendered":"Actividades inicial"},"content":{"rendered":"<p><span style=\"font-family: 'arial black', 'avant garde'; font-size: 14pt; color: #993366;\" data-mce-mark=\"1\">2017<\/span><\/p>\n<p><em><span style=\"font-family: tahoma, arial, helvetica, sans-serif; font-size: 12pt; color: #800000;\" data-mce-mark=\"1\">Compartimos con ustedes im\u00e1genes de algunos momentos del cierre del Per\u00edodo de Inicio en el jard\u00edn.<\/span><\/em><\/p>\n<div style=\"visibility: visible; width: 540px; margin: auto;\">\n<p><a href=\"http:\/\/www.picturetrail.com\/sfx\/flicks\/preview\/9157563\">http:\/\/www.picturetrail.com\/sfx\/flicks\/preview\/9157563<\/a><\/p>\n<div style=\"visibility: visible; width: 540px; margin: auto;\"><\/div>\n<\/div>\n<p>&nbsp;<\/p>\n<p><span style=\"font-family: 'arial black', 'avant garde'; font-size: 14pt; color: #993366;\" data-mce-mark=\"1\">\u00a0<\/span><span style=\"font-family: 'arial black', 'avant garde'; font-size: 14pt; color: #993366;\" data-mce-mark=\"1\">2014<\/span><\/p>\n<p><span style=\"font-family: 'comic sans ms', sans-serif; font-size: 12pt; color: #008000;\" data-mce-mark=\"1\">Proyecto Pueblos Originarios realizado por los alumnos de la escuela secundaria<\/span><\/p>\n<p><span style=\"font-family: 'comic sans ms', sans-serif; font-size: 12pt;\" data-mce-mark=\"1\"><span style=\"font-family: 'comic sans ms', sans-serif;\" data-mce-mark=\"1\">Preceptores del nivel medio regalaron al Jard\u00edn producciones confeccionadas durante el proyecto sobre tejidos de los <strong>Pueblos Originarios<\/strong>.<\/span><br \/>\n<span style=\"font-family: 'comic sans ms', sans-serif;\" data-mce-mark=\"1\">Los chicos recibieron con entusiasmo los regalos y los incorporar\u00e1n a las salas.<\/span><br \/>\n<span style=\"font-family: 'comic sans ms', sans-serif;\" data-mce-mark=\"1\">Ellos tambi\u00e9n trabajaron el tema.<\/span><\/span><\/p>\n<p style=\"text-align: center;\"><img decoding=\"async\" loading=\"lazy\" style=\"vertical-align: middle;\" src=\"https:\/\/ens7-caba.infd.edu.ar\/aula\/archivos\/repositorio\/1750\/1859\/WP_20141201_001.jpg\" alt=\"\" width=\"459\" height=\"257\" border=\"0\" \/><\/p>\n<p style=\"text-align: left;\"><span style=\"font-family: 'comic sans ms', sans-serif;\" data-mce-mark=\"1\"><strong><span style=\"font-size: 12pt; color: #008000;\" data-mce-mark=\"1\">Visita a la Escuela ORT:<\/span><\/strong><\/span><\/p>\n<p style=\"text-align: left;\"><span style=\"font-family: 'comic sans ms', sans-serif; font-size: 12pt;\" data-mce-mark=\"1\">Los chicos de jard\u00edn, el viernes 27 de Noviembre concurrieron a la Escuela ORT para participar de un encuentro musical y recibir instrumentos hechos por los alumnos.<\/span><\/p>\n<div style=\"visibility: visible; width: 460px; margin: auto;\">\n<p><object style=\"height: 350px; width: 460px; display: block; margin-left: auto; margin-right: auto;\" data=\"http:\/\/flash.picturetrail.com\/pflicks\/3\/spflick.swf\" type=\"application\/x-shockwave-flash\" width=\"460\" height=\"350\" align=\"middle\"><param name=\"src\" value=\"http:\/\/flash.picturetrail.com\/pflicks\/3\/spflick.swf\" \/><param name=\"quality\" value=\"high\" \/><param name=\"flashvars\" value=\"ql=2&amp;src1=http:\/\/pic20.picturetrail.com:80\/VOL1383\/13652943\/flicks\/1\/9070776\" \/><param name=\"wmode\" value=\"transparent\" \/><param name=\"allowscriptaccess\" value=\"sameDomain\" \/><\/object><\/p>\n<p style=\"whitespace: no-wrap; margin-top: 10px; height: 24px; width: 460px;\"><a href=\"http:\/\/www.picturetrail.com\/misc\/counter.fcgi?cID=925&amp;link=\/photoFlick\/samples\/pflicks=shtml\"><video style=\"vertical-align: middle; display: block; margin-left: auto; margin-right: auto;\" controls=\"controls\" width=\"465\" height=\"242\"><source src=\"https:\/\/ens7-caba.infd.edu.ar\/aula\/archivos\/repositorio\/1750\/1951\/Visita_ORT_2014.mp4\" type=\"video\/mp4\" \/><\/video><\/a><\/p>\n<p>&nbsp;<\/p>\n<p style=\"whitespace: no-wrap; margin-top: 10px; height: 24px; width: 460px;\">\n<\/div>\n","protected":false},"excerpt":{"rendered":"<p>2017 Compartimos con ustedes im\u00e1genes de algunos momentos del cierre del Per\u00edodo de Inicio en el jard\u00edn. http:\/\/www.picturetrail.com\/sfx\/flicks\/preview\/9157563 &nbsp; \u00a02014 Proyecto Pueblos Originarios realizado por los alumnos de la escuela secundaria Preceptores del nivel medio regalaron al Jard\u00edn producciones confeccionadas durante el proyecto sobre tejidos de los Pueblos Originarios. Los chicos recibieron con entusiasmo los &#8230; <a title=\"Actividades inicial\" class=\"read-more\" href=\"https:\/\/ens7-caba.infd.edu.ar\/sitio\/actividades\/\" aria-label=\"More on Actividades inicial\">[+]<\/a><\/p>\n","protected":false},"author":2274,"featured_media":0,"parent":0,"menu_order":0,"comment_status":"closed","ping_status":"closed","template":"","meta":[],"acf":[],"_links":{"self":[{"href":"https:\/\/ens7-caba.infd.edu.ar\/sitio\/wp-json\/wp\/v2\/pages\/992"}],"collection":[{"href":"https:\/\/ens7-caba.infd.edu.ar\/sitio\/wp-json\/wp\/v2\/pages"}],"about":[{"href":"https:\/\/ens7-caba.infd.edu.ar\/sitio\/wp-json\/wp\/v2\/types\/page"}],"author":[{"embeddable":true,"href":"https:\/\/ens7-caba.infd.edu.ar\/sitio\/wp-json\/wp\/v2\/users\/2274"}],"replies":[{"embeddable":true,"href":"https:\/\/ens7-caba.infd.edu.ar\/sitio\/wp-json\/wp\/v2\/comments?post=992"}],"version-history":[{"count":7,"href":"https:\/\/ens7-caba.infd.edu.ar\/sitio\/wp-json\/wp\/v2\/pages\/992\/revisions"}],"predecessor-version":[{"id":4739,"href":"https:\/\/ens7-caba.infd.edu.ar\/sitio\/wp-json\/wp\/v2\/pages\/992\/revisions\/4739"}],"wp:attachment":[{"href":"https:\/\/ens7-caba.infd.edu.ar\/sitio\/wp-json\/wp\/v2\/media?parent=992"}],"curies":[{"name":"wp","href":"https:\/\/api.w.org\/{rel}","templated":true}]}}