{"id":998,"date":"2018-06-28T16:33:00","date_gmt":"2018-06-28T19:33:00","guid":{"rendered":"https:\/\/ens7-caba.infd.edu.ar\/sitio\/comision-directiva\/"},"modified":"2024-03-01T08:36:03","modified_gmt":"2024-03-01T11:36:03","slug":"comision-directiva","status":"publish","type":"page","link":"https:\/\/ens7-caba.infd.edu.ar\/sitio\/comision-directiva\/","title":{"rendered":"Comisi\u00f3n Directiva"},"content":{"rendered":"<div id=\"yiv9409846841Signature\">\n<p>La composici\u00f3n de la Comisi\u00f3n Directiva es la siguiente:<\/p>\n<table width=\"510\">\n<tbody>\n<tr>\n<td width=\"123\">PRESIDENTA<\/td>\n<td width=\"208\">LUC\u00cdA AGULLO<\/td>\n<td width=\"180\">MADRE DE PRIMARIA<\/td>\n<\/tr>\n<tr>\n<td width=\"123\">TESORERA<\/td>\n<td width=\"208\">MAR\u00cdA LAURA GARC\u00cdA<\/td>\n<td width=\"180\">MADRE DE PRIMARIA<\/td>\n<\/tr>\n<tr>\n<td width=\"123\"><\/td>\n<td width=\"208\"><\/td>\n<td width=\"180\"><\/td>\n<\/tr>\n<tr>\n<td width=\"123\">SECRETARIA GRAL.<\/td>\n<td width=\"208\">CLAUDIA COUTURIER<\/td>\n<td width=\"180\">ABUELA DE PRIMARIA<\/td>\n<\/tr>\n<tr>\n<td width=\"123\">SECRETARIA DE ACTAS<\/td>\n<td width=\"208\">ALEJANDRA CASSANI<\/td>\n<td width=\"180\">MADRE DE SECUNDARIO<\/td>\n<\/tr>\n<tr>\n<td width=\"123\">1\u00ba VOCAL<\/td>\n<td width=\"208\">CAROLINA BRAMBILLA<\/td>\n<td width=\"180\">MADRE DE PRIMARIA<\/td>\n<\/tr>\n<tr>\n<td width=\"123\">2\u00baVOCAL<\/td>\n<td width=\"208\">MACARENA COUSO<\/td>\n<td width=\"180\">MADRE DE INICIAL<\/td>\n<\/tr>\n<tr>\n<td width=\"123\">3\u00baVOCAL<\/td>\n<td width=\"208\">CINTIA VALERIA FERN\u00c1NDEZ<\/td>\n<td width=\"180\">MADRE DE PRIMARIA<\/td>\n<\/tr>\n<tr>\n<td width=\"123\">4\u00baVOCAL<\/td>\n<td width=\"208\">LUCAS MARTELLI<\/td>\n<td width=\"180\">PADRE DE PRIMARIA<\/td>\n<\/tr>\n<\/tbody>\n<\/table>\n<p>Se suman como vocales suplentes:<\/p>\n<table width=\"510\">\n<tbody>\n<tr>\n<td width=\"101\">1\u00ba VOCAL SUPLENTE<\/td>\n<td width=\"229\">DOMINGO BENINCASA<\/td>\n<td width=\"180\">PADRE DE INICIAL Y PRIMARIA<\/td>\n<\/tr>\n<tr>\n<td width=\"101\">2\u00ba VOCAL SUPLENTE<\/td>\n<td width=\"229\">SANTIAGO P\u00c9REZ VILLAMIL<\/td>\n<td width=\"180\">ESTUDIANTE DE TERCIARIO<\/td>\n<\/tr>\n<tr>\n<td width=\"101\"><\/td>\n<td width=\"229\"><\/td>\n<td width=\"180\"><\/td>\n<\/tr>\n<\/tbody>\n<\/table>\n<p>La Comisi\u00f3n Revisora de Cuentas est\u00e1 formada por:<\/p>\n<table width=\"510\">\n<tbody>\n<tr>\n<td width=\"101\">TITULAR<\/td>\n<td width=\"229\">MARISA L\u00d3PEZ<\/td>\n<td width=\"180\">MADRE DE SECUNDARIO<\/td>\n<\/tr>\n<tr>\n<td width=\"101\">TITULAR<\/td>\n<td width=\"229\">PABLO BARRIOS<\/td>\n<td width=\"180\">PADRE DE PRIMARIO<\/td>\n<\/tr>\n<tr>\n<td width=\"101\"><\/td>\n<td width=\"229\"><\/td>\n<td width=\"180\"><\/td>\n<\/tr>\n<\/tbody>\n<\/table>\n<p>Se conformaron dos comisiones de trabajo.<\/p>\n<p>Comisi\u00f3n de Becas:<\/p>\n<table width=\"409\">\n<tbody>\n<tr>\n<td width=\"229\">MACARENA COUSO<\/td>\n<td width=\"180\"><\/td>\n<\/tr>\n<tr>\n<td width=\"229\">CECILIA JODAR<\/td>\n<td width=\"180\"><\/td>\n<\/tr>\n<tr>\n<td width=\"229\">ALEJANDRA CASSANI<\/td>\n<td width=\"180\"><\/td>\n<\/tr>\n<\/tbody>\n<\/table>\n<p>Comisi\u00f3n de Comedor:<\/p>\n<table width=\"409\">\n<tbody>\n<tr>\n<td width=\"229\">DOMINGO BENINCASA<\/td>\n<td width=\"180\"><\/td>\n<\/tr>\n<tr>\n<td width=\"229\">M\u00d3NICA ALONSO<\/td>\n<td width=\"180\"><\/td>\n<\/tr>\n<tr>\n<td width=\"229\">CECILIA JODAR<\/td>\n<td width=\"180\"><\/td>\n<\/tr>\n<\/tbody>\n<\/table>\n<p><strong>\u00bfC\u00f3mo se puede participar de la Coope? <\/strong><\/p>\n<ul>\n<li>Con el aporte de la <a href=\"https:\/\/ens7-caba.infd.edu.ar\/sitio\/cuota-cooperadora\/\">Cuota Social<\/a>.<\/li>\n<li>Sum\u00e1ndose a las acciones que llevamos adelante, como por ejemplo los <a href=\"https:\/\/view.genial.ly\/5faf317d75f2950d452c87db\/presentation-merendonens72020\"><em>merendones<\/em><\/a> o <a href=\"https:\/\/www.facebook.com\/cooperadoraens7\/photos\/659042928147909\">las campa\u00f1as solidarias<\/a>, la puesta a punto de art\u00edculos para <a href=\"https:\/\/drive.google.com\/file\/d\/1xPg73Kw1V1N9OWfFZTayE7y8JEjn7Z4r\/view?usp=sharing\">repartir<\/a>.<\/li>\n<li>Siendo parte de alguna comisi\u00f3n de trabajo.<\/li>\n<li>Proponiendo alguna idea.<\/li>\n<li><a href=\"https:\/\/drive.google.com\/file\/d\/1P6OjxHm34xTf_dcEhWVyyjC137ky0zV6\/view?usp=sharing\">Ayud\u00e1ndonos<\/a> a forrar cajas, hacer inventario, juntar <a href=\"https:\/\/www.facebook.com\/cooperadoraens7\/photos\/756586331726901\">art\u00edculos<\/a> que nos <a href=\"https:\/\/www.instagram.com\/p\/CMDXOTEAlVK\/\">hacen falta<\/a>.<\/li>\n<li>Buscar presupuestos cuando tenemos que comprar algo.<\/li>\n<\/ul>\n<p><strong>\u00bfLleva mucho tiempo ser parte de la Coope? <\/strong><\/p>\n<p>El tiempo que se invierte es el que pueda destinar cada persona que se suma. Hay muchas personas que participan de acciones concretas y que no son parte de la Comisi\u00f3n Directiva (CD). La CD est\u00e1 conformada por socias y socios activos, esto es, que tengan su cuota al d\u00eda. En nuestra escuela las reuniones de CD son abiertas, haciendo la salvedad de que quienes votan son les integrantes de la misma, sin embargo voz tenemos todes. Para ver las actas de las reuniones, click <a href=\"https:\/\/drive.google.com\/drive\/u\/1\/folders\/1lQ17n4T6mEV97aWNzcnZLeJwD-YFgY-m\">aqu\u00ed<\/a>.<\/p>\n<p>Nos encuentran en Instagram y Facebook como @cooperadoraens7 y por email\u00a0 <a href=\"mailto:cooperadora.ens7de2@bue.edu.ar\">cooperadora.ens7de2@bue.edu.ar<\/a><\/p>\n<\/div>\n<div><\/div>\n<div><a href=\"https:\/\/drive.google.com\/drive\/folders\/1lQ17n4T6mEV97aWNzcnZLeJwD-YFgY-m?usp=sharing\">Actas de reuniones de Comisi\u00f3n Directiva<\/a><\/div>\n<div><\/div>\n<div>\n<div style=\"width: 640px;\" class=\"wp-video\"><!--[if lt IE 9]><script>document.createElement('video');<\/script><![endif]-->\n<video class=\"wp-video-shortcode\" id=\"video-998-1\" width=\"640\" height=\"360\" preload=\"metadata\" controls=\"controls\"><source type=\"video\/mp4\" src=\"https:\/\/ens7-caba.infd.edu.ar\/aula\/archivos\/repositorio\/\/4000\/4147\/VID-20200821-WA0001.mp4?_=1\" \/><a href=\"https:\/\/ens7-caba.infd.edu.ar\/aula\/archivos\/repositorio\/\/4000\/4147\/VID-20200821-WA0001.mp4\">https:\/\/ens7-caba.infd.edu.ar\/aula\/archivos\/repositorio\/\/4000\/4147\/VID-20200821-WA0001.mp4<\/a><\/video><\/div>\n<\/div>\n<div><\/div>\n<div id=\"yiv9409846841Signature\">\n<div><img decoding=\"async\" class=\"yiv9409846841EmojiInsert\" src=\"https:\/\/dl-mail.ymail.com\/ws\/download\/mailboxes\/@.id==VjN-FU0RqBipg-vRghy1wzl1bSmLi9E1fWcUSOll2OtAJUlsLX31cFX692X7b9T-zgeVOKwzrPLkXxnY1UUTtiM_6A\/messages\/@.id==AAJv00RnM2lrXS8mYAlmQM8079M\/content\/parts\/@.id==2\/raw?appid=YMailNorrin&amp;ymreqid=97206a2d-5263-9ae7-1c3b-91000501c600&amp;token=zitEzqOML3j84e6ealFTT5U7-km5qEQF52lp7AcCuBaLOYaiZU_2W0KrglVd6pkv_dc19nM4iUnmks3IY9NAIO3GBnS1qTd0aLqr-fSoWxt2myexyCwSLjQIh9ejPKK0\" \/><\/div>\n<\/div>\n","protected":false},"excerpt":{"rendered":"<p>La composici\u00f3n de la Comisi\u00f3n Directiva es la siguiente: PRESIDENTA LUC\u00cdA AGULLO MADRE DE PRIMARIA TESORERA MAR\u00cdA LAURA GARC\u00cdA MADRE DE PRIMARIA SECRETARIA GRAL. CLAUDIA COUTURIER ABUELA DE PRIMARIA SECRETARIA DE ACTAS ALEJANDRA CASSANI MADRE DE SECUNDARIO 1\u00ba VOCAL CAROLINA BRAMBILLA MADRE DE PRIMARIA 2\u00baVOCAL MACARENA COUSO MADRE DE INICIAL 3\u00baVOCAL CINTIA VALERIA FERN\u00c1NDEZ MADRE &#8230; <a title=\"Comisi\u00f3n Directiva\" class=\"read-more\" href=\"https:\/\/ens7-caba.infd.edu.ar\/sitio\/comision-directiva\/\" aria-label=\"More on Comisi\u00f3n Directiva\">[+]<\/a><\/p>\n","protected":false},"author":2274,"featured_media":0,"parent":0,"menu_order":0,"comment_status":"closed","ping_status":"closed","template":"","meta":[],"acf":[],"_links":{"self":[{"href":"https:\/\/ens7-caba.infd.edu.ar\/sitio\/wp-json\/wp\/v2\/pages\/998"}],"collection":[{"href":"https:\/\/ens7-caba.infd.edu.ar\/sitio\/wp-json\/wp\/v2\/pages"}],"about":[{"href":"https:\/\/ens7-caba.infd.edu.ar\/sitio\/wp-json\/wp\/v2\/types\/page"}],"author":[{"embeddable":true,"href":"https:\/\/ens7-caba.infd.edu.ar\/sitio\/wp-json\/wp\/v2\/users\/2274"}],"replies":[{"embeddable":true,"href":"https:\/\/ens7-caba.infd.edu.ar\/sitio\/wp-json\/wp\/v2\/comments?post=998"}],"version-history":[{"count":7,"href":"https:\/\/ens7-caba.infd.edu.ar\/sitio\/wp-json\/wp\/v2\/pages\/998\/revisions"}],"predecessor-version":[{"id":4127,"href":"https:\/\/ens7-caba.infd.edu.ar\/sitio\/wp-json\/wp\/v2\/pages\/998\/revisions\/4127"}],"wp:attachment":[{"href":"https:\/\/ens7-caba.infd.edu.ar\/sitio\/wp-json\/wp\/v2\/media?parent=998"}],"curies":[{"name":"wp","href":"https:\/\/api.w.org\/{rel}","templated":true}]}}